{"id":815,"date":"2025-05-13T18:13:00","date_gmt":"2025-05-13T18:13:00","guid":{"rendered":"https:\/\/transferpalma.com\/?page_id=815"},"modified":"2025-12-13T19:21:53","modified_gmt":"2025-12-13T19:21:53","slug":"santa-ponsa","status":"publish","type":"page","link":"https:\/\/transferpalma.com\/eng\/santa-ponsa\/","title":{"rendered":"Santa Ponsa"},"content":{"rendered":"<div data-elementor-type=\"wp-page\" data-elementor-id=\"815\" class=\"elementor elementor-815\" data-elementor-post-type=\"page\">\n\t\t\t\t<div class=\"elementor-element elementor-element-727816b e-con-full e-flex e-con e-parent\" data-id=\"727816b\" data-element_type=\"container\">\n\t\t<div class=\"elementor-element elementor-element-3a98b831 e-con-full e-flex e-con e-child\" data-id=\"3a98b831\" data-element_type=\"container\">\n\t\t\t\t<div class=\"elementor-element elementor-element-3d57cdda elementor-widget__width-inherit elementor-widget elementor-widget-image\" data-id=\"3d57cdda\" data-element_type=\"widget\" data-widget_type=\"image.default\">\n\t\t\t\t<div class=\"elementor-widget-container\">\n\t\t\t\t\t\t\t\t\t\t\t\t\t\t\t<img fetchpriority=\"high\" decoding=\"async\" width=\"1920\" height=\"600\" src=\"https:\/\/transferpalma.com\/wp-content\/uploads\/2025\/05\/banner-santa-ponsa.jpg\" class=\"attachment-full size-full wp-image-830\" alt=\"\" srcset=\"https:\/\/transferpalma.com\/wp-content\/uploads\/2025\/05\/banner-santa-ponsa.jpg 1920w, https:\/\/transferpalma.com\/wp-content\/uploads\/2025\/05\/banner-santa-ponsa-300x94.jpg 300w, https:\/\/transferpalma.com\/wp-content\/uploads\/2025\/05\/banner-santa-ponsa-1024x320.jpg 1024w, https:\/\/transferpalma.com\/wp-content\/uploads\/2025\/05\/banner-santa-ponsa-768x240.jpg 768w, https:\/\/transferpalma.com\/wp-content\/uploads\/2025\/05\/banner-santa-ponsa-1536x480.jpg 1536w, https:\/\/transferpalma.com\/wp-content\/uploads\/2025\/05\/banner-santa-ponsa-600x188.jpg 600w\" sizes=\"(max-width: 1920px) 100vw, 1920px\" \/>\t\t\t\t\t\t\t\t\t\t\t\t\t\t\t<\/div>\n\t\t\t\t<\/div>\n\t\t\t\t<\/div>\n\t\t<div class=\"elementor-element elementor-element-25de9e03 e-flex e-con-boxed e-con e-child\" data-id=\"25de9e03\" data-element_type=\"container\">\n\t\t\t\t\t<div class=\"e-con-inner\">\n\t\t\t\t<div class=\"elementor-element elementor-element-337d85b elementor-widget elementor-widget-text-editor\" data-id=\"337d85b\" data-element_type=\"widget\" data-widget_type=\"text-editor.default\">\n\t\t\t\t<div class=\"elementor-widget-container\">\n\t\t\t\t\t\t\t\t\t<h1 class=\"elementor-heading-title elementor-size-default\" style=\"font-size: 28px; font-weight: 600; color: #1072b5;\">Cala Santa Ponsa awaits you<\/h1>\t\t\t\t\t\t\t\t<\/div>\n\t\t\t\t<\/div>\n\t\t\t\t<div class=\"elementor-element elementor-element-53bfb7d4 elementor-widget elementor-widget-text-editor\" data-id=\"53bfb7d4\" data-element_type=\"widget\" data-widget_type=\"text-editor.default\">\n\t\t\t\t<div class=\"elementor-widget-container\">\n\t\t\t\t\t\t\t\t\t<p class=\"translation-block\">Cala Santa Ponsa, located on the southwest coast of Mallorca, attracts a large share of international tourists thanks to its beach, which forms a protected bay with a long stretch of white sand and crystal-clear waters. Easily accessible, the waters are safe, shallow, and calm, perfect for families and water activities.<\/p>\t\t\t\t\t\t\t\t<\/div>\n\t\t\t\t<\/div>\n\t\t\t\t\t<\/div>\n\t\t\t\t<\/div>\n\t\t\t\t<\/div>\n\t\t<div class=\"elementor-element elementor-element-552e7a7e e-flex e-con-boxed e-con e-parent\" data-id=\"552e7a7e\" data-element_type=\"container\">\n\t\t\t\t\t<div class=\"e-con-inner\">\n\t\t<div class=\"elementor-element elementor-element-498af4cd e-con-full e-flex e-con e-child\" data-id=\"498af4cd\" data-element_type=\"container\">\n\t\t<div class=\"elementor-element elementor-element-72ac9f57 e-con-full e-flex e-con e-child\" data-id=\"72ac9f57\" data-element_type=\"container\">\n\t\t\t\t<div class=\"elementor-element elementor-element-7a42931f elementor-widget elementor-widget-text-editor\" data-id=\"7a42931f\" data-element_type=\"widget\" data-widget_type=\"text-editor.default\">\n\t\t\t\t<div class=\"elementor-widget-container\">\n\t\t\t\t\t\t\t\t\t<h2 class=\"elementor-heading-title elementor-size-default\" style=\"font-size: 24px; font-weight: 600;\">Where to stay in Santa Ponsa?<\/h2>\t\t\t\t\t\t\t\t<\/div>\n\t\t\t\t<\/div>\n\t\t\t\t<\/div>\n\t\t<div class=\"elementor-element elementor-element-4681b15f e-con-full e-flex e-con e-child\" data-id=\"4681b15f\" data-element_type=\"container\">\n\t\t\t\t<div class=\"elementor-element elementor-element-320b273b elementor-widget elementor-widget-text-editor\" data-id=\"320b273b\" data-element_type=\"widget\" data-widget_type=\"text-editor.default\">\n\t\t\t\t<div class=\"elementor-widget-container\">\n\t\t\t\t\t\t\t\t\t<ul><li><span class=\"elementor-icon-list-text\">Zafiro Rey Don Jaime<\/span><\/li><li><span class=\"elementor-icon-list-text\">Plaza Santa Ponsa Boutique Hotel<\/span><\/li><li>Sentido Punta del Mar<\/li><li>Senses Santa Posa<\/li><li>Club Santa Ponsa<\/li><li>Globales Playa Santa Ponsa<\/li><li>Holiday Park Apartaments<\/li><\/ul>\t\t\t\t\t\t\t\t<\/div>\n\t\t\t\t<\/div>\n\t\t\t\t<\/div>\n\t\t\t\t<\/div>\n\t\t<div class=\"elementor-element elementor-element-407101f9 e-con-full e-flex e-con e-child\" data-id=\"407101f9\" data-element_type=\"container\">\n\t\t<div class=\"elementor-element elementor-element-2514fa22 e-con-full e-flex e-con e-child\" data-id=\"2514fa22\" data-element_type=\"container\">\n\t\t\t\t<div class=\"elementor-element elementor-element-196b300a elementor-widget elementor-widget-text-editor\" data-id=\"196b300a\" data-element_type=\"widget\" data-widget_type=\"text-editor.default\">\n\t\t\t\t<div class=\"elementor-widget-container\">\n\t\t\t\t\t\t\t\t\t<h2 class=\"elementor-heading-title elementor-size-default\" style=\"font-size: 24px; font-weight: 600;\">Where to eat in Santa Ponsa?<\/h2>\t\t\t\t\t\t\t\t<\/div>\n\t\t\t\t<\/div>\n\t\t\t\t<div class=\"elementor-element elementor-element-67fc6770 elementor-widget elementor-widget-image\" data-id=\"67fc6770\" data-element_type=\"widget\" data-widget_type=\"image.default\">\n\t\t\t\t<div class=\"elementor-widget-container\">\n\t\t\t\t\t\t\t\t\t\t\t\t\t\t\t<img decoding=\"async\" width=\"605\" height=\"220\" src=\"https:\/\/transferpalma.com\/wp-content\/uploads\/2025\/05\/dining-lp-1.jpg\" class=\"attachment-large size-large wp-image-444\" alt=\"\" srcset=\"https:\/\/transferpalma.com\/wp-content\/uploads\/2025\/05\/dining-lp-1.jpg 605w, https:\/\/transferpalma.com\/wp-content\/uploads\/2025\/05\/dining-lp-1-600x218.jpg 600w, https:\/\/transferpalma.com\/wp-content\/uploads\/2025\/05\/dining-lp-1-300x109.jpg 300w\" sizes=\"(max-width: 605px) 100vw, 605px\" \/>\t\t\t\t\t\t\t\t\t\t\t\t\t\t\t<\/div>\n\t\t\t\t<\/div>\n\t\t\t\t<\/div>\n\t\t<div class=\"elementor-element elementor-element-2d74d2d1 e-con-full e-flex e-con e-child\" data-id=\"2d74d2d1\" data-element_type=\"container\">\n\t\t\t\t<div class=\"elementor-element elementor-element-46f4e6fe elementor-widget elementor-widget-text-editor\" data-id=\"46f4e6fe\" data-element_type=\"widget\" data-widget_type=\"text-editor.default\">\n\t\t\t\t<div class=\"elementor-widget-container\">\n\t\t\t\t\t\t\t\t\t<ul><li><span class=\"elementor-icon-list-text\">7Fuegos<\/span><\/li><li>Empatheis Steak House &amp; Cafe Beach Bar<\/li><li>Restaurante Las Olas<\/li><li>Jackie\u00b4s<\/li><li>II Vivo Italian Urban Style<\/li><li>Las Adelfas<\/li><li>Heidi Schnitzelhuette<\/li><li>Tr\u00e4umeria Son Moll<\/li><li>Restaurante del Mar<\/li><\/ul>\t\t\t\t\t\t\t\t<\/div>\n\t\t\t\t<\/div>\n\t\t\t\t<\/div>\n\t\t\t\t<\/div>\n\t\t\t\t\t<\/div>\n\t\t\t\t<\/div>\n\t\t<div class=\"elementor-element elementor-element-4b26476 e-flex e-con-boxed e-con e-parent\" data-id=\"4b26476\" data-element_type=\"container\">\n\t\t\t\t\t<div class=\"e-con-inner\">\n\t\t\t\t<div class=\"elementor-element elementor-element-5ba29fec elementor-widget elementor-widget-text-editor\" data-id=\"5ba29fec\" data-element_type=\"widget\" data-widget_type=\"text-editor.default\">\n\t\t\t\t<div class=\"elementor-widget-container\">\n\t\t\t\t\t\t\t\t\t<h1 class=\"elementor-heading-title elementor-size-default\" style=\"font-size: 28px; font-weight: 600; color: #1072b5;\">Book your hotel in Santa Ponsa now<\/h1>\t\t\t\t\t\t\t\t<\/div>\n\t\t\t\t<\/div>\n\t\t\t\t<div class=\"elementor-element elementor-element-351f85da elementor-widget elementor-widget-text-editor\" data-id=\"351f85da\" data-element_type=\"widget\" data-widget_type=\"text-editor.default\">\n\t\t\t\t<div class=\"elementor-widget-container\">\n\t\t\t\t\t\t\t\t\t<div class=\"elementor-element elementor-element-a472309 elementor-widget elementor-widget-text-editor\" data-id=\"a472309\" data-element_type=\"widget\" data-widget_type=\"text-editor.default\"><div class=\"elementor-widget-container\"><div class=\"elementor-text-editor elementor-clearfix\"><div class=\"elementor-element elementor-element-b2a5a10 elementor-widget elementor-widget-text-editor\" data-id=\"b2a5a10\" data-element_type=\"widget\" data-widget_type=\"text-editor.default\"><div class=\"elementor-widget-container\"><div class=\"elementor-text-editor elementor-clearfix\"><p>We show you the hotels available in Santa Ponsa so you can book your stay in Palma de Mallorca at the best price.\u00a0<\/p><\/div><\/div><\/div><\/div><\/div><\/div>\t\t\t\t\t\t\t\t<\/div>\n\t\t\t\t<\/div>\n\t\t\t\t\t<\/div>\n\t\t\t\t<\/div>\n\t\t<div class=\"elementor-element elementor-element-38160595 e-flex e-con-boxed e-con e-parent\" data-id=\"38160595\" data-element_type=\"container\" data-settings=\"{&quot;background_background&quot;:&quot;classic&quot;}\">\n\t\t\t\t\t<div class=\"e-con-inner\">\n\t\t<div class=\"elementor-element elementor-element-50417c6b e-con-full e-flex e-con e-child\" data-id=\"50417c6b\" data-element_type=\"container\">\n\t\t\t\t<div class=\"elementor-element elementor-element-367ae9c6 elementor-widget elementor-widget-text-editor\" data-id=\"367ae9c6\" data-element_type=\"widget\" data-widget_type=\"text-editor.default\">\n\t\t\t\t<div class=\"elementor-widget-container\">\n\t\t\t\t\t\t\t\t\t<div class=\"elementor-element elementor-element-64aeb9b6 elementor-view-default elementor-position-top elementor-vertical-align-top elementor-widget elementor-widget-icon-box\" data-id=\"64aeb9b6\" data-element_type=\"widget\" data-widget_type=\"icon-box.default\"><div class=\"elementor-widget-container\"><div class=\"elementor-icon-box-wrapper\"><div class=\"elementor-icon-box-content\"><h3 class=\"elementor-icon-box-title\" style=\"color: #ffffff;\"><strong>What to see in Santa Ponsa<\/strong><\/h3><\/div><\/div><\/div><\/div><p><b>Santa Ponsa Windmill<br \/><\/b>An iconic landmark of Mallorca, restored to showcase how it looked several centuries ago. For hiking enthusiasts, there is a scenic trail leading up to the windmill.<\/p><p><b>Discovery Cross:<br \/><\/b>From here, you can enjoy stunning views of the bay and the sea, with breathtaking sunsets. This historic site marks the landing of the troops of King James I, the Conqueror, and the monument commemorates his arrival in Mallorca.<\/p><p><b>Jungle Park Mallorca:<br \/><\/b>A large adventure forest park with zip lines, set in a pine forest, featuring rope courses and various obstacles.<\/p><p><b>Port Adriano:<br \/><\/b>One of the most modern ports in the Mediterranean, designed by Philippe Starck.<\/p><p><b>Santa Posa Beach:<br \/><\/b>It is the main beach of Santa Ponsa, a very popular tourist area, located between two rocky points. At 1,300 meters long, it is one of the longest beaches on the island and stands out for its high levels of cleanliness and ecological responsibility.<\/p>\t\t\t\t\t\t\t\t<\/div>\n\t\t\t\t<\/div>\n\t\t\t\t<\/div>\n\t\t\t\t\t<\/div>\n\t\t\t\t<\/div>\n\t\t\t\t<\/div>","protected":false},"excerpt":{"rendered":"<p>Cala Santa Ponsa te espera Situada en la costa suroeste de\u00a0Mallorca,\u00a0Santa Ponsa\u00a0atrae a una gran parte de turismo internacional entre otras cosas por su playa que forma una bah\u00eda protegida con una larga extensi\u00f3n de arena blanca y aguas cristalinas. De f\u00e1cil acceso, aguas seguras poco profundas y tranquilas. \u00bfD\u00f3nde alojarse en Santa Ponsa? Zafiro [&hellip;]<\/p>","protected":false},"author":1,"featured_media":0,"parent":0,"menu_order":0,"comment_status":"closed","ping_status":"closed","template":"elementor_header_footer","meta":{"_eb_attr":"","footnotes":""},"class_list":["post-815","page","type-page","status-publish","hentry"],"_links":{"self":[{"href":"https:\/\/transferpalma.com\/eng\/wp-json\/wp\/v2\/pages\/815","targetHints":{"allow":["GET"]}}],"collection":[{"href":"https:\/\/transferpalma.com\/eng\/wp-json\/wp\/v2\/pages"}],"about":[{"href":"https:\/\/transferpalma.com\/eng\/wp-json\/wp\/v2\/types\/page"}],"author":[{"embeddable":true,"href":"https:\/\/transferpalma.com\/eng\/wp-json\/wp\/v2\/users\/1"}],"replies":[{"embeddable":true,"href":"https:\/\/transferpalma.com\/eng\/wp-json\/wp\/v2\/comments?post=815"}],"version-history":[{"count":7,"href":"https:\/\/transferpalma.com\/eng\/wp-json\/wp\/v2\/pages\/815\/revisions"}],"predecessor-version":[{"id":1223,"href":"https:\/\/transferpalma.com\/eng\/wp-json\/wp\/v2\/pages\/815\/revisions\/1223"}],"wp:attachment":[{"href":"https:\/\/transferpalma.com\/eng\/wp-json\/wp\/v2\/media?parent=815"}],"curies":[{"name":"wp","href":"https:\/\/api.w.org\/{rel}","templated":true}]}}