{"id":592,"date":"2025-05-08T20:50:48","date_gmt":"2025-05-08T20:50:48","guid":{"rendered":"https:\/\/transferpalma.com\/?page_id=592"},"modified":"2025-12-13T19:35:08","modified_gmt":"2025-12-13T19:35:08","slug":"maioris","status":"publish","type":"page","link":"https:\/\/transferpalma.com\/eng\/maioris\/","title":{"rendered":"Maioris"},"content":{"rendered":"<div data-elementor-type=\"wp-page\" data-elementor-id=\"592\" class=\"elementor elementor-592\" data-elementor-post-type=\"page\">\n\t\t\t\t<div class=\"elementor-element elementor-element-4f2cd7d1 e-con-full e-flex e-con e-parent\" data-id=\"4f2cd7d1\" data-element_type=\"container\">\n\t\t<div class=\"elementor-element elementor-element-4b9244ff e-con-full e-flex e-con e-child\" data-id=\"4b9244ff\" data-element_type=\"container\">\n\t\t\t\t<div class=\"elementor-element elementor-element-1715d3e7 elementor-widget__width-inherit elementor-widget elementor-widget-image\" data-id=\"1715d3e7\" data-element_type=\"widget\" data-widget_type=\"image.default\">\n\t\t\t\t<div class=\"elementor-widget-container\">\n\t\t\t\t\t\t\t\t\t\t\t\t\t\t\t<img fetchpriority=\"high\" decoding=\"async\" width=\"1920\" height=\"600\" src=\"https:\/\/transferpalma.com\/wp-content\/uploads\/2025\/05\/banner-maioris.jpg\" class=\"attachment-full size-full wp-image-601\" alt=\"\" srcset=\"https:\/\/transferpalma.com\/wp-content\/uploads\/2025\/05\/banner-maioris.jpg 1920w, https:\/\/transferpalma.com\/wp-content\/uploads\/2025\/05\/banner-maioris-600x188.jpg 600w, https:\/\/transferpalma.com\/wp-content\/uploads\/2025\/05\/banner-maioris-300x94.jpg 300w, https:\/\/transferpalma.com\/wp-content\/uploads\/2025\/05\/banner-maioris-1024x320.jpg 1024w, https:\/\/transferpalma.com\/wp-content\/uploads\/2025\/05\/banner-maioris-768x240.jpg 768w, https:\/\/transferpalma.com\/wp-content\/uploads\/2025\/05\/banner-maioris-1536x480.jpg 1536w\" sizes=\"(max-width: 1920px) 100vw, 1920px\" \/>\t\t\t\t\t\t\t\t\t\t\t\t\t\t\t<\/div>\n\t\t\t\t<\/div>\n\t\t\t\t<\/div>\n\t\t<div class=\"elementor-element elementor-element-2be7afcf e-flex e-con-boxed e-con e-child\" data-id=\"2be7afcf\" data-element_type=\"container\">\n\t\t\t\t\t<div class=\"e-con-inner\">\n\t\t\t\t<div class=\"elementor-element elementor-element-32782f55 elementor-widget elementor-widget-text-editor\" data-id=\"32782f55\" data-element_type=\"widget\" data-widget_type=\"text-editor.default\">\n\t\t\t\t<div class=\"elementor-widget-container\">\n\t\t\t\t\t\t\t\t\t<h1 class=\"elementor-heading-title elementor-size-default\" style=\"font-size: 28px; font-weight: 600; color: #1072b5;\">Maioris awaits you<\/h1>\t\t\t\t\t\t\t\t<\/div>\n\t\t\t\t<\/div>\n\t\t\t\t<div class=\"elementor-element elementor-element-502c7b9a elementor-widget elementor-widget-text-editor\" data-id=\"502c7b9a\" data-element_type=\"widget\" data-widget_type=\"text-editor.default\">\n\t\t\t\t<div class=\"elementor-widget-container\">\n\t\t\t\t\t\t\t\t\t<p class=\"translation-block\">Maioris is the name of a residential area that gives its name to this stretch of coastline. It is a large coastal area with numerous swimming spots, mostly rocky, although the furthest one features sandy shores. It is a beautiful and protected location where boats often anchor.<\/p>\t\t\t\t\t\t\t\t<\/div>\n\t\t\t\t<\/div>\n\t\t\t\t\t<\/div>\n\t\t\t\t<\/div>\n\t\t\t\t<\/div>\n\t\t<div class=\"elementor-element elementor-element-6ebf4821 e-flex e-con-boxed e-con e-parent\" data-id=\"6ebf4821\" data-element_type=\"container\">\n\t\t\t\t\t<div class=\"e-con-inner\">\n\t\t<div class=\"elementor-element elementor-element-52215062 e-con-full e-flex e-con e-child\" data-id=\"52215062\" data-element_type=\"container\">\n\t\t<div class=\"elementor-element elementor-element-67aa0aaa e-con-full e-flex e-con e-child\" data-id=\"67aa0aaa\" data-element_type=\"container\">\n\t\t\t\t<div class=\"elementor-element elementor-element-4cecd31a elementor-widget elementor-widget-text-editor\" data-id=\"4cecd31a\" data-element_type=\"widget\" data-widget_type=\"text-editor.default\">\n\t\t\t\t<div class=\"elementor-widget-container\">\n\t\t\t\t\t\t\t\t\t<h2 class=\"elementor-heading-title elementor-size-default\" style=\"font-size: 24px; font-weight: 600;\">Where to stay in Maioris?<\/h2>\t\t\t\t\t\t\t\t<\/div>\n\t\t\t\t<\/div>\n\t\t\t\t<\/div>\n\t\t<div class=\"elementor-element elementor-element-8f18e0d e-con-full e-flex e-con e-child\" data-id=\"8f18e0d\" data-element_type=\"container\">\n\t\t\t\t<div class=\"elementor-element elementor-element-6c6d6559 elementor-widget elementor-widget-text-editor\" data-id=\"6c6d6559\" data-element_type=\"widget\" data-widget_type=\"text-editor.default\">\n\t\t\t\t<div class=\"elementor-widget-container\">\n\t\t\t\t\t\t\t\t\t<ul><li><span class=\"elementor-icon-list-text\">OLA Hotel Maioris<\/span><\/li><li>Hotel Best Delta<\/li><li>Sun Club El Dorado<\/li><li>Hotel Sa Torre Mallorca Resort<\/li><li>Agroturismo Puig de Ros d\u2019Alt<\/li><li>B&amp;L Bed &amp; Breakfast<\/li><li>Zara<\/li><\/ul>\t\t\t\t\t\t\t\t<\/div>\n\t\t\t\t<\/div>\n\t\t\t\t<\/div>\n\t\t\t\t<\/div>\n\t\t<div class=\"elementor-element elementor-element-7a355d9d e-con-full e-flex e-con e-child\" data-id=\"7a355d9d\" data-element_type=\"container\">\n\t\t<div class=\"elementor-element elementor-element-46085e70 e-con-full e-flex e-con e-child\" data-id=\"46085e70\" data-element_type=\"container\">\n\t\t\t\t<div class=\"elementor-element elementor-element-90aecf9 elementor-widget elementor-widget-text-editor\" data-id=\"90aecf9\" data-element_type=\"widget\" data-widget_type=\"text-editor.default\">\n\t\t\t\t<div class=\"elementor-widget-container\">\n\t\t\t\t\t\t\t\t\t<h2 class=\"elementor-heading-title elementor-size-default\" style=\"font-size: 24px; font-weight: 600;\">Where to eat in Maioris?<\/h2>\t\t\t\t\t\t\t\t<\/div>\n\t\t\t\t<\/div>\n\t\t\t\t<div class=\"elementor-element elementor-element-1b397754 elementor-widget elementor-widget-image\" data-id=\"1b397754\" data-element_type=\"widget\" data-widget_type=\"image.default\">\n\t\t\t\t<div class=\"elementor-widget-container\">\n\t\t\t\t\t\t\t\t\t\t\t\t\t\t\t<img decoding=\"async\" width=\"605\" height=\"220\" src=\"https:\/\/transferpalma.com\/wp-content\/uploads\/2025\/05\/dining-lp-1.jpg\" class=\"attachment-large size-large wp-image-444\" alt=\"\" srcset=\"https:\/\/transferpalma.com\/wp-content\/uploads\/2025\/05\/dining-lp-1.jpg 605w, https:\/\/transferpalma.com\/wp-content\/uploads\/2025\/05\/dining-lp-1-600x218.jpg 600w, https:\/\/transferpalma.com\/wp-content\/uploads\/2025\/05\/dining-lp-1-300x109.jpg 300w\" sizes=\"(max-width: 605px) 100vw, 605px\" \/>\t\t\t\t\t\t\t\t\t\t\t\t\t\t\t<\/div>\n\t\t\t\t<\/div>\n\t\t\t\t<\/div>\n\t\t<div class=\"elementor-element elementor-element-7df79b63 e-con-full e-flex e-con e-child\" data-id=\"7df79b63\" data-element_type=\"container\">\n\t\t\t\t<div class=\"elementor-element elementor-element-3e4cbb18 elementor-widget elementor-widget-text-editor\" data-id=\"3e4cbb18\" data-element_type=\"widget\" data-widget_type=\"text-editor.default\">\n\t\t\t\t<div class=\"elementor-widget-container\">\n\t\t\t\t\t\t\t\t\t<ul><li><span class=\"elementor-icon-list-text\">Dimmock&#8217;s Healthy Burger<\/span><\/li><li>Mhares Sea Club<\/li><li>Piccolo Sogno<\/li><li>El Tantalo<\/li><li>Capitan Cook<\/li><li>Restaurante Tatami Sushi &amp; Wok<\/li><li>Restaurante Bar Andaluz<\/li><\/ul>\t\t\t\t\t\t\t\t<\/div>\n\t\t\t\t<\/div>\n\t\t\t\t<\/div>\n\t\t\t\t<\/div>\n\t\t\t\t\t<\/div>\n\t\t\t\t<\/div>\n\t\t<div class=\"elementor-element elementor-element-49feb6d2 e-flex e-con-boxed e-con e-parent\" data-id=\"49feb6d2\" data-element_type=\"container\">\n\t\t\t\t\t<div class=\"e-con-inner\">\n\t\t\t\t<div class=\"elementor-element elementor-element-2859496e elementor-widget elementor-widget-text-editor\" data-id=\"2859496e\" data-element_type=\"widget\" data-widget_type=\"text-editor.default\">\n\t\t\t\t<div class=\"elementor-widget-container\">\n\t\t\t\t\t\t\t\t\t<h1 class=\"elementor-heading-title elementor-size-default\" style=\"font-size: 28px; font-weight: 600; color: #1072b5;\">Book your hotel in Maioris now<\/h1>\t\t\t\t\t\t\t\t<\/div>\n\t\t\t\t<\/div>\n\t\t\t\t<div class=\"elementor-element elementor-element-6371b161 elementor-widget elementor-widget-text-editor\" data-id=\"6371b161\" data-element_type=\"widget\" data-widget_type=\"text-editor.default\">\n\t\t\t\t<div class=\"elementor-widget-container\">\n\t\t\t\t\t\t\t\t\t<p>We show you the hotels available in Maioris so you can book your stay in Palma de Mallorca at the best price.\u00a0<\/p>\t\t\t\t\t\t\t\t<\/div>\n\t\t\t\t<\/div>\n\t\t\t\t\t<\/div>\n\t\t\t\t<\/div>\n\t\t<div class=\"elementor-element elementor-element-3a5659da e-flex e-con-boxed e-con e-parent\" data-id=\"3a5659da\" data-element_type=\"container\" data-settings=\"{&quot;background_background&quot;:&quot;classic&quot;}\">\n\t\t\t\t\t<div class=\"e-con-inner\">\n\t\t<div class=\"elementor-element elementor-element-2ca4eef7 e-con-full e-flex e-con e-child\" data-id=\"2ca4eef7\" data-element_type=\"container\">\n\t\t\t\t<div class=\"elementor-element elementor-element-9c130e9 elementor-widget elementor-widget-text-editor\" data-id=\"9c130e9\" data-element_type=\"widget\" data-widget_type=\"text-editor.default\">\n\t\t\t\t<div class=\"elementor-widget-container\">\n\t\t\t\t\t\t\t\t\t<div class=\"elementor-element elementor-element-64aeb9b6 elementor-view-default elementor-position-top elementor-vertical-align-top elementor-widget elementor-widget-icon-box\" data-id=\"64aeb9b6\" data-element_type=\"widget\" data-widget_type=\"icon-box.default\"><div class=\"elementor-widget-container\"><div class=\"elementor-icon-box-wrapper\"><div class=\"elementor-icon-box-content\"><h3 class=\"elementor-icon-box-title\" style=\"color: #ffffff;\"><strong>What to see in Maioris<\/strong><\/h3><\/div><\/div><\/div><\/div><ul><li>Maioris Beach<\/li><li>Cala Vella<\/li><li>Golf Maioris<\/li><li>Cal\u00f3 des Oficials<\/li><\/ul>\t\t\t\t\t\t\t\t<\/div>\n\t\t\t\t<\/div>\n\t\t\t\t<\/div>\n\t\t\t\t\t<\/div>\n\t\t\t\t<\/div>\n\t\t\t\t<\/div>","protected":false},"excerpt":{"rendered":"<p>Maioris te espera Maioris\u00a0es el nombre de una urbanizaci\u00f3n por la cual se le ha dado nombre a la costa. Es una zona de costa muy grande con numerosas zonas de ba\u00f1o todas rocosas aunque la m\u00e1s lejana tiene arena. Lugar precioso y protegido donde suelen fondear barcos. \u00bfD\u00f3nde alojarse en Maioris? OLA Hotel Maioris [&hellip;]<\/p>","protected":false},"author":1,"featured_media":0,"parent":0,"menu_order":0,"comment_status":"closed","ping_status":"closed","template":"elementor_header_footer","meta":{"_eb_attr":"","footnotes":""},"class_list":["post-592","page","type-page","status-publish","hentry"],"_links":{"self":[{"href":"https:\/\/transferpalma.com\/eng\/wp-json\/wp\/v2\/pages\/592","targetHints":{"allow":["GET"]}}],"collection":[{"href":"https:\/\/transferpalma.com\/eng\/wp-json\/wp\/v2\/pages"}],"about":[{"href":"https:\/\/transferpalma.com\/eng\/wp-json\/wp\/v2\/types\/page"}],"author":[{"embeddable":true,"href":"https:\/\/transferpalma.com\/eng\/wp-json\/wp\/v2\/users\/1"}],"replies":[{"embeddable":true,"href":"https:\/\/transferpalma.com\/eng\/wp-json\/wp\/v2\/comments?post=592"}],"version-history":[{"count":4,"href":"https:\/\/transferpalma.com\/eng\/wp-json\/wp\/v2\/pages\/592\/revisions"}],"predecessor-version":[{"id":1262,"href":"https:\/\/transferpalma.com\/eng\/wp-json\/wp\/v2\/pages\/592\/revisions\/1262"}],"wp:attachment":[{"href":"https:\/\/transferpalma.com\/eng\/wp-json\/wp\/v2\/media?parent=592"}],"curies":[{"name":"wp","href":"https:\/\/api.w.org\/{rel}","templated":true}]}}