{"id":508,"date":"2025-05-06T03:20:29","date_gmt":"2025-05-06T03:20:29","guid":{"rendered":"https:\/\/transferpalma.com\/?page_id=508"},"modified":"2025-12-13T19:42:21","modified_gmt":"2025-12-13T19:42:21","slug":"cala-ratjada","status":"publish","type":"page","link":"https:\/\/transferpalma.com\/eng\/cala-ratjada\/","title":{"rendered":"Cala Ratjada"},"content":{"rendered":"<div data-elementor-type=\"wp-page\" data-elementor-id=\"508\" class=\"elementor elementor-508\" data-elementor-post-type=\"page\">\n\t\t\t\t<div class=\"elementor-element elementor-element-4d61606d e-con-full e-flex e-con e-parent\" data-id=\"4d61606d\" data-element_type=\"container\">\n\t\t<div class=\"elementor-element elementor-element-148c607f e-con-full e-flex e-con e-child\" data-id=\"148c607f\" data-element_type=\"container\">\n\t\t\t\t<div class=\"elementor-element elementor-element-59367024 elementor-widget__width-inherit elementor-widget elementor-widget-image\" data-id=\"59367024\" data-element_type=\"widget\" data-widget_type=\"image.default\">\n\t\t\t\t<div class=\"elementor-widget-container\">\n\t\t\t\t\t\t\t\t\t\t\t\t\t\t\t<img fetchpriority=\"high\" decoding=\"async\" width=\"1920\" height=\"600\" src=\"https:\/\/transferpalma.com\/wp-content\/uploads\/2025\/05\/banner-cala-ratjada.jpg\" class=\"attachment-full size-full wp-image-520\" alt=\"\" srcset=\"https:\/\/transferpalma.com\/wp-content\/uploads\/2025\/05\/banner-cala-ratjada.jpg 1920w, https:\/\/transferpalma.com\/wp-content\/uploads\/2025\/05\/banner-cala-ratjada-600x188.jpg 600w, https:\/\/transferpalma.com\/wp-content\/uploads\/2025\/05\/banner-cala-ratjada-300x94.jpg 300w, https:\/\/transferpalma.com\/wp-content\/uploads\/2025\/05\/banner-cala-ratjada-1024x320.jpg 1024w, https:\/\/transferpalma.com\/wp-content\/uploads\/2025\/05\/banner-cala-ratjada-768x240.jpg 768w, https:\/\/transferpalma.com\/wp-content\/uploads\/2025\/05\/banner-cala-ratjada-1536x480.jpg 1536w\" sizes=\"(max-width: 1920px) 100vw, 1920px\" \/>\t\t\t\t\t\t\t\t\t\t\t\t\t\t\t<\/div>\n\t\t\t\t<\/div>\n\t\t\t\t<\/div>\n\t\t<div class=\"elementor-element elementor-element-67f5a4d9 e-flex e-con-boxed e-con e-child\" data-id=\"67f5a4d9\" data-element_type=\"container\">\n\t\t\t\t\t<div class=\"e-con-inner\">\n\t\t\t\t<div class=\"elementor-element elementor-element-5e7cd616 elementor-widget elementor-widget-text-editor\" data-id=\"5e7cd616\" data-element_type=\"widget\" data-widget_type=\"text-editor.default\">\n\t\t\t\t<div class=\"elementor-widget-container\">\n\t\t\t\t\t\t\t\t\t<h1 class=\"elementor-heading-title elementor-size-default\" style=\"font-size: 28px; font-weight: 600; color: #1072b5;\">Cala Ratjada awaits you<\/h1>\t\t\t\t\t\t\t\t<\/div>\n\t\t\t\t<\/div>\n\t\t\t\t<div class=\"elementor-element elementor-element-418a02c0 elementor-widget elementor-widget-text-editor\" data-id=\"418a02c0\" data-element_type=\"widget\" data-widget_type=\"text-editor.default\">\n\t\t\t\t<div class=\"elementor-widget-container\">\n\t\t\t\t\t\t\t\t\t<p class=\"p1 translation-block\">Cala Ratjada is a town in the municipality of Capdepera, within the autonomous community of the Balearic Islands. It is located at the northeastern tip of the island of Mallorca, approximately 80 kilometers from the capital, Palma de Mallorca. It is the main coastal port and the most developed area of the Capdepera district.<\/p><p class=\"p1 translation-block\">Cala Ratjada is a well-established tourist resort and ranks among the island\u2019s most important destinations. It is especially popular with German tourists, giving the area a strong international reputation with a predominance of this market.<\/p><p class=\"p1\"><span class=\"s1\">Tourism began to develop in the 1960s. Prior to that, Cala Ratjada was a small fishing port. The original harbor still remains, although today it serves mainly as a tourist and leisure port.<\/span><\/p><p class=\"p1 translation-block\">Cala Ratjada is the closest point between Mallorca and Menorca, which has given it an important role in the island\u2019s economy over the years. On clear days, it is possible to see Menorca and the city of Ciutadella from here.<\/p><p class=\"p1\"><span class=\"s1\">This area of Mallorca is famous for its rugged coastline and numerous coves. The municipality of Capdepera boasts around 40 kilometers of spectacular coastline, with many beaches awarded the Blue Flag by the European Foundation for Environmental Education, reflecting their cleanliness and quality services.<\/span><\/p><p class=\"p1\"><span class=\"s1\">Nearby beaches include La Pedruscada, Son Moll, Cala Ratjada, Cala Gat, L\u2019Olla, Cala Lliteres, Cala Agulla, and Cala Molt\u00f3.<\/span><\/p><p class=\"p1\"><span class=\"s1\">In addition to its beaches, highlights include the marina, where some fishing activity still takes place, the Capdepera Lighthouse, and the Palacio March, owned by the March family.<\/span><\/p><p class=\"p1\"><span class=\"s1\">According to the 2008 census, Cala Ratjada had 6,124 residents, although the population increases significantly during the summer.<\/span><\/p><p class=\"p1\"><span class=\"s1\">The municipality has 78 hotels offering a total of 15,528 beds, including the areas of Font de la Cala, Canyamel, Cala Gat, and Cala Mesquida. Together, these tourist areas are known as First Sun Mallorca, referring to the municipality\u2019s easternmost position on the island.<\/span><\/p>\t\t\t\t\t\t\t\t<\/div>\n\t\t\t\t<\/div>\n\t\t\t\t\t<\/div>\n\t\t\t\t<\/div>\n\t\t\t\t<\/div>\n\t\t<div class=\"elementor-element elementor-element-6be131b9 e-flex e-con-boxed e-con e-parent\" data-id=\"6be131b9\" data-element_type=\"container\">\n\t\t\t\t\t<div class=\"e-con-inner\">\n\t\t<div class=\"elementor-element elementor-element-442bdc9 e-con-full e-flex e-con e-child\" data-id=\"442bdc9\" data-element_type=\"container\">\n\t\t<div class=\"elementor-element elementor-element-1374ff6b e-con-full e-flex e-con e-child\" data-id=\"1374ff6b\" data-element_type=\"container\">\n\t\t\t\t<div class=\"elementor-element elementor-element-6e4249fd elementor-widget elementor-widget-text-editor\" data-id=\"6e4249fd\" data-element_type=\"widget\" data-widget_type=\"text-editor.default\">\n\t\t\t\t<div class=\"elementor-widget-container\">\n\t\t\t\t\t\t\t\t\t<h2 class=\"elementor-heading-title elementor-size-default\" style=\"font-size: 24px; font-weight: 600;\">Where to stay in Cala Ratjada?<\/h2>\t\t\t\t\t\t\t\t<\/div>\n\t\t\t\t<\/div>\n\t\t\t\t<\/div>\n\t\t<div class=\"elementor-element elementor-element-29c20798 e-con-full e-flex e-con e-child\" data-id=\"29c20798\" data-element_type=\"container\">\n\t\t\t\t<div class=\"elementor-element elementor-element-4a9c6eb elementor-widget elementor-widget-text-editor\" data-id=\"4a9c6eb\" data-element_type=\"widget\" data-widget_type=\"text-editor.default\">\n\t\t\t\t<div class=\"elementor-widget-container\">\n\t\t\t\t\t\t\t\t\t<ul><li><span class=\"elementor-icon-list-text\">Lago Garden Apart-Suites &amp; Spa Hotel <\/span><\/li><li>Serrano Palace<\/li><li>Park Hyatt Mallorca<\/li><li>Pleta de Mar, Luxury Hotel by Nature &#8211; Adults Only<\/li><li>Can Simoneta &#8211; Adults Only<\/li><li>SENTIDO Pula Suites Boutique Resort<\/li><\/ul>\t\t\t\t\t\t\t\t<\/div>\n\t\t\t\t<\/div>\n\t\t\t\t<\/div>\n\t\t\t\t<\/div>\n\t\t<div class=\"elementor-element elementor-element-540b7252 e-con-full e-flex e-con e-child\" data-id=\"540b7252\" data-element_type=\"container\">\n\t\t<div class=\"elementor-element elementor-element-2a1b7916 e-con-full e-flex e-con e-child\" data-id=\"2a1b7916\" data-element_type=\"container\">\n\t\t\t\t<div class=\"elementor-element elementor-element-50095f13 elementor-widget elementor-widget-text-editor\" data-id=\"50095f13\" data-element_type=\"widget\" data-widget_type=\"text-editor.default\">\n\t\t\t\t<div class=\"elementor-widget-container\">\n\t\t\t\t\t\t\t\t\t<h2 class=\"elementor-heading-title elementor-size-default\" style=\"font-size: 24px; font-weight: 600;\">Where to eat in Cala Ratjada?<\/h2>\t\t\t\t\t\t\t\t<\/div>\n\t\t\t\t<\/div>\n\t\t\t\t<div class=\"elementor-element elementor-element-2437f8bf elementor-widget elementor-widget-image\" data-id=\"2437f8bf\" data-element_type=\"widget\" data-widget_type=\"image.default\">\n\t\t\t\t<div class=\"elementor-widget-container\">\n\t\t\t\t\t\t\t\t\t\t\t\t\t\t\t<img decoding=\"async\" width=\"605\" height=\"220\" src=\"https:\/\/transferpalma.com\/wp-content\/uploads\/2025\/05\/dining-lp-1.jpg\" class=\"attachment-large size-large wp-image-444\" alt=\"\" srcset=\"https:\/\/transferpalma.com\/wp-content\/uploads\/2025\/05\/dining-lp-1.jpg 605w, https:\/\/transferpalma.com\/wp-content\/uploads\/2025\/05\/dining-lp-1-600x218.jpg 600w, https:\/\/transferpalma.com\/wp-content\/uploads\/2025\/05\/dining-lp-1-300x109.jpg 300w\" sizes=\"(max-width: 605px) 100vw, 605px\" \/>\t\t\t\t\t\t\t\t\t\t\t\t\t\t\t<\/div>\n\t\t\t\t<\/div>\n\t\t\t\t<\/div>\n\t\t<div class=\"elementor-element elementor-element-1280d456 e-con-full e-flex e-con e-child\" data-id=\"1280d456\" data-element_type=\"container\">\n\t\t\t\t<div class=\"elementor-element elementor-element-40ae1c27 elementor-widget elementor-widget-text-editor\" data-id=\"40ae1c27\" data-element_type=\"widget\" data-widget_type=\"text-editor.default\">\n\t\t\t\t<div class=\"elementor-widget-container\">\n\t\t\t\t\t\t\t\t\t<ul><li><span class=\"elementor-icon-list-text\">Es Coll d&#8217;Os<\/span><\/li><li>Steakhouse Tennis Bonanza<\/li><li>Restaurante Oleo&#8217;s<\/li><li>Restaurante Oleo&#8217;s<\/li><li>Xiringuito<\/li><li>Mama Pizza<\/li><li>Heidi Schnitzelhuette<\/li><li>Tr\u00e4umeria Son Moll<\/li><li><span class=\"elementor-icon-list-text\">Restaurante del Mar<\/span><\/li><\/ul>\t\t\t\t\t\t\t\t<\/div>\n\t\t\t\t<\/div>\n\t\t\t\t<\/div>\n\t\t\t\t<\/div>\n\t\t\t\t\t<\/div>\n\t\t\t\t<\/div>\n\t\t<div class=\"elementor-element elementor-element-90ca7e3 e-flex e-con-boxed e-con e-parent\" data-id=\"90ca7e3\" data-element_type=\"container\">\n\t\t\t\t\t<div class=\"e-con-inner\">\n\t\t\t\t<div class=\"elementor-element elementor-element-604f9c6e elementor-widget elementor-widget-text-editor\" data-id=\"604f9c6e\" data-element_type=\"widget\" data-widget_type=\"text-editor.default\">\n\t\t\t\t<div class=\"elementor-widget-container\">\n\t\t\t\t\t\t\t\t\t<h1 class=\"elementor-heading-title elementor-size-default\" style=\"font-size: 28px; font-weight: 600; color: #1072b5;\">Book your hotel in Cala Ratjada now<\/h1>\t\t\t\t\t\t\t\t<\/div>\n\t\t\t\t<\/div>\n\t\t\t\t<div class=\"elementor-element elementor-element-2ba24f12 elementor-widget elementor-widget-text-editor\" data-id=\"2ba24f12\" data-element_type=\"widget\" data-widget_type=\"text-editor.default\">\n\t\t\t\t<div class=\"elementor-widget-container\">\n\t\t\t\t\t\t\t\t\t<p>We show you the hotels available in Cala Ratjada so you can book your stay in Palma de Mallorca at the best price.<\/p>\t\t\t\t\t\t\t\t<\/div>\n\t\t\t\t<\/div>\n\t\t\t\t\t<\/div>\n\t\t\t\t<\/div>\n\t\t<div class=\"elementor-element elementor-element-8150a08 e-flex e-con-boxed e-con e-parent\" data-id=\"8150a08\" data-element_type=\"container\" data-settings=\"{&quot;background_background&quot;:&quot;classic&quot;}\">\n\t\t\t\t\t<div class=\"e-con-inner\">\n\t\t<div class=\"elementor-element elementor-element-14eda9fa e-con-full e-flex e-con e-child\" data-id=\"14eda9fa\" data-element_type=\"container\">\n\t\t\t\t<div class=\"elementor-element elementor-element-68af453a elementor-widget elementor-widget-text-editor\" data-id=\"68af453a\" data-element_type=\"widget\" data-widget_type=\"text-editor.default\">\n\t\t\t\t<div class=\"elementor-widget-container\">\n\t\t\t\t\t\t\t\t\t<div class=\"elementor-element elementor-element-64aeb9b6 elementor-view-default elementor-position-top elementor-vertical-align-top elementor-widget elementor-widget-icon-box\" data-id=\"64aeb9b6\" data-element_type=\"widget\" data-widget_type=\"icon-box.default\"><div class=\"elementor-widget-container\"><div class=\"elementor-icon-box-wrapper\"><div class=\"elementor-icon-box-content\"><h3 class=\"elementor-icon-box-title\" style=\"color: #ffffff;\">What to see in Cala Ratjada<\/h3><\/div><\/div><\/div><\/div><p><strong>Castillo de Capdepera<\/strong><br \/>Located near Cala Ratjada, this walled fortress overlooks the coastline.<\/p><p><strong>Torre de Canyamel:<br \/><\/strong><span class=\"s2\">Dating back to the 13th century, it is a museum hosting exhibitions and musical concerts.<\/span><\/p><p><strong>Edificio municipal Cap Vermell:<\/strong><br \/>It houses an auditorium and exhibition halls offering scheduled performances.<br \/><strong><br \/>Sa Torre Cega:<\/strong><br \/>One of the most significant monuments, featuring a three-story square tower and a side tower.<\/p><p><strong>Talaia de Son Jaumell Viewpoint<br \/><\/strong>A viewpoint located on top of a hill offering panoramic views over much of the island.<\/p><p><strong>Cuevas de Art\u00e1:<\/strong><br \/>Prehistoric caves featuring impressive stalagmites and stalactites.<\/p>\t\t\t\t\t\t\t\t<\/div>\n\t\t\t\t<\/div>\n\t\t\t\t<\/div>\n\t\t\t\t\t<\/div>\n\t\t\t\t<\/div>\n\t\t\t\t<\/div>","protected":false},"excerpt":{"rendered":"<p>Cala Ratjada te espera Cala Rajada es una localidad del municipio espa\u00f1ol de Capdepera, en la comunidad aut\u00f3noma de las Islas Baleares.\u00a0Est\u00e1 localizada en el extremo noreste de la isla de Mallorca, a unos ochenta kil\u00f3metros de la capital, Palma. Es el principal puerto costero y m\u00e1s desarrollado en el distrito de Capdepera. Cala Rajada [&hellip;]<\/p>","protected":false},"author":1,"featured_media":0,"parent":0,"menu_order":0,"comment_status":"closed","ping_status":"closed","template":"elementor_header_footer","meta":{"_eb_attr":"","footnotes":""},"class_list":["post-508","page","type-page","status-publish","hentry"],"_links":{"self":[{"href":"https:\/\/transferpalma.com\/eng\/wp-json\/wp\/v2\/pages\/508","targetHints":{"allow":["GET"]}}],"collection":[{"href":"https:\/\/transferpalma.com\/eng\/wp-json\/wp\/v2\/pages"}],"about":[{"href":"https:\/\/transferpalma.com\/eng\/wp-json\/wp\/v2\/types\/page"}],"author":[{"embeddable":true,"href":"https:\/\/transferpalma.com\/eng\/wp-json\/wp\/v2\/users\/1"}],"replies":[{"embeddable":true,"href":"https:\/\/transferpalma.com\/eng\/wp-json\/wp\/v2\/comments?post=508"}],"version-history":[{"count":4,"href":"https:\/\/transferpalma.com\/eng\/wp-json\/wp\/v2\/pages\/508\/revisions"}],"predecessor-version":[{"id":1287,"href":"https:\/\/transferpalma.com\/eng\/wp-json\/wp\/v2\/pages\/508\/revisions\/1287"}],"wp:attachment":[{"href":"https:\/\/transferpalma.com\/eng\/wp-json\/wp\/v2\/media?parent=508"}],"curies":[{"name":"wp","href":"https:\/\/api.w.org\/{rel}","templated":true}]}}