{"id":777,"date":"2025-05-13T17:16:55","date_gmt":"2025-05-13T17:16:55","guid":{"rendered":"https:\/\/transferpalma.com\/?page_id=777"},"modified":"2025-12-13T19:25:39","modified_gmt":"2025-12-13T19:25:39","slug":"porto-cristo","status":"publish","type":"page","link":"https:\/\/transferpalma.com\/deu\/porto-cristo\/","title":{"rendered":"Porto Cristo"},"content":{"rendered":"<div data-elementor-type=\"wp-page\" data-elementor-id=\"777\" class=\"elementor elementor-777\" data-elementor-post-type=\"page\">\n\t\t\t\t<div class=\"elementor-element elementor-element-1bccb2ac e-con-full e-flex e-con e-parent\" data-id=\"1bccb2ac\" data-element_type=\"container\">\n\t\t<div class=\"elementor-element elementor-element-149c5c75 e-con-full e-flex e-con e-child\" data-id=\"149c5c75\" data-element_type=\"container\">\n\t\t\t\t<div class=\"elementor-element elementor-element-68223851 elementor-widget__width-inherit elementor-widget elementor-widget-image\" data-id=\"68223851\" data-element_type=\"widget\" data-widget_type=\"image.default\">\n\t\t\t\t<div class=\"elementor-widget-container\">\n\t\t\t\t\t\t\t\t\t\t\t\t\t\t\t<img fetchpriority=\"high\" decoding=\"async\" width=\"1920\" height=\"600\" src=\"https:\/\/transferpalma.com\/wp-content\/uploads\/2025\/05\/banner-portocristo.jpg\" class=\"attachment-full size-full wp-image-791\" alt=\"\" srcset=\"https:\/\/transferpalma.com\/wp-content\/uploads\/2025\/05\/banner-portocristo.jpg 1920w, https:\/\/transferpalma.com\/wp-content\/uploads\/2025\/05\/banner-portocristo-300x94.jpg 300w, https:\/\/transferpalma.com\/wp-content\/uploads\/2025\/05\/banner-portocristo-1024x320.jpg 1024w, https:\/\/transferpalma.com\/wp-content\/uploads\/2025\/05\/banner-portocristo-768x240.jpg 768w, https:\/\/transferpalma.com\/wp-content\/uploads\/2025\/05\/banner-portocristo-1536x480.jpg 1536w, https:\/\/transferpalma.com\/wp-content\/uploads\/2025\/05\/banner-portocristo-600x188.jpg 600w\" sizes=\"(max-width: 1920px) 100vw, 1920px\" \/>\t\t\t\t\t\t\t\t\t\t\t\t\t\t\t<\/div>\n\t\t\t\t<\/div>\n\t\t\t\t<\/div>\n\t\t<div class=\"elementor-element elementor-element-294c162b e-flex e-con-boxed e-con e-child\" data-id=\"294c162b\" data-element_type=\"container\">\n\t\t\t\t\t<div class=\"e-con-inner\">\n\t\t\t\t<div class=\"elementor-element elementor-element-27a774c elementor-widget elementor-widget-text-editor\" data-id=\"27a774c\" data-element_type=\"widget\" data-widget_type=\"text-editor.default\">\n\t\t\t\t<div class=\"elementor-widget-container\">\n\t\t\t\t\t\t\t\t\t<h1 class=\"elementor-heading-title elementor-size-default\" style=\"font-size: 28px; font-weight: 600; color: #1072b5;\">Porto Cristo erwartet Sie<\/h1>\t\t\t\t\t\t\t\t<\/div>\n\t\t\t\t<\/div>\n\t\t\t\t<div class=\"elementor-element elementor-element-6030bc05 elementor-widget elementor-widget-text-editor\" data-id=\"6030bc05\" data-element_type=\"widget\" data-widget_type=\"text-editor.default\">\n\t\t\t\t<div class=\"elementor-widget-container\">\n\t\t\t\t\t\t\t\t\t<p>Porto Cristo ist ein nat\u00fcrlicher Hafen und ein Ort an der Ostk\u00fcste der Insel Mallorca. Der Ort z\u00e4hlt zu den bekanntesten Gegenden der Insel, da sich hier die ber\u00fchmten Cuevas del Drach und die Cuevas dels Hams befinden. Porto Cristo geh\u00f6rt zur Gemeinde Manacor.\nBuchen Sie jetzt Ihren Transfer vom Flughafen Palma de Mallorca nach Porto Cristo.<\/p>\t\t\t\t\t\t\t\t<\/div>\n\t\t\t\t<\/div>\n\t\t\t\t\t<\/div>\n\t\t\t\t<\/div>\n\t\t\t\t<\/div>\n\t\t<div class=\"elementor-element elementor-element-4e32a3c8 e-flex e-con-boxed e-con e-parent\" data-id=\"4e32a3c8\" data-element_type=\"container\">\n\t\t\t\t\t<div class=\"e-con-inner\">\n\t\t<div class=\"elementor-element elementor-element-d8b22a7 e-con-full e-flex e-con e-child\" data-id=\"d8b22a7\" data-element_type=\"container\">\n\t\t<div class=\"elementor-element elementor-element-5a4cce94 e-con-full e-flex e-con e-child\" data-id=\"5a4cce94\" data-element_type=\"container\">\n\t\t\t\t<div class=\"elementor-element elementor-element-32047664 elementor-widget elementor-widget-text-editor\" data-id=\"32047664\" data-element_type=\"widget\" data-widget_type=\"text-editor.default\">\n\t\t\t\t<div class=\"elementor-widget-container\">\n\t\t\t\t\t\t\t\t\t<h2 class=\"elementor-heading-title elementor-size-default\" style=\"font-size: 24px; font-weight: 600;\">Wo sollte man in Porto Cristo \u00fcbernachten?<\/h2>\t\t\t\t\t\t\t\t<\/div>\n\t\t\t\t<\/div>\n\t\t\t\t<\/div>\n\t\t<div class=\"elementor-element elementor-element-4243d912 e-con-full e-flex e-con e-child\" data-id=\"4243d912\" data-element_type=\"container\">\n\t\t\t\t<div class=\"elementor-element elementor-element-59686a3f elementor-widget elementor-widget-text-editor\" data-id=\"59686a3f\" data-element_type=\"widget\" data-widget_type=\"text-editor.default\">\n\t\t\t\t<div class=\"elementor-widget-container\">\n\t\t\t\t\t\t\t\t\t<ul><li><span class=\"elementor-icon-list-text\">Aparthotel Porto Drach<\/span><\/li><li>THB Felip<\/li><li>Insotel Cala Mandia Resort &amp; Spa<\/li><li>Hotel Es N\u00e1utico Suites<\/li><li>Hotel Cala Rom\u00e1ntica<\/li><li>Som Dona Women Only<\/li><li>Sa Vaqueria<\/li><li>Hotel Porto Playa II<\/li><li>Son Mas Hotel Rural<\/li><li>Pierre &amp; Vacances Apartamentos Mallorca Vista Alegre<\/li><\/ul>\t\t\t\t\t\t\t\t<\/div>\n\t\t\t\t<\/div>\n\t\t\t\t<\/div>\n\t\t\t\t<\/div>\n\t\t<div class=\"elementor-element elementor-element-2593de91 e-con-full e-flex e-con e-child\" data-id=\"2593de91\" data-element_type=\"container\">\n\t\t<div class=\"elementor-element elementor-element-3a2c5cc1 e-con-full e-flex e-con e-child\" data-id=\"3a2c5cc1\" data-element_type=\"container\">\n\t\t\t\t<div class=\"elementor-element elementor-element-47e8dc01 elementor-widget elementor-widget-text-editor\" data-id=\"47e8dc01\" data-element_type=\"widget\" data-widget_type=\"text-editor.default\">\n\t\t\t\t<div class=\"elementor-widget-container\">\n\t\t\t\t\t\t\t\t\t<h2 class=\"elementor-heading-title elementor-size-default\" style=\"font-size: 24px; font-weight: 600;\">Wo kann man in Porto Cristo essen?<\/h2>\t\t\t\t\t\t\t\t<\/div>\n\t\t\t\t<\/div>\n\t\t\t\t<div class=\"elementor-element elementor-element-169aafd2 elementor-widget elementor-widget-image\" data-id=\"169aafd2\" data-element_type=\"widget\" data-widget_type=\"image.default\">\n\t\t\t\t<div class=\"elementor-widget-container\">\n\t\t\t\t\t\t\t\t\t\t\t\t\t\t\t<img decoding=\"async\" width=\"605\" height=\"220\" src=\"https:\/\/transferpalma.com\/wp-content\/uploads\/2025\/05\/dining-lp-1.jpg\" class=\"attachment-large size-large wp-image-444\" alt=\"\" srcset=\"https:\/\/transferpalma.com\/wp-content\/uploads\/2025\/05\/dining-lp-1.jpg 605w, https:\/\/transferpalma.com\/wp-content\/uploads\/2025\/05\/dining-lp-1-600x218.jpg 600w, https:\/\/transferpalma.com\/wp-content\/uploads\/2025\/05\/dining-lp-1-300x109.jpg 300w\" sizes=\"(max-width: 605px) 100vw, 605px\" \/>\t\t\t\t\t\t\t\t\t\t\t\t\t\t\t<\/div>\n\t\t\t\t<\/div>\n\t\t\t\t<\/div>\n\t\t<div class=\"elementor-element elementor-element-44acd212 e-con-full e-flex e-con e-child\" data-id=\"44acd212\" data-element_type=\"container\">\n\t\t\t\t<div class=\"elementor-element elementor-element-272060fe elementor-widget elementor-widget-text-editor\" data-id=\"272060fe\" data-element_type=\"widget\" data-widget_type=\"text-editor.default\">\n\t\t\t\t<div class=\"elementor-widget-container\">\n\t\t\t\t\t\t\t\t\t<ul><li><span class=\"elementor-icon-list-text\">Tr3nta-1<\/span><\/li><li>Roland Restaurant<\/li><li>Vibes by Quince<\/li><li>Quince Restaurante &amp; Cantina<\/li><li>Las Golondrinas<\/li><li>La Magrana Caf\u00e9-Bistr\u00f3<\/li><li>15Fifteen Cantina &amp; Garden<\/li><li>Terram\u00e9a<\/li><li>Sa Sal Restaurant<\/li><li>Vintasty<\/li><li>Sa Pedra<\/li><li>Restaurant Pizzeria Ca&#8217;n Salvador<\/li><\/ul>\t\t\t\t\t\t\t\t<\/div>\n\t\t\t\t<\/div>\n\t\t\t\t<\/div>\n\t\t\t\t<\/div>\n\t\t\t\t\t<\/div>\n\t\t\t\t<\/div>\n\t\t<div class=\"elementor-element elementor-element-f1ccdb7 e-flex e-con-boxed e-con e-parent\" data-id=\"f1ccdb7\" data-element_type=\"container\">\n\t\t\t\t\t<div class=\"e-con-inner\">\n\t\t\t\t<div class=\"elementor-element elementor-element-7f0daf88 elementor-widget elementor-widget-text-editor\" data-id=\"7f0daf88\" data-element_type=\"widget\" data-widget_type=\"text-editor.default\">\n\t\t\t\t<div class=\"elementor-widget-container\">\n\t\t\t\t\t\t\t\t\t<h1 class=\"elementor-heading-title elementor-size-default\" style=\"font-size: 28px; font-weight: 600; color: #1072b5;\">Buchen Sie jetzt Ihr Hotel in Porto Cristo<\/h1>\t\t\t\t\t\t\t\t<\/div>\n\t\t\t\t<\/div>\n\t\t\t\t<div class=\"elementor-element elementor-element-3023f266 elementor-widget elementor-widget-text-editor\" data-id=\"3023f266\" data-element_type=\"widget\" data-widget_type=\"text-editor.default\">\n\t\t\t\t<div class=\"elementor-widget-container\">\n\t\t\t\t\t\t\t\t\t<div class=\"elementor-element elementor-element-a472309 elementor-widget elementor-widget-text-editor\" data-id=\"a472309\" data-element_type=\"widget\" data-widget_type=\"text-editor.default\"><div class=\"elementor-widget-container\"><div class=\"elementor-text-editor elementor-clearfix\"><div class=\"elementor-element elementor-element-b2a5a10 elementor-widget elementor-widget-text-editor\" data-id=\"b2a5a10\" data-element_type=\"widget\" data-widget_type=\"text-editor.default\"><div class=\"elementor-widget-container\"><div class=\"elementor-text-editor elementor-clearfix\"><p>Wir zeigen Ihnen die Hotels in Porto Cristo, damit Sie Ihren Aufenthalt in Palma de Mallorca zum besten Preis buchen k\u00f6nnen.\u00a0<\/p><\/div><\/div><\/div><\/div><\/div><\/div>\t\t\t\t\t\t\t\t<\/div>\n\t\t\t\t<\/div>\n\t\t\t\t\t<\/div>\n\t\t\t\t<\/div>\n\t\t<div class=\"elementor-element elementor-element-32c15268 e-flex e-con-boxed e-con e-parent\" data-id=\"32c15268\" data-element_type=\"container\" data-settings=\"{&quot;background_background&quot;:&quot;classic&quot;}\">\n\t\t\t\t\t<div class=\"e-con-inner\">\n\t\t<div class=\"elementor-element elementor-element-698ec39f e-con-full e-flex e-con e-child\" data-id=\"698ec39f\" data-element_type=\"container\">\n\t\t\t\t<div class=\"elementor-element elementor-element-476607d5 elementor-widget elementor-widget-text-editor\" data-id=\"476607d5\" data-element_type=\"widget\" data-widget_type=\"text-editor.default\">\n\t\t\t\t<div class=\"elementor-widget-container\">\n\t\t\t\t\t\t\t\t\t<div class=\"elementor-element elementor-element-64aeb9b6 elementor-view-default elementor-position-top elementor-vertical-align-top elementor-widget elementor-widget-icon-box\" data-id=\"64aeb9b6\" data-element_type=\"widget\" data-widget_type=\"icon-box.default\"><div class=\"elementor-widget-container\"><div class=\"elementor-icon-box-wrapper\"><div class=\"elementor-icon-box-content\"><h3 class=\"elementor-icon-box-title\" style=\"color: #ffffff;\"><strong>Was man in Porto Cristo sehen kann<\/strong><\/h3><\/div><\/div><\/div><\/div><p><strong>Drachenh\u00f6hlen<\/strong><br \/>Die Cuevas del Drach sind ein Komplex aus vier gro\u00dfen H\u00f6hlen auf der Insel Mallorca, die zum Archipel der Balearischen Inseln geh\u00f6ren.<\/p><p><strong>Hams-H\u00f6hlen<\/strong><br \/>Eine runde H\u00f6hle und ein gro\u00dfer botanischer Garten mit einheimischer Tierwelt.<\/p><p><strong>Wachturm Serral dels Falcons<\/strong><br \/>Der Turm von Porto Cristo, gelegen am Ende der Avinguda d\u2019en Joan Servera Camps in Porto Cristo.<\/p><p><strong>Safari Zoo de Mallorca<\/strong><br \/>Tropischer Park mit einem Restaurant mitten im Dschungel.\u00a0<\/p><p><strong>Jumaica Tropischer Park<\/strong><br \/>Ein ruhiger Ort zum Entspannen mit herrlichem Ausblick auf die Umgebung.<\/p><p><strong>Tauchzentrum Skualo<\/strong><br \/>Tauchzentrum mit kristallklarem Wasser, unber\u00fchrten Buchten und Abenteuern auf dem Meer.<\/p>\t\t\t\t\t\t\t\t<\/div>\n\t\t\t\t<\/div>\n\t\t\t\t<\/div>\n\t\t\t\t\t<\/div>\n\t\t\t\t<\/div>\n\t\t\t\t<\/div>","protected":false},"excerpt":{"rendered":"<p>Porto Cristo te espera Porto Cristo es un puerto natural y es un pueblo situado al este de la isla de Mallorca.\u00a0 Es una de las zonas m\u00e1s conocidas de Mallorca por tener las Cuevas del Drach y las Cuevas del Hams. Forma parte del municipio de Manacor. Reserve ahora el traslado desde el aeropuerto [&hellip;]<\/p>","protected":false},"author":1,"featured_media":0,"parent":0,"menu_order":0,"comment_status":"closed","ping_status":"closed","template":"elementor_header_footer","meta":{"_eb_attr":"","footnotes":""},"class_list":["post-777","page","type-page","status-publish","hentry"],"_links":{"self":[{"href":"https:\/\/transferpalma.com\/deu\/wp-json\/wp\/v2\/pages\/777","targetHints":{"allow":["GET"]}}],"collection":[{"href":"https:\/\/transferpalma.com\/deu\/wp-json\/wp\/v2\/pages"}],"about":[{"href":"https:\/\/transferpalma.com\/deu\/wp-json\/wp\/v2\/types\/page"}],"author":[{"embeddable":true,"href":"https:\/\/transferpalma.com\/deu\/wp-json\/wp\/v2\/users\/1"}],"replies":[{"embeddable":true,"href":"https:\/\/transferpalma.com\/deu\/wp-json\/wp\/v2\/comments?post=777"}],"version-history":[{"count":7,"href":"https:\/\/transferpalma.com\/deu\/wp-json\/wp\/v2\/pages\/777\/revisions"}],"predecessor-version":[{"id":1237,"href":"https:\/\/transferpalma.com\/deu\/wp-json\/wp\/v2\/pages\/777\/revisions\/1237"}],"wp:attachment":[{"href":"https:\/\/transferpalma.com\/deu\/wp-json\/wp\/v2\/media?parent=777"}],"curies":[{"name":"wp","href":"https:\/\/api.w.org\/{rel}","templated":true}]}}