{"id":751,"date":"2025-05-13T16:48:33","date_gmt":"2025-05-13T16:48:33","guid":{"rendered":"https:\/\/transferpalma.com\/?page_id=751"},"modified":"2025-12-13T19:27:32","modified_gmt":"2025-12-13T19:27:32","slug":"palmanova","status":"publish","type":"page","link":"https:\/\/transferpalma.com\/deu\/palmanova\/","title":{"rendered":"Palmanova"},"content":{"rendered":"<div data-elementor-type=\"wp-page\" data-elementor-id=\"751\" class=\"elementor elementor-751\" data-elementor-post-type=\"page\">\n\t\t\t\t<div class=\"elementor-element elementor-element-4e9115fe e-con-full e-flex e-con e-parent\" data-id=\"4e9115fe\" data-element_type=\"container\">\n\t\t<div class=\"elementor-element elementor-element-5764e493 e-con-full e-flex e-con e-child\" data-id=\"5764e493\" data-element_type=\"container\">\n\t\t\t\t<div class=\"elementor-element elementor-element-713104b2 elementor-widget__width-inherit elementor-widget elementor-widget-image\" data-id=\"713104b2\" data-element_type=\"widget\" data-widget_type=\"image.default\">\n\t\t\t\t<div class=\"elementor-widget-container\">\n\t\t\t\t\t\t\t\t\t\t\t\t\t\t\t<img fetchpriority=\"high\" decoding=\"async\" width=\"1920\" height=\"600\" src=\"https:\/\/transferpalma.com\/wp-content\/uploads\/2025\/05\/banner-cala-palmanova.jpg\" class=\"attachment-full size-full wp-image-770\" alt=\"\" srcset=\"https:\/\/transferpalma.com\/wp-content\/uploads\/2025\/05\/banner-cala-palmanova.jpg 1920w, https:\/\/transferpalma.com\/wp-content\/uploads\/2025\/05\/banner-cala-palmanova-300x94.jpg 300w, https:\/\/transferpalma.com\/wp-content\/uploads\/2025\/05\/banner-cala-palmanova-1024x320.jpg 1024w, https:\/\/transferpalma.com\/wp-content\/uploads\/2025\/05\/banner-cala-palmanova-768x240.jpg 768w, https:\/\/transferpalma.com\/wp-content\/uploads\/2025\/05\/banner-cala-palmanova-1536x480.jpg 1536w, https:\/\/transferpalma.com\/wp-content\/uploads\/2025\/05\/banner-cala-palmanova-600x188.jpg 600w\" sizes=\"(max-width: 1920px) 100vw, 1920px\" \/>\t\t\t\t\t\t\t\t\t\t\t\t\t\t\t<\/div>\n\t\t\t\t<\/div>\n\t\t\t\t<\/div>\n\t\t<div class=\"elementor-element elementor-element-68add9df e-flex e-con-boxed e-con e-child\" data-id=\"68add9df\" data-element_type=\"container\">\n\t\t\t\t\t<div class=\"e-con-inner\">\n\t\t\t\t<div class=\"elementor-element elementor-element-7e728e53 elementor-widget elementor-widget-text-editor\" data-id=\"7e728e53\" data-element_type=\"widget\" data-widget_type=\"text-editor.default\">\n\t\t\t\t<div class=\"elementor-widget-container\">\n\t\t\t\t\t\t\t\t\t<h1 class=\"elementor-heading-title elementor-size-default\" style=\"font-size: 28px; font-weight: 600; color: #1072b5;\">Cala Palmanova erwartet Sie<\/h1>\t\t\t\t\t\t\t\t<\/div>\n\t\t\t\t<\/div>\n\t\t\t\t<div class=\"elementor-element elementor-element-571df693 elementor-widget elementor-widget-text-editor\" data-id=\"571df693\" data-element_type=\"widget\" data-widget_type=\"text-editor.default\">\n\t\t\t\t<div class=\"elementor-widget-container\">\n\t\t\t\t\t\t\t\t\t<p class=\"translation-block\">Palmanova, auch bekannt als Cala Blanca, ist ein breiter Sandstrand, der Teil eines Ensembles aus drei Str\u00e4nden ist. Der Ort eignet sich ideal f\u00fcr Familienurlaub und verf\u00fcgt \u00fcber einen kleinen Yachthafen. Palmanova grenzt im Westen an Magaluf und liegt nur 14 km von Palma de Mallorca entfernt.\n\nDer Ort bietet eine gro\u00dfe Auswahl an Freizeitm\u00f6glichkeiten und Restaurants. Der wundersch\u00f6ne Strand wurde mit der Q de Calidad ausgezeichnet und ist damit der einzige Strand an der balearischen K\u00fcste mit dieser Anerkennung.\n\nPalmanova ist auch eine hervorragende Wahl f\u00fcr einen dauerhaften Wohnsitz, da der Ort das ganze Jahr \u00fcber belebt ist. Er z\u00e4hlt zu den erschwinglichsten Gegenden Mallorcas, sowohl f\u00fcr Urlaube als auch f\u00fcr das t\u00e4gliche Leben. Die N\u00e4he zu Magaluf erm\u00f6glicht vielf\u00e4ltige Unterhaltungsm\u00f6glichkeiten in kurzer Entfernung, w\u00e4hrend gleichzeitig die Ruhe eines kleinen Ortes erhalten bleibt. Trotz seiner \u00fcberschaubaren Gr\u00f6\u00dfe verf\u00fcgt Palmanova \u00fcber zahlreiche Gesch\u00e4fte f\u00fcr den t\u00e4glichen Bedarf.<\/p>\t\t\t\t\t\t\t\t<\/div>\n\t\t\t\t<\/div>\n\t\t\t\t\t<\/div>\n\t\t\t\t<\/div>\n\t\t\t\t<\/div>\n\t\t<div class=\"elementor-element elementor-element-4f43689 e-flex e-con-boxed e-con e-parent\" data-id=\"4f43689\" data-element_type=\"container\">\n\t\t\t\t\t<div class=\"e-con-inner\">\n\t\t<div class=\"elementor-element elementor-element-6eb550cb e-con-full e-flex e-con e-child\" data-id=\"6eb550cb\" data-element_type=\"container\">\n\t\t<div class=\"elementor-element elementor-element-2bf800f1 e-con-full e-flex e-con e-child\" data-id=\"2bf800f1\" data-element_type=\"container\">\n\t\t\t\t<div class=\"elementor-element elementor-element-626f67b elementor-widget elementor-widget-text-editor\" data-id=\"626f67b\" data-element_type=\"widget\" data-widget_type=\"text-editor.default\">\n\t\t\t\t<div class=\"elementor-widget-container\">\n\t\t\t\t\t\t\t\t\t<h2 class=\"elementor-heading-title elementor-size-default\" style=\"font-size: 24px; font-weight: 600;\">Wo sollte man in Cala Palmanova \u00fcbernachten?<\/h2>\t\t\t\t\t\t\t\t<\/div>\n\t\t\t\t<\/div>\n\t\t\t\t<\/div>\n\t\t<div class=\"elementor-element elementor-element-40a385a7 e-con-full e-flex e-con e-child\" data-id=\"40a385a7\" data-element_type=\"container\">\n\t\t\t\t<div class=\"elementor-element elementor-element-32d20e6d elementor-widget elementor-widget-text-editor\" data-id=\"32d20e6d\" data-element_type=\"widget\" data-widget_type=\"text-editor.default\">\n\t\t\t\t<div class=\"elementor-widget-container\">\n\t\t\t\t\t\t\t\t\t<ul><li><span class=\"elementor-icon-list-text\">Zafiro Palace Palmanova<\/span><\/li><li><span class=\"elementor-icon-list-text\">Sol Beach House Mallorca<\/span><\/li><li>Ibersol Son Caliu Mar<\/li><li>Hotel Senses Palmanova<\/li><li>Fergus Style Palmanova<\/li><li>BelleVue Vistanova<\/li><\/ul>\t\t\t\t\t\t\t\t<\/div>\n\t\t\t\t<\/div>\n\t\t\t\t<\/div>\n\t\t\t\t<\/div>\n\t\t<div class=\"elementor-element elementor-element-1b114a95 e-con-full e-flex e-con e-child\" data-id=\"1b114a95\" data-element_type=\"container\">\n\t\t<div class=\"elementor-element elementor-element-5c1f8caa e-con-full e-flex e-con e-child\" data-id=\"5c1f8caa\" data-element_type=\"container\">\n\t\t\t\t<div class=\"elementor-element elementor-element-1f8779f0 elementor-widget elementor-widget-text-editor\" data-id=\"1f8779f0\" data-element_type=\"widget\" data-widget_type=\"text-editor.default\">\n\t\t\t\t<div class=\"elementor-widget-container\">\n\t\t\t\t\t\t\t\t\t<h2 class=\"elementor-heading-title elementor-size-default\" style=\"font-size: 24px; font-weight: 600;\">Wo kann man in Cala Palmanova essen?<\/h2>\t\t\t\t\t\t\t\t<\/div>\n\t\t\t\t<\/div>\n\t\t\t\t<div class=\"elementor-element elementor-element-54eed89c elementor-widget elementor-widget-image\" data-id=\"54eed89c\" data-element_type=\"widget\" data-widget_type=\"image.default\">\n\t\t\t\t<div class=\"elementor-widget-container\">\n\t\t\t\t\t\t\t\t\t\t\t\t\t\t\t<img decoding=\"async\" width=\"605\" height=\"220\" src=\"https:\/\/transferpalma.com\/wp-content\/uploads\/2025\/05\/dining-lp-1.jpg\" class=\"attachment-large size-large wp-image-444\" alt=\"\" srcset=\"https:\/\/transferpalma.com\/wp-content\/uploads\/2025\/05\/dining-lp-1.jpg 605w, https:\/\/transferpalma.com\/wp-content\/uploads\/2025\/05\/dining-lp-1-600x218.jpg 600w, https:\/\/transferpalma.com\/wp-content\/uploads\/2025\/05\/dining-lp-1-300x109.jpg 300w\" sizes=\"(max-width: 605px) 100vw, 605px\" \/>\t\t\t\t\t\t\t\t\t\t\t\t\t\t\t<\/div>\n\t\t\t\t<\/div>\n\t\t\t\t<\/div>\n\t\t<div class=\"elementor-element elementor-element-682b956d e-con-full e-flex e-con e-child\" data-id=\"682b956d\" data-element_type=\"container\">\n\t\t\t\t<div class=\"elementor-element elementor-element-975c389 elementor-widget elementor-widget-text-editor\" data-id=\"975c389\" data-element_type=\"widget\" data-widget_type=\"text-editor.default\">\n\t\t\t\t<div class=\"elementor-widget-container\">\n\t\t\t\t\t\t\t\t\t<ul><li><span class=\"elementor-icon-list-text\">Campino Beach<\/span><\/li><li><span class=\"elementor-icon-list-text\">Max Garden<\/span><\/li><li>II Tano<\/li><li>Saigon Baguette<\/li><li>Ciro\u00b4s<\/li><li>My Thai<\/li><li>II Chiringo<\/li><li>Cafe Palmanova<\/li><\/ul>\t\t\t\t\t\t\t\t<\/div>\n\t\t\t\t<\/div>\n\t\t\t\t<\/div>\n\t\t\t\t<\/div>\n\t\t\t\t\t<\/div>\n\t\t\t\t<\/div>\n\t\t<div class=\"elementor-element elementor-element-5722de81 e-flex e-con-boxed e-con e-parent\" data-id=\"5722de81\" data-element_type=\"container\">\n\t\t\t\t\t<div class=\"e-con-inner\">\n\t\t\t\t<div class=\"elementor-element elementor-element-60d4d46 elementor-widget elementor-widget-text-editor\" data-id=\"60d4d46\" data-element_type=\"widget\" data-widget_type=\"text-editor.default\">\n\t\t\t\t<div class=\"elementor-widget-container\">\n\t\t\t\t\t\t\t\t\t<h1 class=\"elementor-heading-title elementor-size-default\" style=\"font-size: 28px; font-weight: 600; color: #1072b5;\">Buchen Sie jetzt Ihr Hotel in Palmanova<\/h1>\t\t\t\t\t\t\t\t<\/div>\n\t\t\t\t<\/div>\n\t\t\t\t<div class=\"elementor-element elementor-element-4d7ab93a elementor-widget elementor-widget-text-editor\" data-id=\"4d7ab93a\" data-element_type=\"widget\" data-widget_type=\"text-editor.default\">\n\t\t\t\t<div class=\"elementor-widget-container\">\n\t\t\t\t\t\t\t\t\t<div class=\"elementor-element elementor-element-a472309 elementor-widget elementor-widget-text-editor\" data-id=\"a472309\" data-element_type=\"widget\" data-widget_type=\"text-editor.default\"><div class=\"elementor-widget-container\"><div class=\"elementor-text-editor elementor-clearfix\"><div class=\"elementor-element elementor-element-b2a5a10 elementor-widget elementor-widget-text-editor\" data-id=\"b2a5a10\" data-element_type=\"widget\" data-widget_type=\"text-editor.default\"><div class=\"elementor-widget-container\"><div class=\"elementor-text-editor elementor-clearfix\"><p>Wir zeigen Ihnen die Hotels in Cala Palmanova, damit Sie Ihren Aufenthalt in Palma de Mallorca zum besten Preis buchen k\u00f6nnen.\u00a0<\/p><\/div><\/div><\/div><\/div><\/div><\/div>\t\t\t\t\t\t\t\t<\/div>\n\t\t\t\t<\/div>\n\t\t\t\t\t<\/div>\n\t\t\t\t<\/div>\n\t\t<div class=\"elementor-element elementor-element-f7b59c1 e-flex e-con-boxed e-con e-parent\" data-id=\"f7b59c1\" data-element_type=\"container\" data-settings=\"{&quot;background_background&quot;:&quot;classic&quot;}\">\n\t\t\t\t\t<div class=\"e-con-inner\">\n\t\t<div class=\"elementor-element elementor-element-70bd6df3 e-con-full e-flex e-con e-child\" data-id=\"70bd6df3\" data-element_type=\"container\">\n\t\t\t\t<div class=\"elementor-element elementor-element-468ae5c5 elementor-widget elementor-widget-text-editor\" data-id=\"468ae5c5\" data-element_type=\"widget\" data-widget_type=\"text-editor.default\">\n\t\t\t\t<div class=\"elementor-widget-container\">\n\t\t\t\t\t\t\t\t\t<div class=\"elementor-element elementor-element-64aeb9b6 elementor-view-default elementor-position-top elementor-vertical-align-top elementor-widget elementor-widget-icon-box\" data-id=\"64aeb9b6\" data-element_type=\"widget\" data-widget_type=\"icon-box.default\"><div class=\"elementor-widget-container\"><div class=\"elementor-icon-box-wrapper\"><div class=\"elementor-icon-box-content\"><h3 class=\"elementor-icon-box-title\" style=\"color: #ffffff;\"><strong>Was man in Cala Palmanova sehen kann<\/strong><\/h3><\/div><\/div><\/div><\/div><p><b>Katmandu Park:<\/b><br \/>Der einzige Themenpark auf Mallorca mit verschiedenen 4D-Attraktionen, einer Minigolfanlage, einem interaktiven Haus und zahlreichen M\u00f6glichkeiten f\u00fcr einen unterhaltsamen Tag.<\/p><p><b>Golf Fantasia:<br \/><\/b>Eine Minigolfanlage mit drei Bahnen, tropischer Dekoration, Bar und Turnieren.<\/p><p><b>Palmanova Beach<\/b><\/p><p><b>Porno Novo Beach<\/b><\/p>\t\t\t\t\t\t\t\t<\/div>\n\t\t\t\t<\/div>\n\t\t\t\t<\/div>\n\t\t\t\t\t<\/div>\n\t\t\t\t<\/div>\n\t\t\t\t<\/div>","protected":false},"excerpt":{"rendered":"<p>Cala Palmanova te espera Tambi\u00e9n conocida por\u00a0Cala Blanca,\u00a0es un arenal que forma parte de tres playas. Ideal para el turismo familiar. Cuenta con tres playas y un peque\u00f1o puerto deportivo. Colindante al complejo de\u00a0Magaluf\u00a0al oeste. Se encuentra a 14 km de Palma. Ofrece una gran variedad de lugares de ocio y restaurantes. La maravillosa playa [&hellip;]<\/p>","protected":false},"author":1,"featured_media":0,"parent":0,"menu_order":0,"comment_status":"closed","ping_status":"closed","template":"elementor_header_footer","meta":{"_eb_attr":"","footnotes":""},"class_list":["post-751","page","type-page","status-publish","hentry"],"_links":{"self":[{"href":"https:\/\/transferpalma.com\/deu\/wp-json\/wp\/v2\/pages\/751","targetHints":{"allow":["GET"]}}],"collection":[{"href":"https:\/\/transferpalma.com\/deu\/wp-json\/wp\/v2\/pages"}],"about":[{"href":"https:\/\/transferpalma.com\/deu\/wp-json\/wp\/v2\/types\/page"}],"author":[{"embeddable":true,"href":"https:\/\/transferpalma.com\/deu\/wp-json\/wp\/v2\/users\/1"}],"replies":[{"embeddable":true,"href":"https:\/\/transferpalma.com\/deu\/wp-json\/wp\/v2\/comments?post=751"}],"version-history":[{"count":4,"href":"https:\/\/transferpalma.com\/deu\/wp-json\/wp\/v2\/pages\/751\/revisions"}],"predecessor-version":[{"id":1242,"href":"https:\/\/transferpalma.com\/deu\/wp-json\/wp\/v2\/pages\/751\/revisions\/1242"}],"wp:attachment":[{"href":"https:\/\/transferpalma.com\/deu\/wp-json\/wp\/v2\/media?parent=751"}],"curies":[{"name":"wp","href":"https:\/\/api.w.org\/{rel}","templated":true}]}}