{"id":731,"date":"2025-05-13T16:30:28","date_gmt":"2025-05-13T16:30:28","guid":{"rendered":"https:\/\/transferpalma.com\/?page_id=731"},"modified":"2025-12-13T19:31:56","modified_gmt":"2025-12-13T19:31:56","slug":"palma","status":"publish","type":"page","link":"https:\/\/transferpalma.com\/deu\/palma\/","title":{"rendered":"Palma"},"content":{"rendered":"<div data-elementor-type=\"wp-page\" data-elementor-id=\"731\" class=\"elementor elementor-731\" data-elementor-post-type=\"page\">\n\t\t\t\t<div class=\"elementor-element elementor-element-6b11aba8 e-con-full e-flex e-con e-parent\" data-id=\"6b11aba8\" data-element_type=\"container\">\n\t\t<div class=\"elementor-element elementor-element-50967277 e-con-full e-flex e-con e-child\" data-id=\"50967277\" data-element_type=\"container\">\n\t\t\t\t<div class=\"elementor-element elementor-element-65c63d0a elementor-widget__width-inherit elementor-widget elementor-widget-image\" data-id=\"65c63d0a\" data-element_type=\"widget\" data-widget_type=\"image.default\">\n\t\t\t\t<div class=\"elementor-widget-container\">\n\t\t\t\t\t\t\t\t\t\t\t\t\t\t\t<img fetchpriority=\"high\" decoding=\"async\" width=\"1920\" height=\"600\" src=\"https:\/\/transferpalma.com\/wp-content\/uploads\/2025\/05\/Banner-palma.jpg\" class=\"attachment-full size-full wp-image-744\" alt=\"\" srcset=\"https:\/\/transferpalma.com\/wp-content\/uploads\/2025\/05\/Banner-palma.jpg 1920w, https:\/\/transferpalma.com\/wp-content\/uploads\/2025\/05\/Banner-palma-300x94.jpg 300w, https:\/\/transferpalma.com\/wp-content\/uploads\/2025\/05\/Banner-palma-1024x320.jpg 1024w, https:\/\/transferpalma.com\/wp-content\/uploads\/2025\/05\/Banner-palma-768x240.jpg 768w, https:\/\/transferpalma.com\/wp-content\/uploads\/2025\/05\/Banner-palma-1536x480.jpg 1536w, https:\/\/transferpalma.com\/wp-content\/uploads\/2025\/05\/Banner-palma-600x188.jpg 600w\" sizes=\"(max-width: 1920px) 100vw, 1920px\" \/>\t\t\t\t\t\t\t\t\t\t\t\t\t\t\t<\/div>\n\t\t\t\t<\/div>\n\t\t\t\t<\/div>\n\t\t<div class=\"elementor-element elementor-element-1a0f937a e-flex e-con-boxed e-con e-child\" data-id=\"1a0f937a\" data-element_type=\"container\">\n\t\t\t\t\t<div class=\"e-con-inner\">\n\t\t\t\t<div class=\"elementor-element elementor-element-1afb7555 elementor-widget elementor-widget-text-editor\" data-id=\"1afb7555\" data-element_type=\"widget\" data-widget_type=\"text-editor.default\">\n\t\t\t\t<div class=\"elementor-widget-container\">\n\t\t\t\t\t\t\t\t\t<h1 class=\"elementor-heading-title elementor-size-default\" style=\"font-size: 28px; font-weight: 600; color: #1072b5;\">Palma de Mallorca erwartet Sie<\/h1>\t\t\t\t\t\t\t\t<\/div>\n\t\t\t\t<\/div>\n\t\t\t\t<div class=\"elementor-element elementor-element-5a00d6cb elementor-widget elementor-widget-text-editor\" data-id=\"5a00d6cb\" data-element_type=\"widget\" data-widget_type=\"text-editor.default\">\n\t\t\t\t<div class=\"elementor-widget-container\">\n\t\t\t\t\t\t\t\t\t<p class=\"translation-block\">Palma de Mallorca ist die Hauptstadt der Insel Mallorca und beherbergt mehr als die H\u00e4lfte ihrer Einwohner. Die Stadt bewahrt das ganze Jahr \u00fcber ihren Reiz und bietet eine gro\u00dfe Auswahl an Restaurants, Hotels, Boutiquen, Bars, Clubs und Str\u00e4nden sowie ein vielf\u00e4ltiges kulturelles Angebot. Museen, Kunstgalerien, Konzerte und exklusive Golfpl\u00e4tze runden das Erlebnis ab.<\/p><p>Ein unbedingt sehenswerter Ort, ideal f\u00fcr einen Spaziergang durch die Stra\u00dfen, insbesondere durch die historische Altstadt, die sich hervorragend zum Einkaufen eignet.<\/p>\t\t\t\t\t\t\t\t<\/div>\n\t\t\t\t<\/div>\n\t\t\t\t\t<\/div>\n\t\t\t\t<\/div>\n\t\t\t\t<\/div>\n\t\t<div class=\"elementor-element elementor-element-4b39f213 e-flex e-con-boxed e-con e-parent\" data-id=\"4b39f213\" data-element_type=\"container\">\n\t\t\t\t\t<div class=\"e-con-inner\">\n\t\t<div class=\"elementor-element elementor-element-1c6a1353 e-con-full e-flex e-con e-child\" data-id=\"1c6a1353\" data-element_type=\"container\">\n\t\t<div class=\"elementor-element elementor-element-5185f3bb e-con-full e-flex e-con e-child\" data-id=\"5185f3bb\" data-element_type=\"container\">\n\t\t\t\t<div class=\"elementor-element elementor-element-5cfb2222 elementor-widget elementor-widget-text-editor\" data-id=\"5cfb2222\" data-element_type=\"widget\" data-widget_type=\"text-editor.default\">\n\t\t\t\t<div class=\"elementor-widget-container\">\n\t\t\t\t\t\t\t\t\t<h2 class=\"elementor-heading-title elementor-size-default\" style=\"font-size: 24px; font-weight: 600;\">Wo sollte man in Palma de Mallorca \u00fcbernachten?<\/h2>\t\t\t\t\t\t\t\t<\/div>\n\t\t\t\t<\/div>\n\t\t\t\t<\/div>\n\t\t<div class=\"elementor-element elementor-element-4b582d79 e-con-full e-flex e-con e-child\" data-id=\"4b582d79\" data-element_type=\"container\">\n\t\t\t\t<\/div>\n\t\t\t\t<\/div>\n\t\t<div class=\"elementor-element elementor-element-7e3d6e32 e-con-full e-flex e-con e-child\" data-id=\"7e3d6e32\" data-element_type=\"container\">\n\t\t<div class=\"elementor-element elementor-element-4df7c7ec e-con-full e-flex e-con e-child\" data-id=\"4df7c7ec\" data-element_type=\"container\">\n\t\t\t\t<div class=\"elementor-element elementor-element-45c9be38 elementor-widget elementor-widget-text-editor\" data-id=\"45c9be38\" data-element_type=\"widget\" data-widget_type=\"text-editor.default\">\n\t\t\t\t<div class=\"elementor-widget-container\">\n\t\t\t\t\t\t\t\t\t<h2 class=\"elementor-heading-title elementor-size-default\" style=\"font-size: 24px; font-weight: 600;\">Wo kann man in Palma de Mallorca essen?<\/h2>\t\t\t\t\t\t\t\t<\/div>\n\t\t\t\t<\/div>\n\t\t\t\t<div class=\"elementor-element elementor-element-57738633 elementor-widget elementor-widget-image\" data-id=\"57738633\" data-element_type=\"widget\" data-widget_type=\"image.default\">\n\t\t\t\t<div class=\"elementor-widget-container\">\n\t\t\t\t\t\t\t\t\t\t\t\t\t\t\t<img decoding=\"async\" width=\"605\" height=\"220\" src=\"https:\/\/transferpalma.com\/wp-content\/uploads\/2025\/05\/dining-lp-1.jpg\" class=\"attachment-large size-large wp-image-444\" alt=\"\" srcset=\"https:\/\/transferpalma.com\/wp-content\/uploads\/2025\/05\/dining-lp-1.jpg 605w, https:\/\/transferpalma.com\/wp-content\/uploads\/2025\/05\/dining-lp-1-600x218.jpg 600w, https:\/\/transferpalma.com\/wp-content\/uploads\/2025\/05\/dining-lp-1-300x109.jpg 300w\" sizes=\"(max-width: 605px) 100vw, 605px\" \/>\t\t\t\t\t\t\t\t\t\t\t\t\t\t\t<\/div>\n\t\t\t\t<\/div>\n\t\t\t\t<\/div>\n\t\t<div class=\"elementor-element elementor-element-15e9a828 e-con-full e-flex e-con e-child\" data-id=\"15e9a828\" data-element_type=\"container\">\n\t\t\t\t<div class=\"elementor-element elementor-element-67c5e7d7 elementor-widget elementor-widget-text-editor\" data-id=\"67c5e7d7\" data-element_type=\"widget\" data-widget_type=\"text-editor.default\">\n\t\t\t\t<div class=\"elementor-widget-container\">\n\t\t\t\t\t\t\t\t\t<ul><li><span class=\"elementor-icon-list-text\">La Paloma<\/span><\/li><li><span class=\"elementor-icon-list-text\">La Nueva Burguesa<\/span><\/li><li>Milla Cocina Mestiza<\/li><li>Daikiya<\/li><li>Agra Tandoori Indian Restaurant<\/li><li>Norice Palma<\/li><li>Adri\u00e1n Quetglas<\/li><li>Taller de Mar<\/li><li>Mas39<\/li><\/ul>\t\t\t\t\t\t\t\t<\/div>\n\t\t\t\t<\/div>\n\t\t\t\t<\/div>\n\t\t\t\t<\/div>\n\t\t\t\t\t<\/div>\n\t\t\t\t<\/div>\n\t\t<div class=\"elementor-element elementor-element-58d4d89c e-flex e-con-boxed e-con e-parent\" data-id=\"58d4d89c\" data-element_type=\"container\">\n\t\t\t\t\t<div class=\"e-con-inner\">\n\t\t\t\t<div class=\"elementor-element elementor-element-64b74f06 elementor-widget elementor-widget-text-editor\" data-id=\"64b74f06\" data-element_type=\"widget\" data-widget_type=\"text-editor.default\">\n\t\t\t\t<div class=\"elementor-widget-container\">\n\t\t\t\t\t\t\t\t\t<h1 class=\"elementor-heading-title elementor-size-default\" style=\"font-size: 28px; font-weight: 600; color: #1072b5;\">Buchen Sie jetzt Ihr Hotel in Palma de Mallorca<\/h1>\t\t\t\t\t\t\t\t<\/div>\n\t\t\t\t<\/div>\n\t\t\t\t<div class=\"elementor-element elementor-element-740f699a elementor-widget elementor-widget-text-editor\" data-id=\"740f699a\" data-element_type=\"widget\" data-widget_type=\"text-editor.default\">\n\t\t\t\t<div class=\"elementor-widget-container\">\n\t\t\t\t\t\t\t\t\t<div class=\"elementor-element elementor-element-a472309 elementor-widget elementor-widget-text-editor\" data-id=\"a472309\" data-element_type=\"widget\" data-widget_type=\"text-editor.default\"><div class=\"elementor-widget-container\"><div class=\"elementor-text-editor elementor-clearfix\"><div class=\"elementor-element elementor-element-b2a5a10 elementor-widget elementor-widget-text-editor\" data-id=\"b2a5a10\" data-element_type=\"widget\" data-widget_type=\"text-editor.default\"><div class=\"elementor-widget-container\"><div class=\"elementor-text-editor elementor-clearfix\"><p>Wir zeigen Ihnen die Hotels in Palma de Mallorca, damit Sie Ihren Aufenthalt zum besten Preis buchen k\u00f6nnen.\u00a0<\/p><\/div><\/div><\/div><\/div><\/div><\/div>\t\t\t\t\t\t\t\t<\/div>\n\t\t\t\t<\/div>\n\t\t\t\t\t<\/div>\n\t\t\t\t<\/div>\n\t\t<div class=\"elementor-element elementor-element-5519e798 e-flex e-con-boxed e-con e-parent\" data-id=\"5519e798\" data-element_type=\"container\" data-settings=\"{&quot;background_background&quot;:&quot;classic&quot;}\">\n\t\t\t\t\t<div class=\"e-con-inner\">\n\t\t<div class=\"elementor-element elementor-element-31f4aebb e-con-full e-flex e-con e-child\" data-id=\"31f4aebb\" data-element_type=\"container\">\n\t\t\t\t<div class=\"elementor-element elementor-element-4b0daf51 elementor-widget elementor-widget-text-editor\" data-id=\"4b0daf51\" data-element_type=\"widget\" data-widget_type=\"text-editor.default\">\n\t\t\t\t<div class=\"elementor-widget-container\">\n\t\t\t\t\t\t\t\t\t<div class=\"elementor-element elementor-element-64aeb9b6 elementor-view-default elementor-position-top elementor-vertical-align-top elementor-widget elementor-widget-icon-box\" data-id=\"64aeb9b6\" data-element_type=\"widget\" data-widget_type=\"icon-box.default\"><div class=\"elementor-widget-container\"><div class=\"elementor-icon-box-wrapper\"><div class=\"elementor-icon-box-content\"><h3 class=\"elementor-icon-box-title\" style=\"color: #ffffff;\"><strong>Was man in Palma de Mallorca sehen kann<\/strong><\/h3><\/div><\/div><\/div><\/div><p><b>Kathedrale von Mallorca<br \/><\/b>Eine gotische Kathedrale mit beeindruckenden Glasfenstern, von denen eines von Antoni Gaud\u00ed gestaltet wurde.<\/p><p><b>Palma Aquarium:<br \/><\/b>Sie k\u00f6nnen das tiefste Haifischbecken Europas besuchen.<\/p><p><b>Castell de Bellver:<br \/><\/b>Ein absolutes Muss in Palma, wenn Sie das einzige kreisf\u00f6rmige Schloss Spaniens entdecken m\u00f6chten, reich an Geschichte und mit unvergleichlichen Ausblicken auf die Stadt und ihre Umgebung.<\/p><p><b>Mercat Del Olivar:<\/b><br \/>Wundersch\u00f6ne Buchten mit kristallklarem Wasser, die Ausfl\u00fcge und Bootstouren anbieten.<\/p><p><b>Paseo del Borne:<br \/><\/b>Ein wundersch\u00f6ner Boulevard mit Gesch\u00e4ften und Caf\u00e9s, umgeben von \u00fcppigen B\u00e4umen.<\/p><p><strong>Aussichtspunkt Talaia de Son Jaumell<\/strong><\/p><p>Ein Aussichtspunkt auf dem Gipfel eines H\u00fcgels mit Panoramablick \u00fcber gro\u00dfe Teile der Insel.<\/p><p><strong>Cuevas de Art\u00e1:<\/strong><br \/>Pr\u00e4historische H\u00f6hlen mit beeindruckenden Stalagmiten und Stalaktiten.<\/p>\t\t\t\t\t\t\t\t<\/div>\n\t\t\t\t<\/div>\n\t\t\t\t<\/div>\n\t\t\t\t\t<\/div>\n\t\t\t\t<\/div>\n\t\t\t\t<\/div>","protected":false},"excerpt":{"rendered":"<p>Palma te espera Palma es la capital de la isla de Mallorca\u00a0donde viven m\u00e1s de la mitad de los habitantes de\u00a0Mallorca. Lugar que mantiene su atractivo durante todo el a\u00f1o y ofrece una gran variedad de restaurantes, hoteles, boutiques, pubs, discotecas, playas y una amplia oferta cultural. Museos, galer\u00edas de arte, conciertos y un exclusivo [&hellip;]<\/p>","protected":false},"author":1,"featured_media":0,"parent":0,"menu_order":0,"comment_status":"closed","ping_status":"closed","template":"elementor_header_footer","meta":{"_eb_attr":"","footnotes":""},"class_list":["post-731","page","type-page","status-publish","hentry"],"_links":{"self":[{"href":"https:\/\/transferpalma.com\/deu\/wp-json\/wp\/v2\/pages\/731","targetHints":{"allow":["GET"]}}],"collection":[{"href":"https:\/\/transferpalma.com\/deu\/wp-json\/wp\/v2\/pages"}],"about":[{"href":"https:\/\/transferpalma.com\/deu\/wp-json\/wp\/v2\/types\/page"}],"author":[{"embeddable":true,"href":"https:\/\/transferpalma.com\/deu\/wp-json\/wp\/v2\/users\/1"}],"replies":[{"embeddable":true,"href":"https:\/\/transferpalma.com\/deu\/wp-json\/wp\/v2\/comments?post=731"}],"version-history":[{"count":4,"href":"https:\/\/transferpalma.com\/deu\/wp-json\/wp\/v2\/pages\/731\/revisions"}],"predecessor-version":[{"id":1253,"href":"https:\/\/transferpalma.com\/deu\/wp-json\/wp\/v2\/pages\/731\/revisions\/1253"}],"wp:attachment":[{"href":"https:\/\/transferpalma.com\/deu\/wp-json\/wp\/v2\/media?parent=731"}],"curies":[{"name":"wp","href":"https:\/\/api.w.org\/{rel}","templated":true}]}}