{"id":608,"date":"2025-05-08T21:09:13","date_gmt":"2025-05-08T21:09:13","guid":{"rendered":"https:\/\/transferpalma.com\/?page_id=608"},"modified":"2025-12-13T19:33:28","modified_gmt":"2025-12-13T19:33:28","slug":"paguera","status":"publish","type":"page","link":"https:\/\/transferpalma.com\/deu\/paguera\/","title":{"rendered":"Paguera"},"content":{"rendered":"<div data-elementor-type=\"wp-page\" data-elementor-id=\"608\" class=\"elementor elementor-608\" data-elementor-post-type=\"page\">\n\t\t\t\t<div class=\"elementor-element elementor-element-265cfda8 e-con-full e-flex e-con e-parent\" data-id=\"265cfda8\" data-element_type=\"container\">\n\t\t<div class=\"elementor-element elementor-element-d5c2cc3 e-con-full e-flex e-con e-child\" data-id=\"d5c2cc3\" data-element_type=\"container\">\n\t\t\t\t<div class=\"elementor-element elementor-element-294930a2 elementor-widget__width-inherit elementor-widget elementor-widget-image\" data-id=\"294930a2\" data-element_type=\"widget\" data-widget_type=\"image.default\">\n\t\t\t\t<div class=\"elementor-widget-container\">\n\t\t\t\t\t\t\t\t\t\t\t\t\t\t\t<img fetchpriority=\"high\" decoding=\"async\" width=\"1920\" height=\"600\" src=\"https:\/\/transferpalma.com\/wp-content\/uploads\/2025\/05\/banner-cala-paguera.jpg\" class=\"attachment-full size-full wp-image-616\" alt=\"\" srcset=\"https:\/\/transferpalma.com\/wp-content\/uploads\/2025\/05\/banner-cala-paguera.jpg 1920w, https:\/\/transferpalma.com\/wp-content\/uploads\/2025\/05\/banner-cala-paguera-600x188.jpg 600w, https:\/\/transferpalma.com\/wp-content\/uploads\/2025\/05\/banner-cala-paguera-300x94.jpg 300w, https:\/\/transferpalma.com\/wp-content\/uploads\/2025\/05\/banner-cala-paguera-1024x320.jpg 1024w, https:\/\/transferpalma.com\/wp-content\/uploads\/2025\/05\/banner-cala-paguera-768x240.jpg 768w, https:\/\/transferpalma.com\/wp-content\/uploads\/2025\/05\/banner-cala-paguera-1536x480.jpg 1536w\" sizes=\"(max-width: 1920px) 100vw, 1920px\" \/>\t\t\t\t\t\t\t\t\t\t\t\t\t\t\t<\/div>\n\t\t\t\t<\/div>\n\t\t\t\t<\/div>\n\t\t<div class=\"elementor-element elementor-element-656a7f1c e-flex e-con-boxed e-con e-child\" data-id=\"656a7f1c\" data-element_type=\"container\">\n\t\t\t\t\t<div class=\"e-con-inner\">\n\t\t\t\t<div class=\"elementor-element elementor-element-37a61eca elementor-widget elementor-widget-text-editor\" data-id=\"37a61eca\" data-element_type=\"widget\" data-widget_type=\"text-editor.default\">\n\t\t\t\t<div class=\"elementor-widget-container\">\n\t\t\t\t\t\t\t\t\t<h1 class=\"elementor-heading-title elementor-size-default\" style=\"font-size: 28px; font-weight: 600; color: #1072b5;\">Paguera erwartet Sie<\/h1>\t\t\t\t\t\t\t\t<\/div>\n\t\t\t\t<\/div>\n\t\t\t\t<div class=\"elementor-element elementor-element-3acb430a elementor-widget elementor-widget-text-editor\" data-id=\"3acb430a\" data-element_type=\"widget\" data-widget_type=\"text-editor.default\">\n\t\t\t\t<div class=\"elementor-widget-container\">\n\t\t\t\t\t\t\t\t\t<p>Paguera, auch als Peguera bekannt, wird oft als Little Germany oder Klein-Deutschland bezeichnet, da der Ort seit jeher bei deutschen Touristen sehr beliebt ist. Er verf\u00fcgt \u00fcber einen Kur- und Wellnessbereich, der sowohl bei Besuchern als auch bei Einheimischen gesch\u00e4tzt wird und ideale Voraussetzungen zum Entspannen bietet.\nDie Gegend verf\u00fcgt \u00fcber drei Str\u00e4nde: Playa Tora, Playa Palmira und Playa La Romana.<\/p><p>Es bietet ein gro\u00dfes Freizeitangebot mit Bars, Pubs, Restaurants, sportlichen Aktivit\u00e4ten, Gesch\u00e4ften und Einkaufszentren.<\/p><p>Ein sch\u00f6ner Ausflugsort ist die Kathedrale, die nur wenige Meter vom Zentrum entfernt liegt und heute als Museum genutzt wird.<\/p><p>Diese Gegend liegt etwa 20 Autominuten von Palma de Mallorca entfernt, in der N\u00e4he von Cala Fornells, Magaluf, den Golfpl\u00e4tzen von Santa Ponsa und dem T Golf &amp; Country Club sowie von Costa de la Calma, Santa Ponsa, dem Hafen von Andratx und Camp de Mar.<\/p><p>Den G\u00e4sten der Anlage werden zahlreiche interessante Bootsausfl\u00fcge angeboten, wobei einer der beliebtesten der Ausflug zur Insel Sa Dragonera ist. Zu den Hauptattraktionen z\u00e4hlen zwei historische Leuchtt\u00fcrme, von denen sich einer auf der Spitze einer etwa 300 Meter hohen Steilk\u00fcste befindet.\n\nDas kleine Eiland besticht zudem durch seine nat\u00fcrliche Vielfalt und ist Lebensraum f\u00fcr endemische Eidechsenarten sowie seltene Vogelarten. Vor einigen Jahren wurde auf der Insel ein kleines Museum er\u00f6ffnet, das Besuchern die faszinierende Geschichte und die wichtigsten Besonderheiten n\u00e4herbringt.\n\nDar\u00fcber hinaus stehen den Touristen zahlreiche Wander- und Radwege in der Umgebung von Paguera zur Verf\u00fcgung.<\/p>\t\t\t\t\t\t\t\t<\/div>\n\t\t\t\t<\/div>\n\t\t\t\t\t<\/div>\n\t\t\t\t<\/div>\n\t\t\t\t<\/div>\n\t\t<div class=\"elementor-element elementor-element-359a5391 e-flex e-con-boxed e-con e-parent\" data-id=\"359a5391\" data-element_type=\"container\">\n\t\t\t\t\t<div class=\"e-con-inner\">\n\t\t<div class=\"elementor-element elementor-element-674ae19e e-con-full e-flex e-con e-child\" data-id=\"674ae19e\" data-element_type=\"container\">\n\t\t<div class=\"elementor-element elementor-element-3b78f6d6 e-con-full e-flex e-con e-child\" data-id=\"3b78f6d6\" data-element_type=\"container\">\n\t\t\t\t<div class=\"elementor-element elementor-element-213da57f elementor-widget elementor-widget-text-editor\" data-id=\"213da57f\" data-element_type=\"widget\" data-widget_type=\"text-editor.default\">\n\t\t\t\t<div class=\"elementor-widget-container\">\n\t\t\t\t\t\t\t\t\t<h2 class=\"elementor-heading-title elementor-size-default\" style=\"font-size: 24px; font-weight: 600;\">Wo sollte man in Paguera \u00fcbernachten?<\/h2>\t\t\t\t\t\t\t\t<\/div>\n\t\t\t\t<\/div>\n\t\t\t\t<\/div>\n\t\t<div class=\"elementor-element elementor-element-1834fefc e-con-full e-flex e-con e-child\" data-id=\"1834fefc\" data-element_type=\"container\">\n\t\t\t\t<div class=\"elementor-element elementor-element-532feeb4 elementor-widget elementor-widget-text-editor\" data-id=\"532feeb4\" data-element_type=\"widget\" data-widget_type=\"text-editor.default\">\n\t\t\t\t<div class=\"elementor-widget-container\">\n\t\t\t\t\t\t\t\t\t<ul><li><span class=\"elementor-icon-list-text\">Secrets Mallorca Villamil Resort &amp; Spa Only Adults<\/span><\/li><li>Valentin Park Clubhotel<\/li><li>Villa Columbus Boutique Hotel &amp; Restaurant Paguera Mallorca<\/li><li>Valentin Paguera Hotel &amp; Suites<\/li><\/ul>\t\t\t\t\t\t\t\t<\/div>\n\t\t\t\t<\/div>\n\t\t\t\t<\/div>\n\t\t\t\t<\/div>\n\t\t<div class=\"elementor-element elementor-element-78e92990 e-con-full e-flex e-con e-child\" data-id=\"78e92990\" data-element_type=\"container\">\n\t\t<div class=\"elementor-element elementor-element-7a88796a e-con-full e-flex e-con e-child\" data-id=\"7a88796a\" data-element_type=\"container\">\n\t\t\t\t<div class=\"elementor-element elementor-element-54b1d906 elementor-widget elementor-widget-text-editor\" data-id=\"54b1d906\" data-element_type=\"widget\" data-widget_type=\"text-editor.default\">\n\t\t\t\t<div class=\"elementor-widget-container\">\n\t\t\t\t\t\t\t\t\t<h2 class=\"elementor-heading-title elementor-size-default\" style=\"font-size: 24px; font-weight: 600;\">Wo kann man in Paguera essen?<\/h2>\t\t\t\t\t\t\t\t<\/div>\n\t\t\t\t<\/div>\n\t\t\t\t<div class=\"elementor-element elementor-element-1da6cc3e elementor-widget elementor-widget-image\" data-id=\"1da6cc3e\" data-element_type=\"widget\" data-widget_type=\"image.default\">\n\t\t\t\t<div class=\"elementor-widget-container\">\n\t\t\t\t\t\t\t\t\t\t\t\t\t\t\t<img decoding=\"async\" width=\"605\" height=\"220\" src=\"https:\/\/transferpalma.com\/wp-content\/uploads\/2025\/05\/dining-lp-1.jpg\" class=\"attachment-large size-large wp-image-444\" alt=\"\" srcset=\"https:\/\/transferpalma.com\/wp-content\/uploads\/2025\/05\/dining-lp-1.jpg 605w, https:\/\/transferpalma.com\/wp-content\/uploads\/2025\/05\/dining-lp-1-600x218.jpg 600w, https:\/\/transferpalma.com\/wp-content\/uploads\/2025\/05\/dining-lp-1-300x109.jpg 300w\" sizes=\"(max-width: 605px) 100vw, 605px\" \/>\t\t\t\t\t\t\t\t\t\t\t\t\t\t\t<\/div>\n\t\t\t\t<\/div>\n\t\t\t\t<\/div>\n\t\t<div class=\"elementor-element elementor-element-102ba109 e-con-full e-flex e-con e-child\" data-id=\"102ba109\" data-element_type=\"container\">\n\t\t\t\t<div class=\"elementor-element elementor-element-7daf222a elementor-widget elementor-widget-text-editor\" data-id=\"7daf222a\" data-element_type=\"widget\" data-widget_type=\"text-editor.default\">\n\t\t\t\t<div class=\"elementor-widget-container\">\n\t\t\t\t\t\t\t\t\t<ul><li><span class=\"elementor-icon-list-text\">El Fogon7<\/span><\/li><li>Feliciano&#8217;s<\/li><li>La Cubita<\/li><li>Restaurante Casa Rustica<\/li><li>Osteria La Campana<\/li><li>Mar y Mar Restaurante &amp; Beach Bar<\/li><\/ul>\t\t\t\t\t\t\t\t<\/div>\n\t\t\t\t<\/div>\n\t\t\t\t<\/div>\n\t\t\t\t<\/div>\n\t\t\t\t\t<\/div>\n\t\t\t\t<\/div>\n\t\t<div class=\"elementor-element elementor-element-4c0c8ac1 e-flex e-con-boxed e-con e-parent\" data-id=\"4c0c8ac1\" data-element_type=\"container\">\n\t\t\t\t\t<div class=\"e-con-inner\">\n\t\t\t\t<div class=\"elementor-element elementor-element-61a11a36 elementor-widget elementor-widget-text-editor\" data-id=\"61a11a36\" data-element_type=\"widget\" data-widget_type=\"text-editor.default\">\n\t\t\t\t<div class=\"elementor-widget-container\">\n\t\t\t\t\t\t\t\t\t<h1 class=\"elementor-heading-title elementor-size-default\" style=\"font-size: 28px; font-weight: 600; color: #1072b5;\">Buchen Sie jetzt Ihr Hotel in Paguera<\/h1>\t\t\t\t\t\t\t\t<\/div>\n\t\t\t\t<\/div>\n\t\t\t\t<div class=\"elementor-element elementor-element-14f1716f elementor-widget elementor-widget-text-editor\" data-id=\"14f1716f\" data-element_type=\"widget\" data-widget_type=\"text-editor.default\">\n\t\t\t\t<div class=\"elementor-widget-container\">\n\t\t\t\t\t\t\t\t\t<div class=\"elementor-element elementor-element-a472309 elementor-widget elementor-widget-text-editor\" data-id=\"a472309\" data-element_type=\"widget\" data-widget_type=\"text-editor.default\"><div class=\"elementor-widget-container\"><div class=\"elementor-text-editor elementor-clearfix\"><div class=\"elementor-element elementor-element-b2a5a10 elementor-widget elementor-widget-text-editor\" data-id=\"b2a5a10\" data-element_type=\"widget\" data-widget_type=\"text-editor.default\"><div class=\"elementor-widget-container\"><div class=\"elementor-text-editor elementor-clearfix\"><p>Wir zeigen Ihnen die Hotels in Paguera, damit Sie Ihren Aufenthalt in Palma de Mallorca zum besten Preis buchen k\u00f6nnen.\u00a0<\/p><\/div><\/div><\/div><\/div><\/div><\/div>\t\t\t\t\t\t\t\t<\/div>\n\t\t\t\t<\/div>\n\t\t\t\t\t<\/div>\n\t\t\t\t<\/div>\n\t\t<div class=\"elementor-element elementor-element-5ec52962 e-flex e-con-boxed e-con e-parent\" data-id=\"5ec52962\" data-element_type=\"container\" data-settings=\"{&quot;background_background&quot;:&quot;classic&quot;}\">\n\t\t\t\t\t<div class=\"e-con-inner\">\n\t\t<div class=\"elementor-element elementor-element-192258f3 e-con-full e-flex e-con e-child\" data-id=\"192258f3\" data-element_type=\"container\">\n\t\t\t\t<div class=\"elementor-element elementor-element-5b1a5eb6 elementor-widget elementor-widget-text-editor\" data-id=\"5b1a5eb6\" data-element_type=\"widget\" data-widget_type=\"text-editor.default\">\n\t\t\t\t<div class=\"elementor-widget-container\">\n\t\t\t\t\t\t\t\t\t<div class=\"elementor-element elementor-element-64aeb9b6 elementor-view-default elementor-position-top elementor-vertical-align-top elementor-widget elementor-widget-icon-box\" data-id=\"64aeb9b6\" data-element_type=\"widget\" data-widget_type=\"icon-box.default\"><div class=\"elementor-widget-container\"><div class=\"elementor-icon-box-wrapper\"><div class=\"elementor-icon-box-content\"><h3 class=\"elementor-icon-box-title\" style=\"color: #ffffff;\"><strong>Paguera erwartet Sie<\/strong><\/h3><\/div><\/div><\/div><\/div><ul><li>Tora Beach<\/li><li>Palmira Beach<\/li><li>La Romana Beach<\/li><\/ul>\t\t\t\t\t\t\t\t<\/div>\n\t\t\t\t<\/div>\n\t\t\t\t<\/div>\n\t\t\t\t\t<\/div>\n\t\t\t\t<\/div>\n\t\t\t\t<\/div>","protected":false},"excerpt":{"rendered":"<p>Paguera te espera Paguera o Peguera es una poblaci\u00f3n que muchos han apodado como Little Germany o Peque\u00f1a Alemania ya que siempre ha tenido muchos turistas alemanes. Tiene un balneario que hace las delicias de los visitantes y lugare\u00f1os. Un lugar donde poder relajarse y esta zona tiene tres playas. Playa Tora, Playa Palmira y [&hellip;]<\/p>","protected":false},"author":1,"featured_media":0,"parent":0,"menu_order":0,"comment_status":"closed","ping_status":"closed","template":"","meta":{"_eb_attr":"","footnotes":""},"class_list":["post-608","page","type-page","status-publish","hentry"],"_links":{"self":[{"href":"https:\/\/transferpalma.com\/deu\/wp-json\/wp\/v2\/pages\/608","targetHints":{"allow":["GET"]}}],"collection":[{"href":"https:\/\/transferpalma.com\/deu\/wp-json\/wp\/v2\/pages"}],"about":[{"href":"https:\/\/transferpalma.com\/deu\/wp-json\/wp\/v2\/types\/page"}],"author":[{"embeddable":true,"href":"https:\/\/transferpalma.com\/deu\/wp-json\/wp\/v2\/users\/1"}],"replies":[{"embeddable":true,"href":"https:\/\/transferpalma.com\/deu\/wp-json\/wp\/v2\/comments?post=608"}],"version-history":[{"count":4,"href":"https:\/\/transferpalma.com\/deu\/wp-json\/wp\/v2\/pages\/608\/revisions"}],"predecessor-version":[{"id":1259,"href":"https:\/\/transferpalma.com\/deu\/wp-json\/wp\/v2\/pages\/608\/revisions\/1259"}],"wp:attachment":[{"href":"https:\/\/transferpalma.com\/deu\/wp-json\/wp\/v2\/media?parent=608"}],"curies":[{"name":"wp","href":"https:\/\/api.w.org\/{rel}","templated":true}]}}