{"id":575,"date":"2025-05-08T20:35:31","date_gmt":"2025-05-08T20:35:31","guid":{"rendered":"https:\/\/transferpalma.com\/?page_id=575"},"modified":"2025-12-13T19:37:41","modified_gmt":"2025-12-13T19:37:41","slug":"magalluf","status":"publish","type":"page","link":"https:\/\/transferpalma.com\/deu\/magalluf\/","title":{"rendered":"Magalluf"},"content":{"rendered":"<div data-elementor-type=\"wp-page\" data-elementor-id=\"575\" class=\"elementor elementor-575\" data-elementor-post-type=\"page\">\n\t\t\t\t<div class=\"elementor-element elementor-element-286f5ba8 e-con-full e-flex e-con e-parent\" data-id=\"286f5ba8\" data-element_type=\"container\">\n\t\t<div class=\"elementor-element elementor-element-58302a24 e-con-full e-flex e-con e-child\" data-id=\"58302a24\" data-element_type=\"container\">\n\t\t\t\t<div class=\"elementor-element elementor-element-1a119fb2 elementor-widget__width-inherit elementor-widget elementor-widget-image\" data-id=\"1a119fb2\" data-element_type=\"widget\" data-widget_type=\"image.default\">\n\t\t\t\t<div class=\"elementor-widget-container\">\n\t\t\t\t\t\t\t\t\t\t\t\t\t\t\t<img fetchpriority=\"high\" decoding=\"async\" width=\"1920\" height=\"600\" src=\"https:\/\/transferpalma.com\/wp-content\/uploads\/2025\/05\/banner-magalluf.jpg\" class=\"attachment-full size-full wp-image-585\" alt=\"\" srcset=\"https:\/\/transferpalma.com\/wp-content\/uploads\/2025\/05\/banner-magalluf.jpg 1920w, https:\/\/transferpalma.com\/wp-content\/uploads\/2025\/05\/banner-magalluf-600x188.jpg 600w, https:\/\/transferpalma.com\/wp-content\/uploads\/2025\/05\/banner-magalluf-300x94.jpg 300w, https:\/\/transferpalma.com\/wp-content\/uploads\/2025\/05\/banner-magalluf-1024x320.jpg 1024w, https:\/\/transferpalma.com\/wp-content\/uploads\/2025\/05\/banner-magalluf-768x240.jpg 768w, https:\/\/transferpalma.com\/wp-content\/uploads\/2025\/05\/banner-magalluf-1536x480.jpg 1536w\" sizes=\"(max-width: 1920px) 100vw, 1920px\" \/>\t\t\t\t\t\t\t\t\t\t\t\t\t\t\t<\/div>\n\t\t\t\t<\/div>\n\t\t\t\t<\/div>\n\t\t<div class=\"elementor-element elementor-element-38bddbd3 e-flex e-con-boxed e-con e-child\" data-id=\"38bddbd3\" data-element_type=\"container\">\n\t\t\t\t\t<div class=\"e-con-inner\">\n\t\t\t\t<div class=\"elementor-element elementor-element-6f4a6a14 elementor-widget elementor-widget-text-editor\" data-id=\"6f4a6a14\" data-element_type=\"widget\" data-widget_type=\"text-editor.default\">\n\t\t\t\t<div class=\"elementor-widget-container\">\n\t\t\t\t\t\t\t\t\t<h1 class=\"elementor-heading-title elementor-size-default\" style=\"font-size: 28px; font-weight: 600; color: #1072b5;\">Magaluf erwartet Sie<\/h1>\t\t\t\t\t\t\t\t<\/div>\n\t\t\t\t<\/div>\n\t\t\t\t<div class=\"elementor-element elementor-element-76f6878d elementor-widget elementor-widget-text-editor\" data-id=\"76f6878d\" data-element_type=\"widget\" data-widget_type=\"text-editor.default\">\n\t\t\t\t<div class=\"elementor-widget-container\">\n\t\t\t\t\t\t\t\t\t<p class=\"translation-block\">Magaluf ist bekannt f\u00fcr sein lebhaftes Nachtleben und seine ungezwungene Atmosph\u00e4re. Der Ort liegt im S\u00fcdwesten von Mallorca, in der Gemeinde Calvi\u00e0, nahe Palmanova.\nIn den 1960er-Jahren war Magaluf das bevorzugte und nahezu einzige Reiseziel britischer Touristen. Auch heute gilt der Ort bei vielen Besuchern aus Gro\u00dfbritannien als die Partyhauptstadt der Insel. Doch Magaluf hat weit mehr zu bieten: wundersch\u00f6ne Str\u00e4nde, ein modernes Einkaufszentrum sowie eine gro\u00dfe Auswahl an Attraktionen und Freizeitaktivit\u00e4ten.<\/p>\t\t\t\t\t\t\t\t<\/div>\n\t\t\t\t<\/div>\n\t\t\t\t\t<\/div>\n\t\t\t\t<\/div>\n\t\t\t\t<\/div>\n\t\t<div class=\"elementor-element elementor-element-419eb841 e-flex e-con-boxed e-con e-parent\" data-id=\"419eb841\" data-element_type=\"container\">\n\t\t\t\t\t<div class=\"e-con-inner\">\n\t\t<div class=\"elementor-element elementor-element-61016f65 e-con-full e-flex e-con e-child\" data-id=\"61016f65\" data-element_type=\"container\">\n\t\t<div class=\"elementor-element elementor-element-705a4788 e-con-full e-flex e-con e-child\" data-id=\"705a4788\" data-element_type=\"container\">\n\t\t\t\t<div class=\"elementor-element elementor-element-6b6afe43 elementor-widget elementor-widget-text-editor\" data-id=\"6b6afe43\" data-element_type=\"widget\" data-widget_type=\"text-editor.default\">\n\t\t\t\t<div class=\"elementor-widget-container\">\n\t\t\t\t\t\t\t\t\t<h2 class=\"elementor-heading-title elementor-size-default\" style=\"font-size: 24px; font-weight: 600;\">Wo sollte man in Magaluf \u00fcbernachten?<\/h2>\t\t\t\t\t\t\t\t<\/div>\n\t\t\t\t<\/div>\n\t\t\t\t<\/div>\n\t\t<div class=\"elementor-element elementor-element-2c42f45 e-con-full e-flex e-con e-child\" data-id=\"2c42f45\" data-element_type=\"container\">\n\t\t\t\t<div class=\"elementor-element elementor-element-1cf9828e elementor-widget elementor-widget-text-editor\" data-id=\"1cf9828e\" data-element_type=\"widget\" data-widget_type=\"text-editor.default\">\n\t\t\t\t<div class=\"elementor-widget-container\">\n\t\t\t\t\t\t\t\t\t<ul><li><span class=\"elementor-icon-list-text\">St Regis Mardavall<\/span><\/li><li><span class=\"elementor-icon-list-text\">Hotel Hospes Maricel &amp; Spa<\/span><\/li><li>Hotel Villa Italia<\/li><li>Finca Hotel Can Estades en Calvia<\/li><li>Iberostar Grand Hotel Portal Nous<\/li><li>Hotel Castell Son Claret<\/li><li>Melia Calvi\u00e1 beach<\/li><li>Sol Katmandu ParK &amp; Resort<\/li><\/ul>\t\t\t\t\t\t\t\t<\/div>\n\t\t\t\t<\/div>\n\t\t\t\t<\/div>\n\t\t\t\t<\/div>\n\t\t<div class=\"elementor-element elementor-element-34b914f2 e-con-full e-flex e-con e-child\" data-id=\"34b914f2\" data-element_type=\"container\">\n\t\t<div class=\"elementor-element elementor-element-366b0a9e e-con-full e-flex e-con e-child\" data-id=\"366b0a9e\" data-element_type=\"container\">\n\t\t\t\t<div class=\"elementor-element elementor-element-704dbda7 elementor-widget elementor-widget-text-editor\" data-id=\"704dbda7\" data-element_type=\"widget\" data-widget_type=\"text-editor.default\">\n\t\t\t\t<div class=\"elementor-widget-container\">\n\t\t\t\t\t\t\t\t\t<h2 class=\"elementor-heading-title elementor-size-default\" style=\"font-size: 24px; font-weight: 600;\">Wo kann man in Magaluf essen?<\/h2>\t\t\t\t\t\t\t\t<\/div>\n\t\t\t\t<\/div>\n\t\t\t\t<div class=\"elementor-element elementor-element-42668696 elementor-widget elementor-widget-image\" data-id=\"42668696\" data-element_type=\"widget\" data-widget_type=\"image.default\">\n\t\t\t\t<div class=\"elementor-widget-container\">\n\t\t\t\t\t\t\t\t\t\t\t\t\t\t\t<img decoding=\"async\" width=\"605\" height=\"220\" src=\"https:\/\/transferpalma.com\/wp-content\/uploads\/2025\/05\/dining-lp-1.jpg\" class=\"attachment-large size-large wp-image-444\" alt=\"\" srcset=\"https:\/\/transferpalma.com\/wp-content\/uploads\/2025\/05\/dining-lp-1.jpg 605w, https:\/\/transferpalma.com\/wp-content\/uploads\/2025\/05\/dining-lp-1-600x218.jpg 600w, https:\/\/transferpalma.com\/wp-content\/uploads\/2025\/05\/dining-lp-1-300x109.jpg 300w\" sizes=\"(max-width: 605px) 100vw, 605px\" \/>\t\t\t\t\t\t\t\t\t\t\t\t\t\t\t<\/div>\n\t\t\t\t<\/div>\n\t\t\t\t<\/div>\n\t\t<div class=\"elementor-element elementor-element-2aeffd23 e-con-full e-flex e-con e-child\" data-id=\"2aeffd23\" data-element_type=\"container\">\n\t\t\t\t<div class=\"elementor-element elementor-element-bb52a65 elementor-widget elementor-widget-text-editor\" data-id=\"bb52a65\" data-element_type=\"widget\" data-widget_type=\"text-editor.default\">\n\t\t\t\t<div class=\"elementor-widget-container\">\n\t\t\t\t\t\t\t\t\t<ul><li><span class=\"elementor-icon-list-text\">Nikki Beach Mallorca<\/span><\/li><li>Tan a Gustito Tapas<\/li><li>Restaurante EsFum<\/li><li>Restaurante Indio Mahal Tandoori<\/li><li>Restaurante Maricel<\/li><li>Restaurante Ritzi<\/li><li>Gran Hotel Son Net<\/li><li>Hotel Villa Italia<\/li><li>Restaurante Ciro\u00b4s<\/li><li>Lucy Wang<\/li><\/ul>\t\t\t\t\t\t\t\t<\/div>\n\t\t\t\t<\/div>\n\t\t\t\t<\/div>\n\t\t\t\t<\/div>\n\t\t\t\t\t<\/div>\n\t\t\t\t<\/div>\n\t\t<div class=\"elementor-element elementor-element-4f80518 e-flex e-con-boxed e-con e-parent\" data-id=\"4f80518\" data-element_type=\"container\">\n\t\t\t\t\t<div class=\"e-con-inner\">\n\t\t\t\t<div class=\"elementor-element elementor-element-57095bb3 elementor-widget elementor-widget-text-editor\" data-id=\"57095bb3\" data-element_type=\"widget\" data-widget_type=\"text-editor.default\">\n\t\t\t\t<div class=\"elementor-widget-container\">\n\t\t\t\t\t\t\t\t\t<h1 class=\"elementor-heading-title elementor-size-default\" style=\"font-size: 28px; font-weight: 600; color: #1072b5;\">Buchen Sie jetzt Ihr Hotel in Magaluf<\/h1>\t\t\t\t\t\t\t\t<\/div>\n\t\t\t\t<\/div>\n\t\t\t\t<div class=\"elementor-element elementor-element-3bd7568d elementor-widget elementor-widget-text-editor\" data-id=\"3bd7568d\" data-element_type=\"widget\" data-widget_type=\"text-editor.default\">\n\t\t\t\t<div class=\"elementor-widget-container\">\n\t\t\t\t\t\t\t\t\t<p>Wir zeigen Ihnen die Hotels in Magaluf, damit Sie Ihren Aufenthalt in Palma de Mallorca zum besten Preis buchen k\u00f6nnen.\u00a0<\/p>\t\t\t\t\t\t\t\t<\/div>\n\t\t\t\t<\/div>\n\t\t\t\t\t<\/div>\n\t\t\t\t<\/div>\n\t\t<div class=\"elementor-element elementor-element-3bd1644d e-flex e-con-boxed e-con e-parent\" data-id=\"3bd1644d\" data-element_type=\"container\" data-settings=\"{&quot;background_background&quot;:&quot;classic&quot;}\">\n\t\t\t\t\t<div class=\"e-con-inner\">\n\t\t<div class=\"elementor-element elementor-element-78038193 e-con-full e-flex e-con e-child\" data-id=\"78038193\" data-element_type=\"container\">\n\t\t\t\t<div class=\"elementor-element elementor-element-24f78570 elementor-widget elementor-widget-text-editor\" data-id=\"24f78570\" data-element_type=\"widget\" data-widget_type=\"text-editor.default\">\n\t\t\t\t<div class=\"elementor-widget-container\">\n\t\t\t\t\t\t\t\t\t<div class=\"elementor-element elementor-element-64aeb9b6 elementor-view-default elementor-position-top elementor-vertical-align-top elementor-widget elementor-widget-icon-box\" data-id=\"64aeb9b6\" data-element_type=\"widget\" data-widget_type=\"icon-box.default\"><div class=\"elementor-widget-container\"><div class=\"elementor-icon-box-wrapper\"><div class=\"elementor-icon-box-content\"><h3 class=\"elementor-icon-box-title\" style=\"color: #ffffff;\"><strong>Was man in Magaluf sehen kann<\/strong><\/h3><\/div><\/div><\/div><\/div><p><b>BMC:<br \/><\/b>Einer der bekanntesten Nachtclubs Europas. Gew\u00e4hlt zum f\u00fcnftbesten Nachtclub der Welt.<\/p><p><b>Nicki Beach Club Mallorca:<br \/><\/b>Ein angesagter Ort f\u00fcr alle, die Lust auf Party haben, mit gro\u00dfem Pool, exzellentem Service und luxuri\u00f6sem Ambiente.\u00a0<\/p><p><b>Pirates Adventure Show:<br \/><\/b>Dinner-Shows mit der besten Atmosph\u00e4re auf Mallorca.<\/p><p><b>Agualand Waterpark S\u2019Arenal:<br \/><\/b>Einer der gr\u00f6\u00dften Wasserparks der Welt. Er bietet einen Mini-Zoo, einen Kinderbauernhof und Papageienshows.<\/p><p><b>Katmandu Park<br \/><\/b>Ein Aussichtspunkt auf dem Gipfel eines H\u00fcgels mit Panoramablick \u00fcber gro\u00dfe Teile der Insel.<\/p>\t\t\t\t\t\t\t\t<\/div>\n\t\t\t\t<\/div>\n\t\t\t\t<\/div>\n\t\t\t\t\t<\/div>\n\t\t\t\t<\/div>\n\t\t\t\t<\/div>","protected":false},"excerpt":{"rendered":"<p>Magalluf te espera Conocido por su animada vida nocturna y gran desparpajo,\u00a0Magaluf\u00a0se encuentra en el suroeste de\u00a0Mallorca, en el municipio de Calvi\u00e0, cerca de Palma Nova. Esta localidad fue el destino predilecto y pr\u00e1cticamente \u00fanico de los turistas brit\u00e1nicos de la d\u00e9cada de los \u201960 y, hoy en d\u00eda, es considerada por los ingleses como [&hellip;]<\/p>","protected":false},"author":1,"featured_media":0,"parent":0,"menu_order":0,"comment_status":"closed","ping_status":"closed","template":"elementor_header_footer","meta":{"_eb_attr":"","footnotes":""},"class_list":["post-575","page","type-page","status-publish","hentry"],"_links":{"self":[{"href":"https:\/\/transferpalma.com\/deu\/wp-json\/wp\/v2\/pages\/575","targetHints":{"allow":["GET"]}}],"collection":[{"href":"https:\/\/transferpalma.com\/deu\/wp-json\/wp\/v2\/pages"}],"about":[{"href":"https:\/\/transferpalma.com\/deu\/wp-json\/wp\/v2\/types\/page"}],"author":[{"embeddable":true,"href":"https:\/\/transferpalma.com\/deu\/wp-json\/wp\/v2\/users\/1"}],"replies":[{"embeddable":true,"href":"https:\/\/transferpalma.com\/deu\/wp-json\/wp\/v2\/comments?post=575"}],"version-history":[{"count":4,"href":"https:\/\/transferpalma.com\/deu\/wp-json\/wp\/v2\/pages\/575\/revisions"}],"predecessor-version":[{"id":1267,"href":"https:\/\/transferpalma.com\/deu\/wp-json\/wp\/v2\/pages\/575\/revisions\/1267"}],"wp:attachment":[{"href":"https:\/\/transferpalma.com\/deu\/wp-json\/wp\/v2\/media?parent=575"}],"curies":[{"name":"wp","href":"https:\/\/api.w.org\/{rel}","templated":true}]}}