{"id":550,"date":"2025-05-06T04:36:35","date_gmt":"2025-05-06T04:36:35","guid":{"rendered":"https:\/\/transferpalma.com\/?page_id=550"},"modified":"2025-12-13T19:38:04","modified_gmt":"2025-12-13T19:38:04","slug":"illetas","status":"publish","type":"page","link":"https:\/\/transferpalma.com\/deu\/illetas\/","title":{"rendered":"Illetas"},"content":{"rendered":"<div data-elementor-type=\"wp-page\" data-elementor-id=\"550\" class=\"elementor elementor-550\" data-elementor-post-type=\"page\">\n\t\t\t\t<div class=\"elementor-element elementor-element-362c0db2 e-con-full e-flex e-con e-parent\" data-id=\"362c0db2\" data-element_type=\"container\">\n\t\t<div class=\"elementor-element elementor-element-355b1c3e e-con-full e-flex e-con e-child\" data-id=\"355b1c3e\" data-element_type=\"container\">\n\t\t\t\t<div class=\"elementor-element elementor-element-7716c8c0 elementor-widget__width-inherit elementor-widget elementor-widget-image\" data-id=\"7716c8c0\" data-element_type=\"widget\" data-widget_type=\"image.default\">\n\t\t\t\t<div class=\"elementor-widget-container\">\n\t\t\t\t\t\t\t\t\t\t\t\t\t\t\t<img fetchpriority=\"high\" decoding=\"async\" width=\"1920\" height=\"600\" src=\"https:\/\/transferpalma.com\/wp-content\/uploads\/2025\/05\/banner-Illetas.jpg\" class=\"attachment-full size-full wp-image-561\" alt=\"\" srcset=\"https:\/\/transferpalma.com\/wp-content\/uploads\/2025\/05\/banner-Illetas.jpg 1920w, https:\/\/transferpalma.com\/wp-content\/uploads\/2025\/05\/banner-Illetas-600x188.jpg 600w, https:\/\/transferpalma.com\/wp-content\/uploads\/2025\/05\/banner-Illetas-300x94.jpg 300w, https:\/\/transferpalma.com\/wp-content\/uploads\/2025\/05\/banner-Illetas-1024x320.jpg 1024w, https:\/\/transferpalma.com\/wp-content\/uploads\/2025\/05\/banner-Illetas-768x240.jpg 768w, https:\/\/transferpalma.com\/wp-content\/uploads\/2025\/05\/banner-Illetas-1536x480.jpg 1536w\" sizes=\"(max-width: 1920px) 100vw, 1920px\" \/>\t\t\t\t\t\t\t\t\t\t\t\t\t\t\t<\/div>\n\t\t\t\t<\/div>\n\t\t\t\t<\/div>\n\t\t<div class=\"elementor-element elementor-element-293b1a63 e-flex e-con-boxed e-con e-child\" data-id=\"293b1a63\" data-element_type=\"container\">\n\t\t\t\t\t<div class=\"e-con-inner\">\n\t\t\t\t<div class=\"elementor-element elementor-element-53301a59 elementor-widget elementor-widget-text-editor\" data-id=\"53301a59\" data-element_type=\"widget\" data-widget_type=\"text-editor.default\">\n\t\t\t\t<div class=\"elementor-widget-container\">\n\t\t\t\t\t\t\t\t\t<h1 class=\"elementor-heading-title elementor-size-default\" style=\"font-size: 28px; font-weight: 600; color: #1072b5;\">Illetas erwartet Sie<\/h1>\t\t\t\t\t\t\t\t<\/div>\n\t\t\t\t<\/div>\n\t\t\t\t<div class=\"elementor-element elementor-element-4640be97 elementor-widget elementor-widget-text-editor\" data-id=\"4640be97\" data-element_type=\"widget\" data-widget_type=\"text-editor.default\">\n\t\t\t\t<div class=\"elementor-widget-container\">\n\t\t\t\t\t\t\t\t\t<p class=\"translation-block\">Der kleine K\u00fcstenort Illetes (auch bekannt als Ses Illetes) wird sowohl wegen seiner hervorragenden Lage als auch wegen seiner exklusiven Beachclubs und seiner ruhigen, sandigen K\u00fcstenlage sehr gesch\u00e4tzt.<\/p><p class=\"translation-block\">Er verf\u00fcgt \u00fcber drei Str\u00e4nde: den Hauptstrand Playa de Illetes sowie die beiden kleineren Buchten Cala Oli und Cala Comtessa, die alle einen Blick auf kleine vorgelagerte Inselchen bieten und von Pinienw\u00e4ldern umgeben sind.<\/p><p class=\"translation-block\">Nach dem steilen K\u00fcstenabschnitt erstreckt sich der Ort \u00fcber mehrere Ebenen und begeistert mit beeindruckenden Meerblicken sowie seinem klassischen mediterranen Stil.<\/p>\t\t\t\t\t\t\t\t<\/div>\n\t\t\t\t<\/div>\n\t\t\t\t\t<\/div>\n\t\t\t\t<\/div>\n\t\t\t\t<\/div>\n\t\t<div class=\"elementor-element elementor-element-75febdaf e-flex e-con-boxed e-con e-parent\" data-id=\"75febdaf\" data-element_type=\"container\">\n\t\t\t\t\t<div class=\"e-con-inner\">\n\t\t<div class=\"elementor-element elementor-element-4b7c8386 e-con-full e-flex e-con e-child\" data-id=\"4b7c8386\" data-element_type=\"container\">\n\t\t<div class=\"elementor-element elementor-element-557a6a04 e-con-full e-flex e-con e-child\" data-id=\"557a6a04\" data-element_type=\"container\">\n\t\t\t\t<div class=\"elementor-element elementor-element-76873469 elementor-widget elementor-widget-text-editor\" data-id=\"76873469\" data-element_type=\"widget\" data-widget_type=\"text-editor.default\">\n\t\t\t\t<div class=\"elementor-widget-container\">\n\t\t\t\t\t\t\t\t\t<h2 class=\"elementor-heading-title elementor-size-default\" style=\"font-size: 24px; font-weight: 600;\">Wo sollte man in Illetas \u00fcbernachten?<\/h2>\t\t\t\t\t\t\t\t<\/div>\n\t\t\t\t<\/div>\n\t\t\t\t<\/div>\n\t\t<div class=\"elementor-element elementor-element-2caac150 e-con-full e-flex e-con e-child\" data-id=\"2caac150\" data-element_type=\"container\">\n\t\t\t\t<div class=\"elementor-element elementor-element-53dc0cb2 elementor-widget elementor-widget-text-editor\" data-id=\"53dc0cb2\" data-element_type=\"widget\" data-widget_type=\"text-editor.default\">\n\t\t\t\t<div class=\"elementor-widget-container\">\n\t\t\t\t\t\t\t\t\t<ul><li><span class=\"elementor-icon-list-text\">Hotel Riu Bonanza Park<\/span><\/li><li>Hotel Roc Illetas<\/li><li>BonSol Hotel Resort &amp; Spa<\/li><li>Europe Playa Marina<\/li><li>Gran Melia de Mar<\/li><li>Barcelo Illetas Albatros<\/li><\/ul>\t\t\t\t\t\t\t\t<\/div>\n\t\t\t\t<\/div>\n\t\t\t\t<\/div>\n\t\t\t\t<\/div>\n\t\t<div class=\"elementor-element elementor-element-2be345c0 e-con-full e-flex e-con e-child\" data-id=\"2be345c0\" data-element_type=\"container\">\n\t\t<div class=\"elementor-element elementor-element-c11cc1 e-con-full e-flex e-con e-child\" data-id=\"c11cc1\" data-element_type=\"container\">\n\t\t\t\t<div class=\"elementor-element elementor-element-4915d2b6 elementor-widget elementor-widget-text-editor\" data-id=\"4915d2b6\" data-element_type=\"widget\" data-widget_type=\"text-editor.default\">\n\t\t\t\t<div class=\"elementor-widget-container\">\n\t\t\t\t\t\t\t\t\t<h2 class=\"elementor-heading-title elementor-size-default\" style=\"font-size: 24px; font-weight: 600;\">Wo kann man in Illetas essen?<\/h2>\t\t\t\t\t\t\t\t<\/div>\n\t\t\t\t<\/div>\n\t\t\t\t<div class=\"elementor-element elementor-element-697b52ec elementor-widget elementor-widget-image\" data-id=\"697b52ec\" data-element_type=\"widget\" data-widget_type=\"image.default\">\n\t\t\t\t<div class=\"elementor-widget-container\">\n\t\t\t\t\t\t\t\t\t\t\t\t\t\t\t<img decoding=\"async\" width=\"605\" height=\"220\" src=\"https:\/\/transferpalma.com\/wp-content\/uploads\/2025\/05\/dining-lp-1.jpg\" class=\"attachment-large size-large wp-image-444\" alt=\"\" srcset=\"https:\/\/transferpalma.com\/wp-content\/uploads\/2025\/05\/dining-lp-1.jpg 605w, https:\/\/transferpalma.com\/wp-content\/uploads\/2025\/05\/dining-lp-1-600x218.jpg 600w, https:\/\/transferpalma.com\/wp-content\/uploads\/2025\/05\/dining-lp-1-300x109.jpg 300w\" sizes=\"(max-width: 605px) 100vw, 605px\" \/>\t\t\t\t\t\t\t\t\t\t\t\t\t\t\t<\/div>\n\t\t\t\t<\/div>\n\t\t\t\t<\/div>\n\t\t<div class=\"elementor-element elementor-element-10204c3b e-con-full e-flex e-con e-child\" data-id=\"10204c3b\" data-element_type=\"container\">\n\t\t\t\t<div class=\"elementor-element elementor-element-4b9e1a38 elementor-widget elementor-widget-text-editor\" data-id=\"4b9e1a38\" data-element_type=\"widget\" data-widget_type=\"text-editor.default\">\n\t\t\t\t<div class=\"elementor-widget-container\">\n\t\t\t\t\t\t\t\t\t<ul><li><span class=\"elementor-icon-list-text\">The Crow&#8217;s Nest Mallorca<\/span><\/li><li>Bottega Bay Rocks and Stones<\/li><li>Calypso Resto Bar<\/li><li>Bukaro Ristorante Italiano<\/li><li>Restaurante Illetas Playa<\/li><\/ul>\t\t\t\t\t\t\t\t<\/div>\n\t\t\t\t<\/div>\n\t\t\t\t<\/div>\n\t\t\t\t<\/div>\n\t\t\t\t\t<\/div>\n\t\t\t\t<\/div>\n\t\t<div class=\"elementor-element elementor-element-6dabc4be e-flex e-con-boxed e-con e-parent\" data-id=\"6dabc4be\" data-element_type=\"container\">\n\t\t\t\t\t<div class=\"e-con-inner\">\n\t\t\t\t<div class=\"elementor-element elementor-element-54d359b elementor-widget elementor-widget-text-editor\" data-id=\"54d359b\" data-element_type=\"widget\" data-widget_type=\"text-editor.default\">\n\t\t\t\t<div class=\"elementor-widget-container\">\n\t\t\t\t\t\t\t\t\t<h1 class=\"elementor-heading-title elementor-size-default\" style=\"font-size: 28px; font-weight: 600; color: #1072b5;\">Buchen Sie jetzt Ihr Hotel in Illetas<\/h1>\t\t\t\t\t\t\t\t<\/div>\n\t\t\t\t<\/div>\n\t\t\t\t<div class=\"elementor-element elementor-element-44031af elementor-widget elementor-widget-text-editor\" data-id=\"44031af\" data-element_type=\"widget\" data-widget_type=\"text-editor.default\">\n\t\t\t\t<div class=\"elementor-widget-container\">\n\t\t\t\t\t\t\t\t\t<p>Wir zeigen Ihnen die Hotels in Illetas, damit Sie Ihren Aufenthalt in Palma de Mallorca zum besten Preis buchen k\u00f6nnen.<\/p>\t\t\t\t\t\t\t\t<\/div>\n\t\t\t\t<\/div>\n\t\t\t\t\t<\/div>\n\t\t\t\t<\/div>\n\t\t<div class=\"elementor-element elementor-element-40e2e35b e-flex e-con-boxed e-con e-parent\" data-id=\"40e2e35b\" data-element_type=\"container\" data-settings=\"{&quot;background_background&quot;:&quot;classic&quot;}\">\n\t\t\t\t\t<div class=\"e-con-inner\">\n\t\t<div class=\"elementor-element elementor-element-a6bad77 e-con-full e-flex e-con e-child\" data-id=\"a6bad77\" data-element_type=\"container\">\n\t\t\t\t<div class=\"elementor-element elementor-element-14636e70 elementor-widget elementor-widget-text-editor\" data-id=\"14636e70\" data-element_type=\"widget\" data-widget_type=\"text-editor.default\">\n\t\t\t\t<div class=\"elementor-widget-container\">\n\t\t\t\t\t\t\t\t\t<div class=\"elementor-element elementor-element-64aeb9b6 elementor-view-default elementor-position-top elementor-vertical-align-top elementor-widget elementor-widget-icon-box\" data-id=\"64aeb9b6\" data-element_type=\"widget\" data-widget_type=\"icon-box.default\"><div class=\"elementor-widget-container\"><div class=\"elementor-icon-box-wrapper\"><div class=\"elementor-icon-box-content\"><h3 class=\"elementor-icon-box-title\" style=\"color: #ffffff;\"><strong>Was man in Illetas sehen kann<\/strong><\/h3><\/div><\/div><\/div><\/div><ul><li>Strand von Illetas<\/li><li>Cala Comtesa<\/li><li>Cala Oli<\/li><li>Punta de Sa Grava<\/li><li>Punta de Sa Cova<\/li><li>Escull d\u2019en Caga Alatxes<\/li><\/ul>\t\t\t\t\t\t\t\t<\/div>\n\t\t\t\t<\/div>\n\t\t\t\t<\/div>\n\t\t\t\t\t<\/div>\n\t\t\t\t<\/div>\n\t\t\t\t<\/div>","protected":false},"excerpt":{"rendered":"<p>Illetas te espera El peque\u00f1o\u00a0complejo playero de Illetes\u00a0(o Ses Illetes) es una zona apreciada tanto por su excelente ubicaci\u00f3n como por sus distinguidos\u00a0clubs de playa\u00a0y su situaci\u00f3n tranquila, arenosa y costera. Dispone de\u00a0tres playas: la playa de arena principal dePlaya de Illetes\u00a0y las dos calas m\u00e1s peque\u00f1as de\u00a0Cala Oli\u00a0y\u00a0Cala Comtessa, todas ellas con vistas a [&hellip;]<\/p>","protected":false},"author":1,"featured_media":0,"parent":0,"menu_order":0,"comment_status":"closed","ping_status":"closed","template":"elementor_header_footer","meta":{"_eb_attr":"","footnotes":""},"class_list":["post-550","page","type-page","status-publish","hentry"],"_links":{"self":[{"href":"https:\/\/transferpalma.com\/deu\/wp-json\/wp\/v2\/pages\/550","targetHints":{"allow":["GET"]}}],"collection":[{"href":"https:\/\/transferpalma.com\/deu\/wp-json\/wp\/v2\/pages"}],"about":[{"href":"https:\/\/transferpalma.com\/deu\/wp-json\/wp\/v2\/types\/page"}],"author":[{"embeddable":true,"href":"https:\/\/transferpalma.com\/deu\/wp-json\/wp\/v2\/users\/1"}],"replies":[{"embeddable":true,"href":"https:\/\/transferpalma.com\/deu\/wp-json\/wp\/v2\/comments?post=550"}],"version-history":[{"count":4,"href":"https:\/\/transferpalma.com\/deu\/wp-json\/wp\/v2\/pages\/550\/revisions"}],"predecessor-version":[{"id":1270,"href":"https:\/\/transferpalma.com\/deu\/wp-json\/wp\/v2\/pages\/550\/revisions\/1270"}],"wp:attachment":[{"href":"https:\/\/transferpalma.com\/deu\/wp-json\/wp\/v2\/media?parent=550"}],"curies":[{"name":"wp","href":"https:\/\/api.w.org\/{rel}","templated":true}]}}