{"id":528,"date":"2025-05-06T03:52:52","date_gmt":"2025-05-06T03:52:52","guid":{"rendered":"https:\/\/transferpalma.com\/?page_id=528"},"modified":"2025-12-13T19:40:19","modified_gmt":"2025-12-13T19:40:19","slug":"cala-picafort","status":"publish","type":"page","link":"https:\/\/transferpalma.com\/deu\/cala-picafort\/","title":{"rendered":"Cala Picafort"},"content":{"rendered":"<div data-elementor-type=\"wp-page\" data-elementor-id=\"528\" class=\"elementor elementor-528\" data-elementor-post-type=\"page\">\n\t\t\t\t<div class=\"elementor-element elementor-element-6383c3a e-con-full e-flex e-con e-parent\" data-id=\"6383c3a\" data-element_type=\"container\">\n\t\t<div class=\"elementor-element elementor-element-34f85561 e-con-full e-flex e-con e-child\" data-id=\"34f85561\" data-element_type=\"container\">\n\t\t\t\t<div class=\"elementor-element elementor-element-3e4f5af7 elementor-widget__width-inherit elementor-widget elementor-widget-image\" data-id=\"3e4f5af7\" data-element_type=\"widget\" data-widget_type=\"image.default\">\n\t\t\t\t<div class=\"elementor-widget-container\">\n\t\t\t\t\t\t\t\t\t\t\t\t\t\t\t<img fetchpriority=\"high\" decoding=\"async\" width=\"1920\" height=\"600\" src=\"https:\/\/transferpalma.com\/wp-content\/uploads\/2025\/05\/banner-cala-picafort.jpg\" class=\"attachment-full size-full wp-image-542\" alt=\"\" srcset=\"https:\/\/transferpalma.com\/wp-content\/uploads\/2025\/05\/banner-cala-picafort.jpg 1920w, https:\/\/transferpalma.com\/wp-content\/uploads\/2025\/05\/banner-cala-picafort-600x188.jpg 600w, https:\/\/transferpalma.com\/wp-content\/uploads\/2025\/05\/banner-cala-picafort-300x94.jpg 300w, https:\/\/transferpalma.com\/wp-content\/uploads\/2025\/05\/banner-cala-picafort-1024x320.jpg 1024w, https:\/\/transferpalma.com\/wp-content\/uploads\/2025\/05\/banner-cala-picafort-768x240.jpg 768w, https:\/\/transferpalma.com\/wp-content\/uploads\/2025\/05\/banner-cala-picafort-1536x480.jpg 1536w\" sizes=\"(max-width: 1920px) 100vw, 1920px\" \/>\t\t\t\t\t\t\t\t\t\t\t\t\t\t\t<\/div>\n\t\t\t\t<\/div>\n\t\t\t\t<\/div>\n\t\t<div class=\"elementor-element elementor-element-34784a6d e-flex e-con-boxed e-con e-child\" data-id=\"34784a6d\" data-element_type=\"container\">\n\t\t\t\t\t<div class=\"e-con-inner\">\n\t\t\t\t<div class=\"elementor-element elementor-element-2468a881 elementor-widget elementor-widget-text-editor\" data-id=\"2468a881\" data-element_type=\"widget\" data-widget_type=\"text-editor.default\">\n\t\t\t\t<div class=\"elementor-widget-container\">\n\t\t\t\t\t\t\t\t\t<h1 class=\"elementor-heading-title elementor-size-default\" style=\"font-size: 28px; font-weight: 600; color: #1072b5;\">Can Picafort erwartet Sie<\/h1>\t\t\t\t\t\t\t\t<\/div>\n\t\t\t\t<\/div>\n\t\t\t\t<div class=\"elementor-element elementor-element-31a937a2 elementor-widget elementor-widget-text-editor\" data-id=\"31a937a2\" data-element_type=\"widget\" data-widget_type=\"text-editor.default\">\n\t\t\t\t<div class=\"elementor-widget-container\">\n\t\t\t\t\t\t\t\t\t<p class=\"p1 translation-block\">Can Picafort ist ein Ferienort an der Nordk\u00fcste der Insel und geh\u00f6rt zur Gemeinde Santa Margalida. Der Ort liegt in der Bucht von Alc\u00fadia, einer Region mit einer gro\u00dfen Auswahl an Hotels und Restaurants. Im Laufe der Jahre hat sich Can Picafort zu einem der beliebtesten Reiseziele der Insel f\u00fcr deutsche, britische und internationale Touristen entwickelt.\nBuchen Sie jetzt Ihren Transfer vom Flughafen Palma de Mallorca nach Can Picafort.<\/p>\t\t\t\t\t\t\t\t<\/div>\n\t\t\t\t<\/div>\n\t\t\t\t\t<\/div>\n\t\t\t\t<\/div>\n\t\t\t\t<\/div>\n\t\t<div class=\"elementor-element elementor-element-2a720620 e-flex e-con-boxed e-con e-parent\" data-id=\"2a720620\" data-element_type=\"container\">\n\t\t\t\t\t<div class=\"e-con-inner\">\n\t\t<div class=\"elementor-element elementor-element-3a9debe9 e-con-full e-flex e-con e-child\" data-id=\"3a9debe9\" data-element_type=\"container\">\n\t\t<div class=\"elementor-element elementor-element-1274e26e e-con-full e-flex e-con e-child\" data-id=\"1274e26e\" data-element_type=\"container\">\n\t\t\t\t<div class=\"elementor-element elementor-element-4f732a08 elementor-widget elementor-widget-text-editor\" data-id=\"4f732a08\" data-element_type=\"widget\" data-widget_type=\"text-editor.default\">\n\t\t\t\t<div class=\"elementor-widget-container\">\n\t\t\t\t\t\t\t\t\t<h2 class=\"elementor-heading-title elementor-size-default\" style=\"font-size: 24px; font-weight: 600;\">Wo sollte man in Cala Picafort \u00fcbernachten?<\/h2>\t\t\t\t\t\t\t\t<\/div>\n\t\t\t\t<\/div>\n\t\t\t\t<\/div>\n\t\t<div class=\"elementor-element elementor-element-3d24947 e-con-full e-flex e-con e-child\" data-id=\"3d24947\" data-element_type=\"container\">\n\t\t\t\t<div class=\"elementor-element elementor-element-27d70027 elementor-widget elementor-widget-text-editor\" data-id=\"27d70027\" data-element_type=\"widget\" data-widget_type=\"text-editor.default\">\n\t\t\t\t<div class=\"elementor-widget-container\">\n\t\t\t\t\t\t\t\t\t<ul><li><span class=\"elementor-icon-list-text\">Zafiro Can Picafort<\/span><\/li><li>Grupotel Gran Vista &amp; Spa<\/li><li>Hotel &amp; Spa Ferrer Janeiro<\/li><li>Fergus Club Vell Mari<\/li><li>Eix Alzinar Mar Suites &#8211; Adults Only<\/li><li>BQ Can Picafort Hotel<\/li><li>Exagon Park<\/li><li>Hotel Interior Sa Vall<\/li><li><i class=\"fas fa-angle-right\" aria-hidden=\"true\"><\/i><span class=\"elementor-icon-list-text\">Ferrer Concord Hotel<\/span><\/li><li><i class=\"fas fa-angle-right\" aria-hidden=\"true\"><\/i><span class=\"elementor-icon-list-text\">The Sea Hotel by Grupotel<\/span><\/li><li><i class=\"fas fa-angle-right\" aria-hidden=\"true\"><\/i><span class=\"elementor-icon-list-text\">Hotel JS Miramar<\/span><\/li><li><i class=\"fas fa-angle-right\" aria-hidden=\"true\"><\/i><span class=\"elementor-icon-list-text\">Africamar Aparthotel<\/span><\/li><li><i class=\"fas fa-angle-right\" aria-hidden=\"true\"><\/i><span class=\"elementor-icon-list-text\">Hotel Son Baulo<\/span><\/li><li><i class=\"fas fa-angle-right\" aria-hidden=\"true\"><\/i><span class=\"elementor-icon-list-text\">Es Baulo Petit Hotel<\/span><\/li><\/ul>\t\t\t\t\t\t\t\t<\/div>\n\t\t\t\t<\/div>\n\t\t\t\t<\/div>\n\t\t\t\t<\/div>\n\t\t<div class=\"elementor-element elementor-element-3e8ab593 e-con-full e-flex e-con e-child\" data-id=\"3e8ab593\" data-element_type=\"container\">\n\t\t<div class=\"elementor-element elementor-element-1cce9672 e-con-full e-flex e-con e-child\" data-id=\"1cce9672\" data-element_type=\"container\">\n\t\t\t\t<div class=\"elementor-element elementor-element-67a3df54 elementor-widget elementor-widget-text-editor\" data-id=\"67a3df54\" data-element_type=\"widget\" data-widget_type=\"text-editor.default\">\n\t\t\t\t<div class=\"elementor-widget-container\">\n\t\t\t\t\t\t\t\t\t<h2 class=\"elementor-heading-title elementor-size-default\" style=\"font-size: 24px; font-weight: 600;\">Wo kann man in Cala Picafort essen?<\/h2>\t\t\t\t\t\t\t\t<\/div>\n\t\t\t\t<\/div>\n\t\t\t\t<div class=\"elementor-element elementor-element-336e7668 elementor-widget elementor-widget-image\" data-id=\"336e7668\" data-element_type=\"widget\" data-widget_type=\"image.default\">\n\t\t\t\t<div class=\"elementor-widget-container\">\n\t\t\t\t\t\t\t\t\t\t\t\t\t\t\t<img decoding=\"async\" width=\"605\" height=\"220\" src=\"https:\/\/transferpalma.com\/wp-content\/uploads\/2025\/05\/dining-lp-1.jpg\" class=\"attachment-large size-large wp-image-444\" alt=\"\" srcset=\"https:\/\/transferpalma.com\/wp-content\/uploads\/2025\/05\/dining-lp-1.jpg 605w, https:\/\/transferpalma.com\/wp-content\/uploads\/2025\/05\/dining-lp-1-600x218.jpg 600w, https:\/\/transferpalma.com\/wp-content\/uploads\/2025\/05\/dining-lp-1-300x109.jpg 300w\" sizes=\"(max-width: 605px) 100vw, 605px\" \/>\t\t\t\t\t\t\t\t\t\t\t\t\t\t\t<\/div>\n\t\t\t\t<\/div>\n\t\t\t\t<\/div>\n\t\t<div class=\"elementor-element elementor-element-503b2580 e-con-full e-flex e-con e-child\" data-id=\"503b2580\" data-element_type=\"container\">\n\t\t\t\t<div class=\"elementor-element elementor-element-3ac3baeb elementor-widget elementor-widget-text-editor\" data-id=\"3ac3baeb\" data-element_type=\"widget\" data-widget_type=\"text-editor.default\">\n\t\t\t\t<div class=\"elementor-widget-container\">\n\t\t\t\t\t\t\t\t\t<ul><li><span class=\"elementor-icon-list-text\">Pink Pollo Creative Chicken<\/span><\/li><li>La Pinta<\/li><li>El Patr\u00f3n<\/li><li>Williams Pub<\/li><li>Restaurante Monaco<\/li><li>Mar y Paz Food Drink Music Relax Pool<\/li><li>Restaurante Marisco<\/li><li>El Molino<\/li><li>The London Pub<\/li><li>Restaurante Vinicius<\/li><li>Ciao Ciao<\/li><li>Pizzeria Trattoria Mamma Mia!<\/li><li>Horitzo caf\u00e9<\/li><li>Rapha&#8217;s La Terracita<\/li><\/ul>\t\t\t\t\t\t\t\t<\/div>\n\t\t\t\t<\/div>\n\t\t\t\t<\/div>\n\t\t\t\t<\/div>\n\t\t\t\t\t<\/div>\n\t\t\t\t<\/div>\n\t\t<div class=\"elementor-element elementor-element-72b85af3 e-flex e-con-boxed e-con e-parent\" data-id=\"72b85af3\" data-element_type=\"container\">\n\t\t\t\t\t<div class=\"e-con-inner\">\n\t\t\t\t<div class=\"elementor-element elementor-element-660bf97f elementor-widget elementor-widget-text-editor\" data-id=\"660bf97f\" data-element_type=\"widget\" data-widget_type=\"text-editor.default\">\n\t\t\t\t<div class=\"elementor-widget-container\">\n\t\t\t\t\t\t\t\t\t<h1 class=\"elementor-heading-title elementor-size-default\" style=\"font-size: 28px; font-weight: 600; color: #1072b5;\">Buchen Sie jetzt Ihr Hotel in Cala Picafort<\/h1>\t\t\t\t\t\t\t\t<\/div>\n\t\t\t\t<\/div>\n\t\t\t\t<div class=\"elementor-element elementor-element-15b7d0ec elementor-widget elementor-widget-text-editor\" data-id=\"15b7d0ec\" data-element_type=\"widget\" data-widget_type=\"text-editor.default\">\n\t\t\t\t<div class=\"elementor-widget-container\">\n\t\t\t\t\t\t\t\t\t<p>Wir zeigen Ihnen die Hotels in Cala Picafort, damit Sie Ihren Aufenthalt in Palma de Mallorca zum besten Preis buchen k\u00f6nnen.<\/p>\t\t\t\t\t\t\t\t<\/div>\n\t\t\t\t<\/div>\n\t\t\t\t\t<\/div>\n\t\t\t\t<\/div>\n\t\t<div class=\"elementor-element elementor-element-6044b986 e-flex e-con-boxed e-con e-parent\" data-id=\"6044b986\" data-element_type=\"container\" data-settings=\"{&quot;background_background&quot;:&quot;classic&quot;}\">\n\t\t\t\t\t<div class=\"e-con-inner\">\n\t\t<div class=\"elementor-element elementor-element-57261837 e-con-full e-flex e-con e-child\" data-id=\"57261837\" data-element_type=\"container\">\n\t\t\t\t<div class=\"elementor-element elementor-element-5cb6ad3d elementor-widget elementor-widget-text-editor\" data-id=\"5cb6ad3d\" data-element_type=\"widget\" data-widget_type=\"text-editor.default\">\n\t\t\t\t<div class=\"elementor-widget-container\">\n\t\t\t\t\t\t\t\t\t<div class=\"elementor-element elementor-element-64aeb9b6 elementor-view-default elementor-position-top elementor-vertical-align-top elementor-widget elementor-widget-icon-box\" data-id=\"64aeb9b6\" data-element_type=\"widget\" data-widget_type=\"icon-box.default\"><div class=\"elementor-widget-container\"><div class=\"elementor-icon-box-wrapper\"><div class=\"elementor-icon-box-content\"><h3 class=\"elementor-icon-box-title\" style=\"color: #ffffff;\"><strong>Was man in Cala Picafort sehen kann<\/strong><\/h3><\/div><\/div><\/div><\/div><p><b>Naturpark S\u2019Albufera de Mallorca<br \/><\/b>Die Bucht von Alc\u00fadia ist eine der vielseitigsten Regionen auf Mallorca und bietet eine gro\u00dfe Auswahl an Str\u00e4nden, touristischen Dienstleistungen, Freizeitaktivit\u00e4ten und Gastronomie.<\/p><p><b>Strand von Ca\u2019n Picafort<\/b><\/p><p><b>Nekropole von So<\/b><br \/>Eine Gruppe von Grab- und Begr\u00e4bnisanlagen im Gemeindegebiet von Santa Margalida.<\/p><p><b>Markt von Ca\u2019n Picafort<br \/><\/b>Ein Markt mit allen Arten von Naturprodukten<\/p><p><b>Sculptures at Sea<br \/><\/b>Wundersch\u00f6ne Skulpturen am Strand von Ca\u2019n Picafort<\/p><p><b>Club Nautic Ca\u2019n Picafort<br \/><\/b>Yachth\u00e4fen und nautische Clubs in Can Picafort<\/p>\t\t\t\t\t\t\t\t<\/div>\n\t\t\t\t<\/div>\n\t\t\t\t<\/div>\n\t\t\t\t\t<\/div>\n\t\t\t\t<\/div>\n\t\t\t\t<\/div>","protected":false},"excerpt":{"rendered":"<p>Cala Picafort te espera Can Picafort\u00a0es un complejo tur\u00edstico situado en la coste norte de la isla en el municipio de\u00a0Santa Margarita.\u00a0Se ubica dentro de la bah\u00eda de Alcudia que cuenta con una multitud de hoteles y restaurantes. Se ha convertido en uno de los destinos tur\u00edsticos preferidos de la isla para alemanes, ingleses y [&hellip;]<\/p>","protected":false},"author":1,"featured_media":0,"parent":0,"menu_order":0,"comment_status":"closed","ping_status":"closed","template":"elementor_header_footer","meta":{"_eb_attr":"","footnotes":""},"class_list":["post-528","page","type-page","status-publish","hentry"],"_links":{"self":[{"href":"https:\/\/transferpalma.com\/deu\/wp-json\/wp\/v2\/pages\/528","targetHints":{"allow":["GET"]}}],"collection":[{"href":"https:\/\/transferpalma.com\/deu\/wp-json\/wp\/v2\/pages"}],"about":[{"href":"https:\/\/transferpalma.com\/deu\/wp-json\/wp\/v2\/types\/page"}],"author":[{"embeddable":true,"href":"https:\/\/transferpalma.com\/deu\/wp-json\/wp\/v2\/users\/1"}],"replies":[{"embeddable":true,"href":"https:\/\/transferpalma.com\/deu\/wp-json\/wp\/v2\/comments?post=528"}],"version-history":[{"count":7,"href":"https:\/\/transferpalma.com\/deu\/wp-json\/wp\/v2\/pages\/528\/revisions"}],"predecessor-version":[{"id":1277,"href":"https:\/\/transferpalma.com\/deu\/wp-json\/wp\/v2\/pages\/528\/revisions\/1277"}],"wp:attachment":[{"href":"https:\/\/transferpalma.com\/deu\/wp-json\/wp\/v2\/media?parent=528"}],"curies":[{"name":"wp","href":"https:\/\/api.w.org\/{rel}","templated":true}]}}