{"id":508,"date":"2025-05-06T03:20:29","date_gmt":"2025-05-06T03:20:29","guid":{"rendered":"https:\/\/transferpalma.com\/?page_id=508"},"modified":"2025-12-13T19:42:21","modified_gmt":"2025-12-13T19:42:21","slug":"cala-ratjada","status":"publish","type":"page","link":"https:\/\/transferpalma.com\/deu\/cala-ratjada\/","title":{"rendered":"Cala Ratjada"},"content":{"rendered":"<div data-elementor-type=\"wp-page\" data-elementor-id=\"508\" class=\"elementor elementor-508\" data-elementor-post-type=\"page\">\n\t\t\t\t<div class=\"elementor-element elementor-element-4d61606d e-con-full e-flex e-con e-parent\" data-id=\"4d61606d\" data-element_type=\"container\">\n\t\t<div class=\"elementor-element elementor-element-148c607f e-con-full e-flex e-con e-child\" data-id=\"148c607f\" data-element_type=\"container\">\n\t\t\t\t<div class=\"elementor-element elementor-element-59367024 elementor-widget__width-inherit elementor-widget elementor-widget-image\" data-id=\"59367024\" data-element_type=\"widget\" data-widget_type=\"image.default\">\n\t\t\t\t<div class=\"elementor-widget-container\">\n\t\t\t\t\t\t\t\t\t\t\t\t\t\t\t<img fetchpriority=\"high\" decoding=\"async\" width=\"1920\" height=\"600\" src=\"https:\/\/transferpalma.com\/wp-content\/uploads\/2025\/05\/banner-cala-ratjada.jpg\" class=\"attachment-full size-full wp-image-520\" alt=\"\" srcset=\"https:\/\/transferpalma.com\/wp-content\/uploads\/2025\/05\/banner-cala-ratjada.jpg 1920w, https:\/\/transferpalma.com\/wp-content\/uploads\/2025\/05\/banner-cala-ratjada-600x188.jpg 600w, https:\/\/transferpalma.com\/wp-content\/uploads\/2025\/05\/banner-cala-ratjada-300x94.jpg 300w, https:\/\/transferpalma.com\/wp-content\/uploads\/2025\/05\/banner-cala-ratjada-1024x320.jpg 1024w, https:\/\/transferpalma.com\/wp-content\/uploads\/2025\/05\/banner-cala-ratjada-768x240.jpg 768w, https:\/\/transferpalma.com\/wp-content\/uploads\/2025\/05\/banner-cala-ratjada-1536x480.jpg 1536w\" sizes=\"(max-width: 1920px) 100vw, 1920px\" \/>\t\t\t\t\t\t\t\t\t\t\t\t\t\t\t<\/div>\n\t\t\t\t<\/div>\n\t\t\t\t<\/div>\n\t\t<div class=\"elementor-element elementor-element-67f5a4d9 e-flex e-con-boxed e-con e-child\" data-id=\"67f5a4d9\" data-element_type=\"container\">\n\t\t\t\t\t<div class=\"e-con-inner\">\n\t\t\t\t<div class=\"elementor-element elementor-element-5e7cd616 elementor-widget elementor-widget-text-editor\" data-id=\"5e7cd616\" data-element_type=\"widget\" data-widget_type=\"text-editor.default\">\n\t\t\t\t<div class=\"elementor-widget-container\">\n\t\t\t\t\t\t\t\t\t<h1 class=\"elementor-heading-title elementor-size-default\" style=\"font-size: 28px; font-weight: 600; color: #1072b5;\">Cala Ratjada erwartet Sie<\/h1>\t\t\t\t\t\t\t\t<\/div>\n\t\t\t\t<\/div>\n\t\t\t\t<div class=\"elementor-element elementor-element-418a02c0 elementor-widget elementor-widget-text-editor\" data-id=\"418a02c0\" data-element_type=\"widget\" data-widget_type=\"text-editor.default\">\n\t\t\t\t<div class=\"elementor-widget-container\">\n\t\t\t\t\t\t\t\t\t<p class=\"p1 translation-block\">Cala Ratjada ist eine Ortschaft der Gemeinde Capdepera in der autonomen Gemeinschaft der Balearischen Inseln. Sie liegt am nord\u00f6stlichsten Punkt der Insel Mallorca, etwa 80 Kilometer von der Hauptstadt Palma de Mallorca entfernt. Cala Ratjada ist der wichtigste K\u00fcstenhafen und das am st\u00e4rksten entwickelte Gebiet des Bezirks Capdepera.<\/p><p class=\"p1 translation-block\">Cala Ratjada ist ein etablierter Ferienort und z\u00e4hlt zu den bedeutendsten Reisezielen der Insel. Besonders bei deutschen Touristen ist der Ort sehr beliebt, was der Region einen ausgezeichneten internationalen Ruf eingebracht hat.<\/p><p class=\"p1\"><span class=\"s1\">Der Tourismus begann sich in den 1960er-Jahren zu entwickeln. Davor war Cala Ratjada ein kleiner Fischerhafen. Der urspr\u00fcngliche Hafen besteht bis heute, hat jedoch mittlerweile eher touristischen als fischereiwirtschaftlichen Charakter.<\/span><\/p><p class=\"p1 translation-block\">Cala Ratjada ist der n\u00e4chstgelegene Punkt zwischen Mallorca und Menorca und spielte daher im Laufe der Jahre eine wichtige Rolle in der Wirtschaft der Insel. An klaren Tagen kann man von hier aus Menorca und die Stadt Ciutadella erkennen.<\/p><p class=\"p1\"><span class=\"s1\">Diese Region Mallorcas ist bekannt f\u00fcr ihre zerkl\u00fcftete K\u00fcstenlinie und die Vielzahl an Buchten. Die Gemeinde Capdepera verf\u00fcgt \u00fcber rund 40 Kilometer spektakul\u00e4re K\u00fcste, mit zahlreichen Str\u00e4nden, die mit der Blauen Flagge der Europ\u00e4ischen Stiftung f\u00fcr Umwelterziehung ausgezeichnet sind und f\u00fcr ihre Sauberkeit und hochwertigen Serviceleistungen bekannt sind.<\/span><\/p><p class=\"p1\"><span class=\"s1\">Zu den nahegelegenen Str\u00e4nden z\u00e4hlen La Pedruscada, Son Moll, Cala Ratjada, Cala Gat, L\u2019Olla, Cala Lliteres, Cala Agulla und Cala Molt\u00f3.<\/span><\/p><p class=\"p1\"><span class=\"s1\">Neben den Str\u00e4nden sind der Yachthafen mit weiterhin bestehender Fischereit\u00e4tigkeit, der Leuchtturm von Capdepera sowie der Palacio March, im Besitz der Familie March, besonders hervorzuheben.<\/span><\/p><p class=\"p1\"><span class=\"s1\">Laut der Volksz\u00e4hlung von 2008 hatte Cala Ratjada 6.124 Einwohner, wobei die tats\u00e4chliche Bev\u00f6lkerungszahl im Sommer deutlich ansteigt.<\/span><\/p><p class=\"p1\"><span class=\"s1\">Die Gemeinde verf\u00fcgt \u00fcber insgesamt 78 Hotels mit 15.528 Hotelbetten, einschlie\u00dflich der Orte Font de la Cala, Canyamel, Cala Gat und Cala Mesquida. Zusammengenommen sind diese touristischen Gebiete als First Sun Mallorca bekannt, was auf die \u00f6stlichste Lage der Gemeinde auf der Insel hinweist.<\/span><\/p>\t\t\t\t\t\t\t\t<\/div>\n\t\t\t\t<\/div>\n\t\t\t\t\t<\/div>\n\t\t\t\t<\/div>\n\t\t\t\t<\/div>\n\t\t<div class=\"elementor-element elementor-element-6be131b9 e-flex e-con-boxed e-con e-parent\" data-id=\"6be131b9\" data-element_type=\"container\">\n\t\t\t\t\t<div class=\"e-con-inner\">\n\t\t<div class=\"elementor-element elementor-element-442bdc9 e-con-full e-flex e-con e-child\" data-id=\"442bdc9\" data-element_type=\"container\">\n\t\t<div class=\"elementor-element elementor-element-1374ff6b e-con-full e-flex e-con e-child\" data-id=\"1374ff6b\" data-element_type=\"container\">\n\t\t\t\t<div class=\"elementor-element elementor-element-6e4249fd elementor-widget elementor-widget-text-editor\" data-id=\"6e4249fd\" data-element_type=\"widget\" data-widget_type=\"text-editor.default\">\n\t\t\t\t<div class=\"elementor-widget-container\">\n\t\t\t\t\t\t\t\t\t<h2 class=\"elementor-heading-title elementor-size-default\" style=\"font-size: 24px; font-weight: 600;\">Wo sollte man in Cala Ratjada \u00fcbernachten?<\/h2>\t\t\t\t\t\t\t\t<\/div>\n\t\t\t\t<\/div>\n\t\t\t\t<\/div>\n\t\t<div class=\"elementor-element elementor-element-29c20798 e-con-full e-flex e-con e-child\" data-id=\"29c20798\" data-element_type=\"container\">\n\t\t\t\t<div class=\"elementor-element elementor-element-4a9c6eb elementor-widget elementor-widget-text-editor\" data-id=\"4a9c6eb\" data-element_type=\"widget\" data-widget_type=\"text-editor.default\">\n\t\t\t\t<div class=\"elementor-widget-container\">\n\t\t\t\t\t\t\t\t\t<ul><li><span class=\"elementor-icon-list-text\">Lago Garden Apart-Suites &amp; Spa Hotel <\/span><\/li><li>Serrano Palace<\/li><li>Park Hyatt Mallorca<\/li><li>Pleta de Mar, Luxury Hotel by Nature &#8211; Adults Only<\/li><li>Can Simoneta &#8211; Adults Only<\/li><li>SENTIDO Pula Suites Boutique Resort<\/li><\/ul>\t\t\t\t\t\t\t\t<\/div>\n\t\t\t\t<\/div>\n\t\t\t\t<\/div>\n\t\t\t\t<\/div>\n\t\t<div class=\"elementor-element elementor-element-540b7252 e-con-full e-flex e-con e-child\" data-id=\"540b7252\" data-element_type=\"container\">\n\t\t<div class=\"elementor-element elementor-element-2a1b7916 e-con-full e-flex e-con e-child\" data-id=\"2a1b7916\" data-element_type=\"container\">\n\t\t\t\t<div class=\"elementor-element elementor-element-50095f13 elementor-widget elementor-widget-text-editor\" data-id=\"50095f13\" data-element_type=\"widget\" data-widget_type=\"text-editor.default\">\n\t\t\t\t<div class=\"elementor-widget-container\">\n\t\t\t\t\t\t\t\t\t<h2 class=\"elementor-heading-title elementor-size-default\" style=\"font-size: 24px; font-weight: 600;\">Wo kann man in Cala Ratjada essen?<\/h2>\t\t\t\t\t\t\t\t<\/div>\n\t\t\t\t<\/div>\n\t\t\t\t<div class=\"elementor-element elementor-element-2437f8bf elementor-widget elementor-widget-image\" data-id=\"2437f8bf\" data-element_type=\"widget\" data-widget_type=\"image.default\">\n\t\t\t\t<div class=\"elementor-widget-container\">\n\t\t\t\t\t\t\t\t\t\t\t\t\t\t\t<img decoding=\"async\" width=\"605\" height=\"220\" src=\"https:\/\/transferpalma.com\/wp-content\/uploads\/2025\/05\/dining-lp-1.jpg\" class=\"attachment-large size-large wp-image-444\" alt=\"\" srcset=\"https:\/\/transferpalma.com\/wp-content\/uploads\/2025\/05\/dining-lp-1.jpg 605w, https:\/\/transferpalma.com\/wp-content\/uploads\/2025\/05\/dining-lp-1-600x218.jpg 600w, https:\/\/transferpalma.com\/wp-content\/uploads\/2025\/05\/dining-lp-1-300x109.jpg 300w\" sizes=\"(max-width: 605px) 100vw, 605px\" \/>\t\t\t\t\t\t\t\t\t\t\t\t\t\t\t<\/div>\n\t\t\t\t<\/div>\n\t\t\t\t<\/div>\n\t\t<div class=\"elementor-element elementor-element-1280d456 e-con-full e-flex e-con e-child\" data-id=\"1280d456\" data-element_type=\"container\">\n\t\t\t\t<div class=\"elementor-element elementor-element-40ae1c27 elementor-widget elementor-widget-text-editor\" data-id=\"40ae1c27\" data-element_type=\"widget\" data-widget_type=\"text-editor.default\">\n\t\t\t\t<div class=\"elementor-widget-container\">\n\t\t\t\t\t\t\t\t\t<ul><li><span class=\"elementor-icon-list-text\">Es Coll d&#8217;Os<\/span><\/li><li>Steakhouse Tennis Bonanza<\/li><li>Restaurante Oleo&#8217;s<\/li><li>Restaurante Oleo&#8217;s<\/li><li>Xiringuito<\/li><li>Mama Pizza<\/li><li>Heidi Schnitzelhuette<\/li><li>Tr\u00e4umeria Son Moll<\/li><li><span class=\"elementor-icon-list-text\">Restaurante del Mar<\/span><\/li><\/ul>\t\t\t\t\t\t\t\t<\/div>\n\t\t\t\t<\/div>\n\t\t\t\t<\/div>\n\t\t\t\t<\/div>\n\t\t\t\t\t<\/div>\n\t\t\t\t<\/div>\n\t\t<div class=\"elementor-element elementor-element-90ca7e3 e-flex e-con-boxed e-con e-parent\" data-id=\"90ca7e3\" data-element_type=\"container\">\n\t\t\t\t\t<div class=\"e-con-inner\">\n\t\t\t\t<div class=\"elementor-element elementor-element-604f9c6e elementor-widget elementor-widget-text-editor\" data-id=\"604f9c6e\" data-element_type=\"widget\" data-widget_type=\"text-editor.default\">\n\t\t\t\t<div class=\"elementor-widget-container\">\n\t\t\t\t\t\t\t\t\t<h1 class=\"elementor-heading-title elementor-size-default\" style=\"font-size: 28px; font-weight: 600; color: #1072b5;\">Buchen Sie jetzt Ihr Hotel in Cala Ratjada<\/h1>\t\t\t\t\t\t\t\t<\/div>\n\t\t\t\t<\/div>\n\t\t\t\t<div class=\"elementor-element elementor-element-2ba24f12 elementor-widget elementor-widget-text-editor\" data-id=\"2ba24f12\" data-element_type=\"widget\" data-widget_type=\"text-editor.default\">\n\t\t\t\t<div class=\"elementor-widget-container\">\n\t\t\t\t\t\t\t\t\t<p>Wir zeigen Ihnen die Hotels in Cala Ratjada, damit Sie Ihren Aufenthalt in Palma de Mallorca zum besten Preis buchen k\u00f6nnen.<\/p>\t\t\t\t\t\t\t\t<\/div>\n\t\t\t\t<\/div>\n\t\t\t\t\t<\/div>\n\t\t\t\t<\/div>\n\t\t<div class=\"elementor-element elementor-element-8150a08 e-flex e-con-boxed e-con e-parent\" data-id=\"8150a08\" data-element_type=\"container\" data-settings=\"{&quot;background_background&quot;:&quot;classic&quot;}\">\n\t\t\t\t\t<div class=\"e-con-inner\">\n\t\t<div class=\"elementor-element elementor-element-14eda9fa e-con-full e-flex e-con e-child\" data-id=\"14eda9fa\" data-element_type=\"container\">\n\t\t\t\t<div class=\"elementor-element elementor-element-68af453a elementor-widget elementor-widget-text-editor\" data-id=\"68af453a\" data-element_type=\"widget\" data-widget_type=\"text-editor.default\">\n\t\t\t\t<div class=\"elementor-widget-container\">\n\t\t\t\t\t\t\t\t\t<div class=\"elementor-element elementor-element-64aeb9b6 elementor-view-default elementor-position-top elementor-vertical-align-top elementor-widget elementor-widget-icon-box\" data-id=\"64aeb9b6\" data-element_type=\"widget\" data-widget_type=\"icon-box.default\"><div class=\"elementor-widget-container\"><div class=\"elementor-icon-box-wrapper\"><div class=\"elementor-icon-box-content\"><h3 class=\"elementor-icon-box-title\" style=\"color: #ffffff;\">Was man in Cala Ratjada sehen kann<\/h3><\/div><\/div><\/div><\/div><p><strong>Castillo de Capdepera<\/strong><br \/>In der N\u00e4he von Cala Ratjada gelegen, ist diese ummauerte Festung mit Blick auf die K\u00fcste.<\/p><p><strong>Torre de Canyamel:<br \/><\/strong><span class=\"s2\">Aus dem 13. Jahrhundert stammend, beherbergt sie ein Museum mit Ausstellungen und musikalischen Konzerten.<\/span><\/p><p><strong>Edificio municipal Cap Vermell:<\/strong><br \/>Das Geb\u00e4ude verf\u00fcgt \u00fcber ein Auditorium und Ausstellungsr\u00e4ume mit regelm\u00e4\u00dfigem Veranstaltungsprogramm.<br \/><strong><br \/>Sa Torre Cega:<\/strong><br \/>Eines der bedeutendsten Denkm\u00e4ler mit einem dreist\u00f6ckigen quadratischen Turm und einem seitlichen Turm.<\/p><p><strong>Aussichtspunkt Talaia de Son Jaumell<br \/><\/strong>Ein Aussichtspunkt auf dem Gipfel eines H\u00fcgels mit Panoramablick \u00fcber gro\u00dfe Teile der Insel.<\/p><p><strong>Cuevas de Art\u00e1:<\/strong><br \/>Pr\u00e4historische H\u00f6hlen mit beeindruckenden Stalagmiten und Stalaktiten.<\/p>\t\t\t\t\t\t\t\t<\/div>\n\t\t\t\t<\/div>\n\t\t\t\t<\/div>\n\t\t\t\t\t<\/div>\n\t\t\t\t<\/div>\n\t\t\t\t<\/div>","protected":false},"excerpt":{"rendered":"<p>Cala Ratjada te espera Cala Rajada es una localidad del municipio espa\u00f1ol de Capdepera, en la comunidad aut\u00f3noma de las Islas Baleares.\u00a0Est\u00e1 localizada en el extremo noreste de la isla de Mallorca, a unos ochenta kil\u00f3metros de la capital, Palma. Es el principal puerto costero y m\u00e1s desarrollado en el distrito de Capdepera. Cala Rajada [&hellip;]<\/p>","protected":false},"author":1,"featured_media":0,"parent":0,"menu_order":0,"comment_status":"closed","ping_status":"closed","template":"elementor_header_footer","meta":{"_eb_attr":"","footnotes":""},"class_list":["post-508","page","type-page","status-publish","hentry"],"_links":{"self":[{"href":"https:\/\/transferpalma.com\/deu\/wp-json\/wp\/v2\/pages\/508","targetHints":{"allow":["GET"]}}],"collection":[{"href":"https:\/\/transferpalma.com\/deu\/wp-json\/wp\/v2\/pages"}],"about":[{"href":"https:\/\/transferpalma.com\/deu\/wp-json\/wp\/v2\/types\/page"}],"author":[{"embeddable":true,"href":"https:\/\/transferpalma.com\/deu\/wp-json\/wp\/v2\/users\/1"}],"replies":[{"embeddable":true,"href":"https:\/\/transferpalma.com\/deu\/wp-json\/wp\/v2\/comments?post=508"}],"version-history":[{"count":4,"href":"https:\/\/transferpalma.com\/deu\/wp-json\/wp\/v2\/pages\/508\/revisions"}],"predecessor-version":[{"id":1287,"href":"https:\/\/transferpalma.com\/deu\/wp-json\/wp\/v2\/pages\/508\/revisions\/1287"}],"wp:attachment":[{"href":"https:\/\/transferpalma.com\/deu\/wp-json\/wp\/v2\/media?parent=508"}],"curies":[{"name":"wp","href":"https:\/\/api.w.org\/{rel}","templated":true}]}}