{"id":458,"date":"2025-05-06T01:08:13","date_gmt":"2025-05-06T01:08:13","guid":{"rendered":"https:\/\/transferpalma.com\/?page_id=458"},"modified":"2025-12-13T19:42:01","modified_gmt":"2025-12-13T19:42:01","slug":"cala-figuera","status":"publish","type":"page","link":"https:\/\/transferpalma.com\/deu\/cala-figuera\/","title":{"rendered":"Cala Figuera"},"content":{"rendered":"<div data-elementor-type=\"wp-page\" data-elementor-id=\"458\" class=\"elementor elementor-458\" data-elementor-post-type=\"page\">\n\t\t\t\t<div class=\"elementor-element elementor-element-54d4fc5c e-con-full e-flex e-con e-parent\" data-id=\"54d4fc5c\" data-element_type=\"container\">\n\t\t<div class=\"elementor-element elementor-element-e6dcece e-con-full e-flex e-con e-child\" data-id=\"e6dcece\" data-element_type=\"container\">\n\t\t\t\t<div class=\"elementor-element elementor-element-10ea3e60 elementor-widget__width-inherit elementor-widget elementor-widget-image\" data-id=\"10ea3e60\" data-element_type=\"widget\" data-widget_type=\"image.default\">\n\t\t\t\t<div class=\"elementor-widget-container\">\n\t\t\t\t\t\t\t\t\t\t\t\t\t\t\t<img fetchpriority=\"high\" decoding=\"async\" width=\"1920\" height=\"600\" src=\"https:\/\/transferpalma.com\/wp-content\/uploads\/2025\/05\/banner-cala-figuera.jpg\" class=\"attachment-full size-full wp-image-468\" alt=\"\" srcset=\"https:\/\/transferpalma.com\/wp-content\/uploads\/2025\/05\/banner-cala-figuera.jpg 1920w, https:\/\/transferpalma.com\/wp-content\/uploads\/2025\/05\/banner-cala-figuera-600x188.jpg 600w, https:\/\/transferpalma.com\/wp-content\/uploads\/2025\/05\/banner-cala-figuera-300x94.jpg 300w, https:\/\/transferpalma.com\/wp-content\/uploads\/2025\/05\/banner-cala-figuera-1024x320.jpg 1024w, https:\/\/transferpalma.com\/wp-content\/uploads\/2025\/05\/banner-cala-figuera-768x240.jpg 768w, https:\/\/transferpalma.com\/wp-content\/uploads\/2025\/05\/banner-cala-figuera-1536x480.jpg 1536w\" sizes=\"(max-width: 1920px) 100vw, 1920px\" \/>\t\t\t\t\t\t\t\t\t\t\t\t\t\t\t<\/div>\n\t\t\t\t<\/div>\n\t\t\t\t<\/div>\n\t\t<div class=\"elementor-element elementor-element-7d9747c1 e-flex e-con-boxed e-con e-child\" data-id=\"7d9747c1\" data-element_type=\"container\">\n\t\t\t\t\t<div class=\"e-con-inner\">\n\t\t\t\t<div class=\"elementor-element elementor-element-5ff135b3 elementor-widget elementor-widget-text-editor\" data-id=\"5ff135b3\" data-element_type=\"widget\" data-widget_type=\"text-editor.default\">\n\t\t\t\t<div class=\"elementor-widget-container\">\n\t\t\t\t\t\t\t\t\t<h1 class=\"elementor-heading-title elementor-size-default\" style=\"font-size: 28px; font-weight: 600; color: #1072b5;\">Cala Figuera erwartet Sie<\/h1>\t\t\t\t\t\t\t\t<\/div>\n\t\t\t\t<\/div>\n\t\t\t\t<div class=\"elementor-element elementor-element-7540b4cb elementor-widget elementor-widget-text-editor\" data-id=\"7540b4cb\" data-element_type=\"widget\" data-widget_type=\"text-editor.default\">\n\t\t\t\t<div class=\"elementor-widget-container\">\n\t\t\t\t\t\t\t\t\t<p><b>Cala Figuera<\/b>\u00a0geh\u00f6rt zur Gemeinde Santany\u00ed im S\u00fcdosten der Insel Mallorca. Es handelt sich um einen malerischen Naturhafen, der von Klippen umgeben ist und durch schmale Meeresarme gepr\u00e4gt wird, die weit ins Landesinnere reichen und eine einzigartige Landschaft schaffen.\u00a0<b>Cal\u00f3 d\u2019en Busques y Cal\u00f3 d\u2019en Boira<\/b>. No es una zona de ba\u00f1o, pero contiene un puerto pesquero con un encanto especial con casitas de pescadores y barcos que har\u00e1 que te enamores del paisaje a primera vista.<\/p>\t\t\t\t\t\t\t\t<\/div>\n\t\t\t\t<\/div>\n\t\t\t\t\t<\/div>\n\t\t\t\t<\/div>\n\t\t\t\t<\/div>\n\t\t<div class=\"elementor-element elementor-element-2213ed00 e-flex e-con-boxed e-con e-parent\" data-id=\"2213ed00\" data-element_type=\"container\">\n\t\t\t\t\t<div class=\"e-con-inner\">\n\t\t<div class=\"elementor-element elementor-element-6a129e51 e-con-full e-flex e-con e-child\" data-id=\"6a129e51\" data-element_type=\"container\">\n\t\t<div class=\"elementor-element elementor-element-4084d41b e-con-full e-flex e-con e-child\" data-id=\"4084d41b\" data-element_type=\"container\">\n\t\t\t\t<div class=\"elementor-element elementor-element-64725899 elementor-widget elementor-widget-text-editor\" data-id=\"64725899\" data-element_type=\"widget\" data-widget_type=\"text-editor.default\">\n\t\t\t\t<div class=\"elementor-widget-container\">\n\t\t\t\t\t\t\t\t\t<h2 class=\"elementor-heading-title elementor-size-default\" style=\"font-size: 24px; font-weight: 600;\">Wo sollte man in Cala Figuera \u00fcbernachten?<\/h2>\t\t\t\t\t\t\t\t<\/div>\n\t\t\t\t<\/div>\n\t\t\t\t<\/div>\n\t\t<div class=\"elementor-element elementor-element-11505932 e-con-full e-flex e-con e-child\" data-id=\"11505932\" data-element_type=\"container\">\n\t\t\t\t<div class=\"elementor-element elementor-element-3660e12b elementor-widget elementor-widget-text-editor\" data-id=\"3660e12b\" data-element_type=\"widget\" data-widget_type=\"text-editor.default\">\n\t\t\t\t<div class=\"elementor-widget-container\">\n\t\t\t\t\t\t\t\t\t<ul><li><span class=\"elementor-icon-list-text\">Hostal Marblau<\/span><\/li><li><span class=\"elementor-icon-list-text\">Hotel Figuera Park<\/span><\/li><li><span class=\"elementor-icon-list-text\">Hotel Rocamar<\/span><\/li><li>Petit Hostal Ventura<\/li><li>Marins Playa<\/li><li>Hotel Cala Figuera<\/li><li>Cala Figuera Apartamentos Mar y Sol<\/li><\/ul>\t\t\t\t\t\t\t\t<\/div>\n\t\t\t\t<\/div>\n\t\t\t\t<\/div>\n\t\t\t\t<\/div>\n\t\t<div class=\"elementor-element elementor-element-1425d72a e-con-full e-flex e-con e-child\" data-id=\"1425d72a\" data-element_type=\"container\">\n\t\t<div class=\"elementor-element elementor-element-5592f9d0 e-con-full e-flex e-con e-child\" data-id=\"5592f9d0\" data-element_type=\"container\">\n\t\t\t\t<div class=\"elementor-element elementor-element-2e9d88ab elementor-widget elementor-widget-text-editor\" data-id=\"2e9d88ab\" data-element_type=\"widget\" data-widget_type=\"text-editor.default\">\n\t\t\t\t<div class=\"elementor-widget-container\">\n\t\t\t\t\t\t\t\t\t<h2 class=\"elementor-heading-title elementor-size-default\" style=\"font-size: 24px; font-weight: 600;\">Wo kann man in Cala Figuera essen?<\/h2>\t\t\t\t\t\t\t\t<\/div>\n\t\t\t\t<\/div>\n\t\t\t\t<div class=\"elementor-element elementor-element-4b8a8a37 elementor-widget elementor-widget-image\" data-id=\"4b8a8a37\" data-element_type=\"widget\" data-widget_type=\"image.default\">\n\t\t\t\t<div class=\"elementor-widget-container\">\n\t\t\t\t\t\t\t\t\t\t\t\t\t\t\t<img decoding=\"async\" width=\"605\" height=\"220\" src=\"https:\/\/transferpalma.com\/wp-content\/uploads\/2025\/05\/dining-lp-1.jpg\" class=\"attachment-large size-large wp-image-444\" alt=\"\" srcset=\"https:\/\/transferpalma.com\/wp-content\/uploads\/2025\/05\/dining-lp-1.jpg 605w, https:\/\/transferpalma.com\/wp-content\/uploads\/2025\/05\/dining-lp-1-600x218.jpg 600w, https:\/\/transferpalma.com\/wp-content\/uploads\/2025\/05\/dining-lp-1-300x109.jpg 300w\" sizes=\"(max-width: 605px) 100vw, 605px\" \/>\t\t\t\t\t\t\t\t\t\t\t\t\t\t\t<\/div>\n\t\t\t\t<\/div>\n\t\t\t\t<\/div>\n\t\t<div class=\"elementor-element elementor-element-7334cd45 e-con-full e-flex e-con e-child\" data-id=\"7334cd45\" data-element_type=\"container\">\n\t\t\t\t<div class=\"elementor-element elementor-element-4148baac elementor-widget elementor-widget-text-editor\" data-id=\"4148baac\" data-element_type=\"widget\" data-widget_type=\"text-editor.default\">\n\t\t\t\t<div class=\"elementor-widget-container\">\n\t\t\t\t\t\t\t\t\t<ul><li><span class=\"elementor-icon-list-text\">Restaurante Pizzeria Es Port<\/span><\/li><li>L&#8217;Arcada Restaurant<\/li><li>Bon Bar<\/li><li>La Petite Iglesia<\/li><li>Hostal Restaurant Bar Cala<\/li><li>Pura Vida<\/li><\/ul>\t\t\t\t\t\t\t\t<\/div>\n\t\t\t\t<\/div>\n\t\t\t\t<\/div>\n\t\t\t\t<\/div>\n\t\t\t\t\t<\/div>\n\t\t\t\t<\/div>\n\t\t<div class=\"elementor-element elementor-element-11750afc e-flex e-con-boxed e-con e-parent\" data-id=\"11750afc\" data-element_type=\"container\">\n\t\t\t\t\t<div class=\"e-con-inner\">\n\t\t\t\t<div class=\"elementor-element elementor-element-58606c02 elementor-widget elementor-widget-text-editor\" data-id=\"58606c02\" data-element_type=\"widget\" data-widget_type=\"text-editor.default\">\n\t\t\t\t<div class=\"elementor-widget-container\">\n\t\t\t\t\t\t\t\t\t<h1 class=\"elementor-heading-title elementor-size-default\" style=\"font-size: 28px; font-weight: 600; color: #1072b5;\">Buchen Sie jetzt Ihr Hotel in Cala Figuera<\/h1>\t\t\t\t\t\t\t\t<\/div>\n\t\t\t\t<\/div>\n\t\t\t\t<div class=\"elementor-element elementor-element-74e835bf elementor-widget elementor-widget-text-editor\" data-id=\"74e835bf\" data-element_type=\"widget\" data-widget_type=\"text-editor.default\">\n\t\t\t\t<div class=\"elementor-widget-container\">\n\t\t\t\t\t\t\t\t\t<p>Wir zeigen Ihnen die Hotels in Cala Figuera, damit Sie Ihren Aufenthalt in Palma de Mallorca zum besten Preis buchen k\u00f6nnen.<\/p>\t\t\t\t\t\t\t\t<\/div>\n\t\t\t\t<\/div>\n\t\t\t\t\t<\/div>\n\t\t\t\t<\/div>\n\t\t<div class=\"elementor-element elementor-element-181a59b6 e-flex e-con-boxed e-con e-parent\" data-id=\"181a59b6\" data-element_type=\"container\" data-settings=\"{&quot;background_background&quot;:&quot;classic&quot;}\">\n\t\t\t\t\t<div class=\"e-con-inner\">\n\t\t<div class=\"elementor-element elementor-element-2f245075 e-con-full e-flex e-con e-child\" data-id=\"2f245075\" data-element_type=\"container\">\n\t\t\t\t<div class=\"elementor-element elementor-element-615d6729 elementor-widget elementor-widget-text-editor\" data-id=\"615d6729\" data-element_type=\"widget\" data-widget_type=\"text-editor.default\">\n\t\t\t\t<div class=\"elementor-widget-container\">\n\t\t\t\t\t\t\t\t\t<div class=\"elementor-element elementor-element-64aeb9b6 elementor-view-default elementor-position-top elementor-vertical-align-top elementor-widget elementor-widget-icon-box\" data-id=\"64aeb9b6\" data-element_type=\"widget\" data-widget_type=\"icon-box.default\"><div class=\"elementor-widget-container\"><div class=\"elementor-icon-box-wrapper\"><div class=\"elementor-icon-box-content\"><h3 class=\"elementor-icon-box-title\" style=\"color: #ffffff;\">Was man in Cala Figuera sehen kann<\/h3><\/div><\/div><\/div><\/div><p><b>Puerto de Cala Figuera<br \/><\/b>Ein attraktiver Fischerhafen im S\u00fcdosten der Insel.<\/p><p><b>Cala Figuera Beach<br \/><\/b>Eine historisch reizvolle Umgebung, in der man ein Klavierkonzert mit Werken von Fr\u00e9d\u00e9ric Chopin genie\u00dfen kann.<\/p>\t\t\t\t\t\t\t\t<\/div>\n\t\t\t\t<\/div>\n\t\t\t\t<\/div>\n\t\t\t\t\t<\/div>\n\t\t\t\t<\/div>\n\t\t\t\t<\/div>","protected":false},"excerpt":{"rendered":"<p>Cala Figuera te espera Cala Figuera\u00a0pertenece a Santany\u00ed al sureste de la isla de Mallorca, Es un puerto formado por acantilados entre\u00a0Cal\u00f3 d\u2019en Busques y Cal\u00f3 d\u2019en Boira. No es una zona de ba\u00f1o, pero contiene un puerto pesquero con un encanto especial con casitas de pescadores y barcos que har\u00e1 que te enamores del [&hellip;]<\/p>","protected":false},"author":1,"featured_media":0,"parent":0,"menu_order":0,"comment_status":"closed","ping_status":"closed","template":"elementor_header_footer","meta":{"_eb_attr":"","footnotes":""},"class_list":["post-458","page","type-page","status-publish","hentry"],"_links":{"self":[{"href":"https:\/\/transferpalma.com\/deu\/wp-json\/wp\/v2\/pages\/458","targetHints":{"allow":["GET"]}}],"collection":[{"href":"https:\/\/transferpalma.com\/deu\/wp-json\/wp\/v2\/pages"}],"about":[{"href":"https:\/\/transferpalma.com\/deu\/wp-json\/wp\/v2\/types\/page"}],"author":[{"embeddable":true,"href":"https:\/\/transferpalma.com\/deu\/wp-json\/wp\/v2\/users\/1"}],"replies":[{"embeddable":true,"href":"https:\/\/transferpalma.com\/deu\/wp-json\/wp\/v2\/comments?post=458"}],"version-history":[{"count":4,"href":"https:\/\/transferpalma.com\/deu\/wp-json\/wp\/v2\/pages\/458\/revisions"}],"predecessor-version":[{"id":1284,"href":"https:\/\/transferpalma.com\/deu\/wp-json\/wp\/v2\/pages\/458\/revisions\/1284"}],"wp:attachment":[{"href":"https:\/\/transferpalma.com\/deu\/wp-json\/wp\/v2\/media?parent=458"}],"curies":[{"name":"wp","href":"https:\/\/api.w.org\/{rel}","templated":true}]}}