{"id":424,"date":"2025-05-04T21:50:48","date_gmt":"2025-05-04T21:50:48","guid":{"rendered":"https:\/\/transferpalma.com\/?page_id=424"},"modified":"2025-12-13T19:44:22","modified_gmt":"2025-12-13T19:44:22","slug":"cala-dor","status":"publish","type":"page","link":"https:\/\/transferpalma.com\/deu\/cala-dor\/","title":{"rendered":"Cala d&#8217;or"},"content":{"rendered":"<div data-elementor-type=\"wp-page\" data-elementor-id=\"424\" class=\"elementor elementor-424\" data-elementor-post-type=\"page\">\n\t\t\t\t<div class=\"elementor-element elementor-element-630c591a e-con-full e-flex e-con e-parent\" data-id=\"630c591a\" data-element_type=\"container\">\n\t\t<div class=\"elementor-element elementor-element-49f5d6ae e-con-full e-flex e-con e-child\" data-id=\"49f5d6ae\" data-element_type=\"container\">\n\t\t\t\t<div class=\"elementor-element elementor-element-5425f6b7 elementor-widget__width-inherit elementor-widget elementor-widget-image\" data-id=\"5425f6b7\" data-element_type=\"widget\" data-widget_type=\"image.default\">\n\t\t\t\t<div class=\"elementor-widget-container\">\n\t\t\t\t\t\t\t\t\t\t\t\t\t\t\t<img fetchpriority=\"high\" decoding=\"async\" width=\"1920\" height=\"600\" src=\"https:\/\/transferpalma.com\/wp-content\/uploads\/2025\/05\/banner-calador.jpg\" class=\"attachment-full size-full wp-image-433\" alt=\"\" srcset=\"https:\/\/transferpalma.com\/wp-content\/uploads\/2025\/05\/banner-calador.jpg 1920w, https:\/\/transferpalma.com\/wp-content\/uploads\/2025\/05\/banner-calador-600x188.jpg 600w, https:\/\/transferpalma.com\/wp-content\/uploads\/2025\/05\/banner-calador-300x94.jpg 300w, https:\/\/transferpalma.com\/wp-content\/uploads\/2025\/05\/banner-calador-1024x320.jpg 1024w, https:\/\/transferpalma.com\/wp-content\/uploads\/2025\/05\/banner-calador-768x240.jpg 768w, https:\/\/transferpalma.com\/wp-content\/uploads\/2025\/05\/banner-calador-1536x480.jpg 1536w\" sizes=\"(max-width: 1920px) 100vw, 1920px\" \/>\t\t\t\t\t\t\t\t\t\t\t\t\t\t\t<\/div>\n\t\t\t\t<\/div>\n\t\t\t\t<\/div>\n\t\t<div class=\"elementor-element elementor-element-34e306da e-flex e-con-boxed e-con e-child\" data-id=\"34e306da\" data-element_type=\"container\">\n\t\t\t\t\t<div class=\"e-con-inner\">\n\t\t\t\t<div class=\"elementor-element elementor-element-4da4993f elementor-widget elementor-widget-text-editor\" data-id=\"4da4993f\" data-element_type=\"widget\" data-widget_type=\"text-editor.default\">\n\t\t\t\t<div class=\"elementor-widget-container\">\n\t\t\t\t\t\t\t\t\t<h1 class=\"elementor-heading-title elementor-size-default\" style=\"font-size: 28px; font-weight: 600; color: #1072b5;\">Cala d\u2019Or erwartet Sie<\/h1>\t\t\t\t\t\t\t\t<\/div>\n\t\t\t\t<\/div>\n\t\t\t\t<div class=\"elementor-element elementor-element-2d0f9642 elementor-widget elementor-widget-text-editor\" data-id=\"2d0f9642\" data-element_type=\"widget\" data-widget_type=\"text-editor.default\">\n\t\t\t\t<div class=\"elementor-widget-container\">\n\t\t\t\t\t\t\t\t\t<p><strong>Cala d\u00b4Or\u00a0<\/strong>ist ein sehr beliebter Ferienort an der S\u00fcdostk\u00fcste von Mallorca, s\u00fcdlich von Portocolom und in der N\u00e4he des K\u00fcstenortes Portopetro. Cala d\u2019Or bietet ein umfassendes Urlaubserlebnis mit wundersch\u00f6nen Str\u00e4nden und einem abwechslungsreichen Nachtleben. Dar\u00fcber hinaus k\u00f6nnen Besucher spannende Ausfl\u00fcge unternehmen und die gut erhaltene Natur genie\u00dfen.<\/p><p>Bekannt f\u00fcr seinen Yachthafen entlang der Cala Llonga, ist die K\u00fcste von pinienges\u00e4umten Buchten gepr\u00e4gt, darunter die wichtigste, die Cala Gran. Auf dem Gipfel eines H\u00fcgels im Norden \u00fcberragt die mittelalterliche Castillo de Santueri das Dorf S\u2019Horta und die K\u00fcste. Im S\u00fcdwesten beherbergt der Parque Natural de Mondrag\u00f3 eine gro\u00dfe Vielfalt an Vogelarten, darunter Kormorane und Fischadler.<\/p><p>Die Hauptsaison f\u00fcr Touristen liegt in den warmen Monaten von Juni bis September. Die Fiestas de Santa Mar\u00eda del Mar, die im August stattfinden, sind ein bedeutendes j\u00e4hrliches Ereignis mit einer Prozession durch den gesamten Hafen, Live-Musik und sportlichen Wettk\u00e4mpfen.<\/p>\t\t\t\t\t\t\t\t<\/div>\n\t\t\t\t<\/div>\n\t\t\t\t\t<\/div>\n\t\t\t\t<\/div>\n\t\t\t\t<\/div>\n\t\t<div class=\"elementor-element elementor-element-c48f371 e-flex e-con-boxed e-con e-parent\" data-id=\"c48f371\" data-element_type=\"container\">\n\t\t\t\t\t<div class=\"e-con-inner\">\n\t\t<div class=\"elementor-element elementor-element-13be7f3a e-con-full e-flex e-con e-child\" data-id=\"13be7f3a\" data-element_type=\"container\">\n\t\t<div class=\"elementor-element elementor-element-31e0ecfa e-con-full e-flex e-con e-child\" data-id=\"31e0ecfa\" data-element_type=\"container\">\n\t\t\t\t<div class=\"elementor-element elementor-element-7c2dfd99 elementor-widget elementor-widget-text-editor\" data-id=\"7c2dfd99\" data-element_type=\"widget\" data-widget_type=\"text-editor.default\">\n\t\t\t\t<div class=\"elementor-widget-container\">\n\t\t\t\t\t\t\t\t\t<h2 class=\"elementor-heading-title elementor-size-default\" style=\"font-size: 24px; font-weight: 600\">Wo sollte man in Cala D\u2019or \u00fcbernachten?<\/h2>\t\t\t\t\t\t\t\t<\/div>\n\t\t\t\t<\/div>\n\t\t\t\t<\/div>\n\t\t<div class=\"elementor-element elementor-element-63a5b34e e-con-full e-flex e-con e-child\" data-id=\"63a5b34e\" data-element_type=\"container\">\n\t\t\t\t<div class=\"elementor-element elementor-element-6f261b17 elementor-widget elementor-widget-text-editor\" data-id=\"6f261b17\" data-element_type=\"widget\" data-widget_type=\"text-editor.default\">\n\t\t\t\t<div class=\"elementor-widget-container\">\n\t\t\t\t\t\t\t\t\t<ul><li>Hotel Palia Puert del Sol \u2605 \u2605 \u2605<\/li><li>Hotel Cala d&#8217;OR \u2605 \u2605 \u2605 \u2605<\/li><li>Wohnanlage<\/li><li>Marina D&#8217;OR II \u2605 \u2605 \u2605 \u2605<\/li><li>Hotel Rupit \u2605 \u2605 \u2605<\/li><li>Prinsotel Alba Hotel Apartamentos \u2605 \u2605 \u2605 \u2605<\/li><li>Meli\u00e1 Cala d&#8217;Or Boutique Hotel \u2605 \u2605 \u2605 \u2605 \u2605<\/li><li>Blue Sea Club Martha&#8217;s \u2605 \u2605 \u2605 \u2605<\/li><li>Barcel\u00f3 Ponent Playa \u2605 \u2605 \u2605<\/li><li>Sol Cala d&#8217;OR Apartamentos \u2605 \u2605 \u2605<\/li><li>Hotel Cala D&#8217;OR Gardens \u2605 \u2605 \u2605 \u2605<\/li><li>Alua Soul Mallorca Resort\u00a0\u2605 \u2605 \u2605 \u2605<\/li><\/ul>\t\t\t\t\t\t\t\t<\/div>\n\t\t\t\t<\/div>\n\t\t\t\t<\/div>\n\t\t\t\t<\/div>\n\t\t<div class=\"elementor-element elementor-element-2a4f2a54 e-con-full e-flex e-con e-child\" data-id=\"2a4f2a54\" data-element_type=\"container\">\n\t\t<div class=\"elementor-element elementor-element-170242d1 e-con-full e-flex e-con e-child\" data-id=\"170242d1\" data-element_type=\"container\">\n\t\t\t\t<div class=\"elementor-element elementor-element-50f61f31 elementor-widget elementor-widget-text-editor\" data-id=\"50f61f31\" data-element_type=\"widget\" data-widget_type=\"text-editor.default\">\n\t\t\t\t<div class=\"elementor-widget-container\">\n\t\t\t\t\t\t\t\t\t<h2 class=\"elementor-heading-title elementor-size-default\" style=\"font-size: 24px; font-weight: 600;\">Wo kann man in Cala D\u2019or essen?<\/h2>\t\t\t\t\t\t\t\t<\/div>\n\t\t\t\t<\/div>\n\t\t\t\t<div class=\"elementor-element elementor-element-72024cd8 elementor-widget elementor-widget-image\" data-id=\"72024cd8\" data-element_type=\"widget\" data-widget_type=\"image.default\">\n\t\t\t\t<div class=\"elementor-widget-container\">\n\t\t\t\t\t\t\t\t\t\t\t\t\t\t\t<img decoding=\"async\" width=\"605\" height=\"220\" src=\"https:\/\/transferpalma.com\/wp-content\/uploads\/2025\/05\/dining-lp-1.jpg\" class=\"attachment-large size-large wp-image-444\" alt=\"\" srcset=\"https:\/\/transferpalma.com\/wp-content\/uploads\/2025\/05\/dining-lp-1.jpg 605w, https:\/\/transferpalma.com\/wp-content\/uploads\/2025\/05\/dining-lp-1-600x218.jpg 600w, https:\/\/transferpalma.com\/wp-content\/uploads\/2025\/05\/dining-lp-1-300x109.jpg 300w\" sizes=\"(max-width: 605px) 100vw, 605px\" \/>\t\t\t\t\t\t\t\t\t\t\t\t\t\t\t<\/div>\n\t\t\t\t<\/div>\n\t\t\t\t<\/div>\n\t\t<div class=\"elementor-element elementor-element-79ac2d31 e-con-full e-flex e-con e-child\" data-id=\"79ac2d31\" data-element_type=\"container\">\n\t\t\t\t<div class=\"elementor-element elementor-element-1fd922b6 elementor-widget elementor-widget-text-editor\" data-id=\"1fd922b6\" data-element_type=\"widget\" data-widget_type=\"text-editor.default\">\n\t\t\t\t<div class=\"elementor-widget-container\">\n\t\t\t\t\t\t\t\t\t<ul><li><span class=\"elementor-icon-list-text\">Restaurant R\u00facula del Puerto<\/span><\/li><li><span class=\"elementor-icon-list-text\">Restaurant Port Petit<\/span><\/li><li><span class=\"elementor-icon-list-text\">Restaurant HPC<\/span><\/li><\/ul>\t\t\t\t\t\t\t\t<\/div>\n\t\t\t\t<\/div>\n\t\t\t\t<\/div>\n\t\t\t\t<\/div>\n\t\t\t\t\t<\/div>\n\t\t\t\t<\/div>\n\t\t<div class=\"elementor-element elementor-element-31b9445c e-flex e-con-boxed e-con e-parent\" data-id=\"31b9445c\" data-element_type=\"container\">\n\t\t\t\t\t<div class=\"e-con-inner\">\n\t\t\t\t<div class=\"elementor-element elementor-element-70d6fab0 elementor-widget elementor-widget-text-editor\" data-id=\"70d6fab0\" data-element_type=\"widget\" data-widget_type=\"text-editor.default\">\n\t\t\t\t<div class=\"elementor-widget-container\">\n\t\t\t\t\t\t\t\t\t<h1 class=\"elementor-heading-title elementor-size-default\" style=\"font-size: 28px; font-weight: 600; color: #1072b5;\">Buchen Sie jetzt Ihr Hotel in Cala d\u2019Or<\/h1>\t\t\t\t\t\t\t\t<\/div>\n\t\t\t\t<\/div>\n\t\t\t\t<div class=\"elementor-element elementor-element-338d03c4 elementor-widget elementor-widget-text-editor\" data-id=\"338d03c4\" data-element_type=\"widget\" data-widget_type=\"text-editor.default\">\n\t\t\t\t<div class=\"elementor-widget-container\">\n\t\t\t\t\t\t\t\t\t<p>Wir zeigen Ihnen die Hotels in Cala d\u2019Or, damit Sie Ihren Aufenthalt in Palma de Mallorca zum besten Preis buchen k\u00f6nnen.<\/p>\t\t\t\t\t\t\t\t<\/div>\n\t\t\t\t<\/div>\n\t\t\t\t\t<\/div>\n\t\t\t\t<\/div>\n\t\t<div class=\"elementor-element elementor-element-46608cbb e-flex e-con-boxed e-con e-parent\" data-id=\"46608cbb\" data-element_type=\"container\" data-settings=\"{&quot;background_background&quot;:&quot;classic&quot;}\">\n\t\t\t\t\t<div class=\"e-con-inner\">\n\t\t<div class=\"elementor-element elementor-element-4ebc4c5c e-con-full e-flex e-con e-child\" data-id=\"4ebc4c5c\" data-element_type=\"container\">\n\t\t\t\t<div class=\"elementor-element elementor-element-e746dc1 elementor-widget elementor-widget-text-editor\" data-id=\"e746dc1\" data-element_type=\"widget\" data-widget_type=\"text-editor.default\">\n\t\t\t\t<div class=\"elementor-widget-container\">\n\t\t\t\t\t\t\t\t\t<div class=\"elementor-element elementor-element-64aeb9b6 elementor-view-default elementor-position-top elementor-vertical-align-top elementor-widget elementor-widget-icon-box\" data-id=\"64aeb9b6\" data-element_type=\"widget\" data-widget_type=\"icon-box.default\"><div class=\"elementor-widget-container\"><div class=\"elementor-icon-box-wrapper\"><div class=\"elementor-icon-box-content\"><h3 class=\"elementor-icon-box-title\" style=\"color: #ffffff;\"><strong>Was man in Cala d\u2019Or sehen kann<\/strong><\/h3><\/div><\/div><\/div><\/div><p><strong>Parque Natural de Mondrag\u00f3<br \/><\/strong>Der Park bietet eine abwechslungsreiche Landschaft und zahlreiche Wanderwege entlang von Klippen, D\u00fcnen, Schluchten und Canyons, auf denen man das reiche \u00d6kosystem entdecken kann. Hier treffen zahlreiche Zugvogelarten, Wildblumen und Schmetterlinge sowie eine beeindruckende Flora und Fauna aufeinander. Der gr\u00f6\u00dfte Teil des Gebiets l\u00e4sst sich sowohl zu Fu\u00df als auch mit dem Fahrrad erkunden.<br \/><br \/><br \/><b>Marina de Cala d\u2019Or<br \/><\/b>Einer der bedeutendsten Yachth\u00e4fen an der Ostk\u00fcste Mallorcas, der alle notwendigen nautischen Dienstleistungen f\u00fcr einen angenehmen und erholsamen Aufenthalt bietet.<br \/><br \/><br \/><b>S\u2019Amarador (Beach)<\/b><br \/>Sie wurde zur besten Strand Europas gew\u00e4hlt und ist vom Parque Natural de Mondrag\u00f3 umgeben.<br \/><br \/><br \/><strong>Mirador Talaia de Son Jaumell<br \/><\/strong>Fantasy Park ist ein Freizeitangebot f\u00fcr die ganze Familie, das sowohl Erwachsene als auch Kinder begeistert. Es bietet H\u00fcpfburgen, Sprungbereiche, Auto- und Motorradbahnen sowie elektrische Boote f\u00fcr gemeinsamen Familienspa\u00df.<br \/><br \/><br \/><b>Can Lis<br \/><\/b>Can Lis ist ein Wohnhaus, das der d\u00e4nische Architekt J\u00f8rn Utzon f\u00fcr sich und seine Frau Lis in der N\u00e4he von Portopetro auf Mallorca errichtete. Das 1971 fertiggestellte Geb\u00e4ude besteht aus vier separaten Bauk\u00f6rpern, die durch Mauern und Innenh\u00f6fe miteinander verbunden sind.<\/p>\t\t\t\t\t\t\t\t<\/div>\n\t\t\t\t<\/div>\n\t\t\t\t<\/div>\n\t\t\t\t\t<\/div>\n\t\t\t\t<\/div>\n\t\t\t\t<\/div>","protected":false},"excerpt":{"rendered":"<p>Cala d&#8217;or te espera Cala d\u00b4Or\u00a0(la cala de oro) es un complejo tur\u00edstico muy popular situado en la costa sudeste de Mallorca, al sur de Portocolom y cerca del pueblo costero de Portopetro. En Cala d\u00b4Or es posible disfrutar de una experiencia vacacional completa, puesto que cuenta con bonitas playas y una variada vida nocturna. [&hellip;]<\/p>","protected":false},"author":1,"featured_media":0,"parent":0,"menu_order":0,"comment_status":"closed","ping_status":"closed","template":"elementor_header_footer","meta":{"_eb_attr":"","footnotes":""},"class_list":["post-424","page","type-page","status-publish","hentry"],"_links":{"self":[{"href":"https:\/\/transferpalma.com\/deu\/wp-json\/wp\/v2\/pages\/424","targetHints":{"allow":["GET"]}}],"collection":[{"href":"https:\/\/transferpalma.com\/deu\/wp-json\/wp\/v2\/pages"}],"about":[{"href":"https:\/\/transferpalma.com\/deu\/wp-json\/wp\/v2\/types\/page"}],"author":[{"embeddable":true,"href":"https:\/\/transferpalma.com\/deu\/wp-json\/wp\/v2\/users\/1"}],"replies":[{"embeddable":true,"href":"https:\/\/transferpalma.com\/deu\/wp-json\/wp\/v2\/comments?post=424"}],"version-history":[{"count":7,"href":"https:\/\/transferpalma.com\/deu\/wp-json\/wp\/v2\/pages\/424\/revisions"}],"predecessor-version":[{"id":1305,"href":"https:\/\/transferpalma.com\/deu\/wp-json\/wp\/v2\/pages\/424\/revisions\/1305"}],"wp:attachment":[{"href":"https:\/\/transferpalma.com\/deu\/wp-json\/wp\/v2\/media?parent=424"}],"curies":[{"name":"wp","href":"https:\/\/api.w.org\/{rel}","templated":true}]}}