{"id":12,"date":"2025-03-13T01:37:13","date_gmt":"2025-03-13T01:37:13","guid":{"rendered":"https:\/\/transferpalma.com\/?page_id=12"},"modified":"2026-01-08T21:42:22","modified_gmt":"2026-01-08T21:42:22","slug":"home","status":"publish","type":"page","link":"https:\/\/transferpalma.com\/deu\/","title":{"rendered":"Home"},"content":{"rendered":"<div data-elementor-type=\"wp-page\" data-elementor-id=\"12\" class=\"elementor elementor-12\" data-elementor-post-type=\"page\">\n\t\t\t\t<div class=\"elementor-element elementor-element-4d0545e e-flex e-con-boxed e-con e-parent\" data-id=\"4d0545e\" data-element_type=\"container\" data-settings=\"{&quot;background_background&quot;:&quot;classic&quot;}\">\n\t\t\t\t\t<div class=\"e-con-inner\">\n\t\t\t\t<div class=\"elementor-element elementor-element-ec08231 elementor-headline--style-highlight elementor-widget elementor-widget-animated-headline\" data-id=\"ec08231\" data-element_type=\"widget\" data-settings=\"{&quot;highlighted_text&quot;:&quot;viaje&quot;,&quot;marker&quot;:&quot;underline&quot;,&quot;headline_style&quot;:&quot;highlight&quot;,&quot;loop&quot;:&quot;yes&quot;,&quot;highlight_animation_duration&quot;:1200,&quot;highlight_iteration_delay&quot;:8000}\" data-widget_type=\"animated-headline.default\">\n\t\t\t\t<div class=\"elementor-widget-container\">\n\t\t\t\t\t\t\t<h3 class=\"elementor-headline\">\n\t\t\t\t\t<span class=\"elementor-headline-plain-text elementor-headline-text-wrapper\">Hier beginnt Ihre<\/span>\n\t\t\t\t<span class=\"elementor-headline-dynamic-wrapper elementor-headline-text-wrapper\">\n\t\t\t\t\t<span class=\"elementor-headline-dynamic-text elementor-headline-text-active\">Reise<\/span>\n\t\t\t\t<\/span>\n\t\t\t\t<\/h3>\n\t\t\t\t\t\t<\/div>\n\t\t\t\t<\/div>\n\t\t<div class=\"elementor-element elementor-element-f0cdc0a e-con-full e-flex e-con e-child\" data-id=\"f0cdc0a\" data-element_type=\"container\" data-settings=\"{&quot;background_background&quot;:&quot;classic&quot;}\">\n\t\t\t\t<div class=\"elementor-element elementor-element-46cf14b ccp-form-1 elementor-widget elementor-widget-stm_calc\" data-id=\"46cf14b\" data-element_type=\"widget\" id=\"ccp-form-1\" data-widget_type=\"stm_calc.default\">\n\t\t\t\t<div class=\"elementor-widget-container\">\n\t\t\t\t\t<script type=\"text\/javascript\">window[\"ccb_front_template_1083\"] = [];<\/script>\n<div class=\"ccb-main-widget\" id=\"ccb_app_1083\" data-calc-id=\"1083\"><\/div>\n\t\t\t\t<\/div>\n\t\t\t\t<\/div>\n\t\t\t\t<div class=\"elementor-element elementor-element-72bf380 ccp-form-2 elementor-widget elementor-widget-stm_calc\" data-id=\"72bf380\" data-element_type=\"widget\" id=\"ccp-form-2\" data-widget_type=\"stm_calc.default\">\n\t\t\t\t<div class=\"elementor-widget-container\">\n\t\t\t\t\t<script type=\"text\/javascript\">window[\"ccb_front_template_1393\"] = [];<\/script>\n<div class=\"ccb-main-widget\" id=\"ccb_app_1393\" data-calc-id=\"1393\"><\/div>\n\t\t\t\t<\/div>\n\t\t\t\t<\/div>\n\t\t\t\t<div class=\"elementor-element elementor-element-cc60aa4 ccp-form-3 elementor-widget elementor-widget-stm_calc\" data-id=\"cc60aa4\" data-element_type=\"widget\" id=\"ccp-form-3\" data-widget_type=\"stm_calc.default\">\n\t\t\t\t<div class=\"elementor-widget-container\">\n\t\t\t\t\t<script type=\"text\/javascript\">window[\"ccb_front_template_1403\"] = [];<\/script>\n<div class=\"ccb-main-widget\" id=\"ccb_app_1403\" data-calc-id=\"1403\"><\/div>\n\t\t\t\t<\/div>\n\t\t\t\t<\/div>\n\t\t\t\t<\/div>\n\t\t\t\t\t<\/div>\n\t\t\t\t<\/div>\n\t\t<div class=\"elementor-element elementor-element-d34cc1b e-flex e-con-boxed e-con e-parent\" data-id=\"d34cc1b\" data-element_type=\"container\">\n\t\t\t\t\t<div class=\"e-con-inner\">\n\t\t\t\t<div class=\"elementor-element elementor-element-c03ff8b elementor-widget elementor-widget-text-editor\" data-id=\"c03ff8b\" data-element_type=\"widget\" data-widget_type=\"text-editor.default\">\n\t\t\t\t<div class=\"elementor-widget-container\">\n\t\t\t\t\t\t\t\t\t<h1 class=\"elementor-heading-title elementor-size-default\" style=\"font-size: 28px; font-weight: 600; color: #1072b5;\">Wir k\u00fcmmern uns um Ihren Transfer auf Mallorca<\/h1>\t\t\t\t\t\t\t\t<\/div>\n\t\t\t\t<\/div>\n\t\t\t\t<div class=\"elementor-element elementor-element-2135886 elementor-widget elementor-widget-text-editor\" data-id=\"2135886\" data-element_type=\"widget\" data-widget_type=\"text-editor.default\">\n\t\t\t\t<div class=\"elementor-widget-container\">\n\t\t\t\t\t\t\t\t\t<p style=\"text-align: center;\"><strong><em>Erfahrung, Seriosit\u00e4t und pers\u00f6nliche Betreuung bei jedem Transfer.<\/em><\/strong><\/p><p style=\"text-align: center;\">Auf Mallorca garantiert Transfer Palma einen zuverl\u00e4ssigen privaten Transport mit p\u00fcnktlichem Service, der individuell auf jeden Kunden abgestimmt ist. Ideal f\u00fcr Touristen, Familien, Gruppen und Reiseveranstalter, die Effizienz und Flexibilit\u00e4t suchen.<\/p>\t\t\t\t\t\t\t\t<\/div>\n\t\t\t\t<\/div>\n\t\t\t\t\t<\/div>\n\t\t\t\t<\/div>\n\t\t<div class=\"elementor-element elementor-element-16c0f4a e-flex e-con-boxed e-con e-parent\" data-id=\"16c0f4a\" data-element_type=\"container\">\n\t\t\t\t\t<div class=\"e-con-inner\">\n\t\t<div class=\"elementor-element elementor-element-4a26154 e-con-full e-flex e-con e-child\" data-id=\"4a26154\" data-element_type=\"container\">\n\t\t\t\t<div class=\"elementor-element elementor-element-05301cb elementor-widget elementor-widget-image\" data-id=\"05301cb\" data-element_type=\"widget\" data-widget_type=\"image.default\">\n\t\t\t\t<div class=\"elementor-widget-container\">\n\t\t\t\t\t\t\t\t\t\t\t\t\t\t\t<img fetchpriority=\"high\" decoding=\"async\" width=\"600\" height=\"300\" src=\"https:\/\/transferpalma.com\/wp-content\/uploads\/2025\/04\/1.jpg\" class=\"attachment-large size-large wp-image-114\" alt=\"\" srcset=\"https:\/\/transferpalma.com\/wp-content\/uploads\/2025\/04\/1.jpg 600w, https:\/\/transferpalma.com\/wp-content\/uploads\/2025\/04\/1-300x150.jpg 300w\" sizes=\"(max-width: 600px) 100vw, 600px\" \/>\t\t\t\t\t\t\t\t\t\t\t\t\t\t\t<\/div>\n\t\t\t\t<\/div>\n\t\t\t\t<div class=\"elementor-element elementor-element-c108951 elementor-widget elementor-widget-text-editor\" data-id=\"c108951\" data-element_type=\"widget\" data-widget_type=\"text-editor.default\">\n\t\t\t\t<div class=\"elementor-widget-container\">\n\t\t\t\t\t\t\t\t\t<div class=\"elementor-element elementor-element-7125580 elementor-widget elementor-widget-heading\" data-id=\"7125580\" data-element_type=\"widget\" data-widget_type=\"heading.default\"><div class=\"elementor-widget-container\"><h3 class=\"elementor-heading-title elementor-size-default\" style=\"font-size: 20px; color: #1072b5; text-align: justify;\">Transfers<\/h3><\/div><\/div>\t\t\t\t\t\t\t\t<\/div>\n\t\t\t\t<\/div>\n\t\t\t\t<div class=\"elementor-element elementor-element-0e6c319 elementor-widget elementor-widget-text-editor\" data-id=\"0e6c319\" data-element_type=\"widget\" data-widget_type=\"text-editor.default\">\n\t\t\t\t<div class=\"elementor-widget-container\">\n\t\t\t\t\t\t\t\t\t<div class=\"elementor-element elementor-element-3de82a7 elementor-widget elementor-widget-text-editor\" data-id=\"3de82a7\" data-element_type=\"widget\" data-widget_type=\"text-editor.default\"><div class=\"elementor-widget-container\"><div class=\"elementor-text-editor elementor-clearfix\" style=\"text-align: justify;\"><p>Es werden Transfers von und zu Flugh\u00e4fen, H\u00e4fen, Hotels sowie zu jedem gew\u00fcnschten Ziel angeboten. Dar\u00fcber hinaus umfasst der Service Ausfl\u00fcge, Exkursionen, Strandbesuche, touristische Rundfahrten sowie Transfers zu Nachtlebenbereichen wie Diskotheken und besonderen Veranstaltungen. Der Service wird individuell an die Bed\u00fcrfnisse jedes Kunden angepasst, ob Einzelreisende, Familien, Gruppen oder Reiseveranstalter. P\u00fcnktlichkeit, Sicherheit und Flexibilit\u00e4t garantieren ein reibungsloses und sorgenfreies Reiseerlebnis.<\/p><\/div><\/div><\/div>\t\t\t\t\t\t\t\t<\/div>\n\t\t\t\t<\/div>\n\t\t\t\t<\/div>\n\t\t<div class=\"elementor-element elementor-element-dfd9ea2 e-con-full e-flex e-con e-child\" data-id=\"dfd9ea2\" data-element_type=\"container\">\n\t\t\t\t<div class=\"elementor-element elementor-element-47d76b2 elementor-widget elementor-widget-image\" data-id=\"47d76b2\" data-element_type=\"widget\" data-widget_type=\"image.default\">\n\t\t\t\t<div class=\"elementor-widget-container\">\n\t\t\t\t\t\t\t\t\t\t\t\t\t\t\t<img decoding=\"async\" width=\"600\" height=\"300\" src=\"https:\/\/transferpalma.com\/wp-content\/uploads\/2025\/04\/2.jpg\" class=\"attachment-large size-large wp-image-116\" alt=\"\" srcset=\"https:\/\/transferpalma.com\/wp-content\/uploads\/2025\/04\/2.jpg 600w, https:\/\/transferpalma.com\/wp-content\/uploads\/2025\/04\/2-300x150.jpg 300w\" sizes=\"(max-width: 600px) 100vw, 600px\" \/>\t\t\t\t\t\t\t\t\t\t\t\t\t\t\t<\/div>\n\t\t\t\t<\/div>\n\t\t\t\t<div class=\"elementor-element elementor-element-74d497d elementor-widget elementor-widget-text-editor\" data-id=\"74d497d\" data-element_type=\"widget\" data-widget_type=\"text-editor.default\">\n\t\t\t\t<div class=\"elementor-widget-container\">\n\t\t\t\t\t\t\t\t\t<div class=\"elementor-element elementor-element-7125580 elementor-widget elementor-widget-heading\" data-id=\"7125580\" data-element_type=\"widget\" data-widget_type=\"heading.default\"><div class=\"elementor-widget-container\"><h3 class=\"elementor-heading-title elementor-size-default\" style=\"font-size: 20px; color: #1072b5; text-align: justify;\">Mallorca-Ausflug<\/h3><\/div><\/div>\t\t\t\t\t\t\t\t<\/div>\n\t\t\t\t<\/div>\n\t\t\t\t<div class=\"elementor-element elementor-element-97c1af4 elementor-widget elementor-widget-text-editor\" data-id=\"97c1af4\" data-element_type=\"widget\" data-widget_type=\"text-editor.default\">\n\t\t\t\t<div class=\"elementor-widget-container\">\n\t\t\t\t\t\t\t\t\t<div class=\"elementor-element elementor-element-3de82a7 elementor-widget elementor-widget-text-editor\" data-id=\"3de82a7\" data-element_type=\"widget\" data-widget_type=\"text-editor.default\"><div class=\"elementor-widget-container\"><div class=\"elementor-text-editor elementor-clearfix\" style=\"text-align: justify;\"><p>Transfer Palma bietet private Transportdienstleistungen auf Mallorca f\u00fcr Ank\u00fcnfte, Abfahrten und Fahrten innerhalb der Insel an. Vom Palma de Mallorca Airport ist das Stadtzentrum in etwa 15 Minuten erreichbar. Das Unternehmen f\u00fchrt Transfers zu jedem Ziel auf Mallorca durch, einschlie\u00dflich der wichtigsten touristischen Destinationen wie Alc\u00fadia, Pollen\u00e7a, S\u00f3ller, Valldemossa, Dei\u00e0, Magaluf, Santa Ponsa, Cala d\u2019Or, Cala Millor und Portocolom.<\/p><\/div><\/div><\/div>\t\t\t\t\t\t\t\t<\/div>\n\t\t\t\t<\/div>\n\t\t\t\t<\/div>\n\t\t<div class=\"elementor-element elementor-element-15f0e3e e-con-full e-flex e-con e-child\" data-id=\"15f0e3e\" data-element_type=\"container\">\n\t\t\t\t<div class=\"elementor-element elementor-element-2fdd5f5 elementor-widget elementor-widget-image\" data-id=\"2fdd5f5\" data-element_type=\"widget\" data-widget_type=\"image.default\">\n\t\t\t\t<div class=\"elementor-widget-container\">\n\t\t\t\t\t\t\t\t\t\t\t\t\t\t\t<img decoding=\"async\" width=\"600\" height=\"300\" src=\"https:\/\/transferpalma.com\/wp-content\/uploads\/2025\/04\/3.jpg\" class=\"attachment-large size-large wp-image-121\" alt=\"\" srcset=\"https:\/\/transferpalma.com\/wp-content\/uploads\/2025\/04\/3.jpg 600w, https:\/\/transferpalma.com\/wp-content\/uploads\/2025\/04\/3-300x150.jpg 300w\" sizes=\"(max-width: 600px) 100vw, 600px\" \/>\t\t\t\t\t\t\t\t\t\t\t\t\t\t\t<\/div>\n\t\t\t\t<\/div>\n\t\t\t\t<div class=\"elementor-element elementor-element-64e558b elementor-widget elementor-widget-text-editor\" data-id=\"64e558b\" data-element_type=\"widget\" data-widget_type=\"text-editor.default\">\n\t\t\t\t<div class=\"elementor-widget-container\">\n\t\t\t\t\t\t\t\t\t<div class=\"elementor-element elementor-element-7125580 elementor-widget elementor-widget-heading\" data-id=\"7125580\" data-element_type=\"widget\" data-widget_type=\"heading.default\"><div class=\"elementor-widget-container\"><h3 class=\"elementor-heading-title elementor-size-default\" style=\"font-size: 20px; color: #1072b5; text-align: justify;\">Kontakt<\/h3><\/div><\/div>\t\t\t\t\t\t\t\t<\/div>\n\t\t\t\t<\/div>\n\t\t\t\t<div class=\"elementor-element elementor-element-6713ba5 elementor-widget elementor-widget-text-editor\" data-id=\"6713ba5\" data-element_type=\"widget\" data-widget_type=\"text-editor.default\">\n\t\t\t\t<div class=\"elementor-widget-container\">\n\t\t\t\t\t\t\t\t\t<div class=\"elementor-element elementor-element-3de82a7 elementor-widget elementor-widget-text-editor\" data-id=\"3de82a7\" data-element_type=\"widget\" data-widget_type=\"text-editor.default\"><div class=\"elementor-widget-container\"><div class=\"elementor-text-editor elementor-clearfix\" style=\"text-align: justify;\">Mallorca bietet einige der sch\u00f6nsten und malerischsten Orte, die man sich vorstellen kann, mit beeindruckenden Landschaften, in denen man sich verlieren und all ihren Charme genie\u00dfen kann. Um diese Ziele zu erreichen, ist Transfer Palma Ihr zuverl\u00e4ssiger Anbieter f\u00fcr private Transfers. Planen Sie Ihre Route oder lassen Sie sich von uns beraten und kehren Sie mit unvergesslichen Erinnerungen in Ihr Heimatland zur\u00fcck.<\/div><\/div><\/div>\t\t\t\t\t\t\t\t<\/div>\n\t\t\t\t<\/div>\n\t\t\t\t<\/div>\n\t\t\t\t\t<\/div>\n\t\t\t\t<\/div>\n\t\t<div class=\"elementor-element elementor-element-4d2ae2e e-flex e-con-boxed e-con e-parent\" data-id=\"4d2ae2e\" data-element_type=\"container\" data-settings=\"{&quot;background_background&quot;:&quot;classic&quot;}\">\n\t\t\t\t\t<div class=\"e-con-inner\">\n\t\t<div class=\"elementor-element elementor-element-90a73f0 e-con-full e-flex e-con e-child\" data-id=\"90a73f0\" data-element_type=\"container\">\n\t\t\t\t<div class=\"elementor-element elementor-element-38fb87c elementor-widget elementor-widget-image\" data-id=\"38fb87c\" data-element_type=\"widget\" data-widget_type=\"image.default\">\n\t\t\t\t<div class=\"elementor-widget-container\">\n\t\t\t\t\t\t\t\t\t\t\t\t\t\t\t<img loading=\"lazy\" decoding=\"async\" width=\"300\" height=\"105\" src=\"https:\/\/transferpalma.com\/wp-content\/uploads\/2025\/04\/Logo-grande-300x105.png\" class=\"attachment-medium size-medium wp-image-143\" alt=\"\" srcset=\"https:\/\/transferpalma.com\/wp-content\/uploads\/2025\/04\/Logo-grande-300x105.png 300w, https:\/\/transferpalma.com\/wp-content\/uploads\/2025\/04\/Logo-grande-600x210.png 600w, https:\/\/transferpalma.com\/wp-content\/uploads\/2025\/04\/Logo-grande-768x269.png 768w, https:\/\/transferpalma.com\/wp-content\/uploads\/2025\/04\/Logo-grande.png 800w\" sizes=\"(max-width: 300px) 100vw, 300px\" \/>\t\t\t\t\t\t\t\t\t\t\t\t\t\t\t<\/div>\n\t\t\t\t<\/div>\n\t\t\t\t<\/div>\n\t\t<div class=\"elementor-element elementor-element-1f20736 e-con-full e-flex e-con e-child\" data-id=\"1f20736\" data-element_type=\"container\">\n\t\t\t\t<div class=\"elementor-element elementor-element-d29151e elementor-widget elementor-widget-text-editor\" data-id=\"d29151e\" data-element_type=\"widget\" data-widget_type=\"text-editor.default\">\n\t\t\t\t<div class=\"elementor-widget-container\">\n\t\t\t\t\t\t\t\t\t<h3><strong>Unser Ziel<\/strong><\/h3><p style=\"color: #ffffff;\">Transfer Palma bietet einen exklusiven Transferservice zwischen dem Palma de Mallorca Airport oder dem Hafen von Palma de Mallorca und Ihrer Unterkunft an. So vermeiden Sie unn\u00f6tige Wartezeiten und Ihre Urlaubsreise beginnt und endet in v\u00f6lliger Ruhe und Sicherheit.<\/p><p>Wir verf\u00fcgen \u00fcber eine Flotte von Minibussen und Reisebussen mit professionellen Fahrern, die \u00fcber umfangreiche Erfahrung im Personentransport in Palma de Mallorca verf\u00fcgen und h\u00f6chste Sicherheit sowie maximalen Komfort garantieren.<\/p>\t\t\t\t\t\t\t\t<\/div>\n\t\t\t\t<\/div>\n\t\t\t\t<\/div>\n\t\t\t\t\t<\/div>\n\t\t\t\t<\/div>\n\t\t<div class=\"elementor-element elementor-element-82cfa45 e-flex e-con-boxed e-con e-parent\" data-id=\"82cfa45\" data-element_type=\"container\">\n\t\t\t\t\t<div class=\"e-con-inner\">\n\t\t<div class=\"elementor-element elementor-element-6e30d72 e-con-full e-flex e-con e-child\" data-id=\"6e30d72\" data-element_type=\"container\">\n\t\t\t\t<div class=\"elementor-element elementor-element-d2c2367 elementor-widget elementor-widget-image\" data-id=\"d2c2367\" data-element_type=\"widget\" data-widget_type=\"image.default\">\n\t\t\t\t<div class=\"elementor-widget-container\">\n\t\t\t\t\t\t\t\t\t\t\t\t\t\t\t<img loading=\"lazy\" decoding=\"async\" width=\"800\" height=\"520\" src=\"https:\/\/transferpalma.com\/wp-content\/uploads\/2025\/04\/traveling.jpg\" class=\"attachment-large size-large wp-image-149\" alt=\"\" srcset=\"https:\/\/transferpalma.com\/wp-content\/uploads\/2025\/04\/traveling.jpg 1000w, https:\/\/transferpalma.com\/wp-content\/uploads\/2025\/04\/traveling-600x390.jpg 600w, https:\/\/transferpalma.com\/wp-content\/uploads\/2025\/04\/traveling-300x195.jpg 300w, https:\/\/transferpalma.com\/wp-content\/uploads\/2025\/04\/traveling-768x499.jpg 768w\" sizes=\"(max-width: 800px) 100vw, 800px\" \/>\t\t\t\t\t\t\t\t\t\t\t\t\t\t\t<\/div>\n\t\t\t\t<\/div>\n\t\t\t\t<\/div>\n\t\t<div class=\"elementor-element elementor-element-404b1ff e-con-full e-flex e-con e-child\" data-id=\"404b1ff\" data-element_type=\"container\">\n\t\t<div class=\"elementor-element elementor-element-8b86bb1 e-con-full e-flex e-con e-child\" data-id=\"8b86bb1\" data-element_type=\"container\">\n\t\t<div class=\"elementor-element elementor-element-f68d90d e-con-full e-flex e-con e-child\" data-id=\"f68d90d\" data-element_type=\"container\">\n\t\t\t\t<div class=\"elementor-element elementor-element-d1bd355 elementor-widget elementor-widget-image\" data-id=\"d1bd355\" data-element_type=\"widget\" data-widget_type=\"image.default\">\n\t\t\t\t<div class=\"elementor-widget-container\">\n\t\t\t\t\t\t\t\t\t\t\t\t\t\t\t<img loading=\"lazy\" decoding=\"async\" width=\"150\" height=\"150\" src=\"https:\/\/transferpalma.com\/wp-content\/uploads\/2025\/04\/escudo-150x150.png\" class=\"attachment-thumbnail size-thumbnail wp-image-163\" alt=\"\" srcset=\"https:\/\/transferpalma.com\/wp-content\/uploads\/2025\/04\/escudo-150x150.png 150w, https:\/\/transferpalma.com\/wp-content\/uploads\/2025\/04\/escudo-100x100.png 100w, https:\/\/transferpalma.com\/wp-content\/uploads\/2025\/04\/escudo.png 200w\" sizes=\"(max-width: 150px) 100vw, 150px\" \/>\t\t\t\t\t\t\t\t\t\t\t\t\t\t\t<\/div>\n\t\t\t\t<\/div>\n\t\t\t\t<\/div>\n\t\t\t\t<div class=\"elementor-element elementor-element-a265f30 elementor-widget elementor-widget-text-editor\" data-id=\"a265f30\" data-element_type=\"widget\" data-widget_type=\"text-editor.default\">\n\t\t\t\t<div class=\"elementor-widget-container\">\n\t\t\t\t\t\t\t\t\t<div class=\"elementor-element elementor-element-9c5d853 elementor-widget elementor-widget-heading\" data-id=\"9c5d853\" data-element_type=\"widget\" data-widget_type=\"heading.default\">\n<div class=\"elementor-widget-container\">\n<h3 class=\"elementor-heading-title elementor-size-default\" style=\"font-size: 20px; color: #1072b5;\">Sicherheit<\/h3>\n<\/div>\n<\/div>\n<div class=\"elementor-element elementor-element-59c27ea elementor-widget elementor-widget-text-editor\" data-id=\"59c27ea\" data-element_type=\"widget\" data-widget_type=\"text-editor.default\">\n<div class=\"elementor-widget-container\">\n<div class=\"elementor-text-editor elementor-clearfix\">\n\n<p style=\"font-size: 16px\">Sicherheit hat f\u00fcr uns h\u00f6chste Priorit\u00e4t, damit Sie jeden Transfer in v\u00f6lliger Ruhe genie\u00dfen k\u00f6nnen.<\/p>\n\n<\/div>\n<\/div>\n<\/div>\t\t\t\t\t\t\t\t<\/div>\n\t\t\t\t<\/div>\n\t\t\t\t<\/div>\n\t\t<div class=\"elementor-element elementor-element-e832013 e-con-full e-flex e-con e-child\" data-id=\"e832013\" data-element_type=\"container\">\n\t\t<div class=\"elementor-element elementor-element-9d4ce7a e-con-full e-flex e-con e-child\" data-id=\"9d4ce7a\" data-element_type=\"container\">\n\t\t\t\t<div class=\"elementor-element elementor-element-258b8ea elementor-widget elementor-widget-image\" data-id=\"258b8ea\" data-element_type=\"widget\" data-widget_type=\"image.default\">\n\t\t\t\t<div class=\"elementor-widget-container\">\n\t\t\t\t\t\t\t\t\t\t\t\t\t\t\t<img loading=\"lazy\" decoding=\"async\" width=\"150\" height=\"150\" src=\"https:\/\/transferpalma.com\/wp-content\/uploads\/2025\/04\/Smile-150x150.png\" class=\"attachment-thumbnail size-thumbnail wp-image-165\" alt=\"\" srcset=\"https:\/\/transferpalma.com\/wp-content\/uploads\/2025\/04\/Smile-150x150.png 150w, https:\/\/transferpalma.com\/wp-content\/uploads\/2025\/04\/Smile-100x100.png 100w, https:\/\/transferpalma.com\/wp-content\/uploads\/2025\/04\/Smile.png 200w\" sizes=\"(max-width: 150px) 100vw, 150px\" \/>\t\t\t\t\t\t\t\t\t\t\t\t\t\t\t<\/div>\n\t\t\t\t<\/div>\n\t\t\t\t<\/div>\n\t\t\t\t<div class=\"elementor-element elementor-element-55947fd elementor-widget elementor-widget-text-editor\" data-id=\"55947fd\" data-element_type=\"widget\" data-widget_type=\"text-editor.default\">\n\t\t\t\t<div class=\"elementor-widget-container\">\n\t\t\t\t\t\t\t\t\t<div class=\"elementor-element elementor-element-9c5d853 elementor-widget elementor-widget-heading\" data-id=\"9c5d853\" data-element_type=\"widget\" data-widget_type=\"heading.default\">\n<div class=\"elementor-widget-container\">\n<div class=\"elementor-element elementor-element-527d327 elementor-widget elementor-widget-heading\" data-id=\"527d327\" data-element_type=\"widget\" data-widget_type=\"heading.default\">\n<div class=\"elementor-widget-container\">\n<h3 class=\"elementor-heading-title elementor-size-default\" style=\"font-size: 20px; color: #1072b5;\">Komfort<\/h3>\n<\/div>\n<\/div>\n<div class=\"elementor-element elementor-element-ffbec57 elementor-widget elementor-widget-text-editor\" data-id=\"ffbec57\" data-element_type=\"widget\" data-widget_type=\"text-editor.default\">\n<div class=\"elementor-widget-container\">\n<div class=\"elementor-text-editor elementor-clearfix\">\n\n<p style=\"font-size: 16px\">Komfort ist entscheidend, damit das Erkunden der wundersch\u00f6nen Insel Mallorca zu einer der sch\u00f6nsten Erinnerungen wird, die man mit nach Hause nimmt.<\/p>\n\n<\/div>\n<\/div>\n<\/div>\n<\/div>\n<\/div>\t\t\t\t\t\t\t\t<\/div>\n\t\t\t\t<\/div>\n\t\t\t\t<\/div>\n\t\t<div class=\"elementor-element elementor-element-0b3b86f e-con-full e-flex e-con e-child\" data-id=\"0b3b86f\" data-element_type=\"container\">\n\t\t<div class=\"elementor-element elementor-element-a057fdf e-con-full e-flex e-con e-child\" data-id=\"a057fdf\" data-element_type=\"container\">\n\t\t\t\t<div class=\"elementor-element elementor-element-80fed05 elementor-widget elementor-widget-image\" data-id=\"80fed05\" data-element_type=\"widget\" data-widget_type=\"image.default\">\n\t\t\t\t<div class=\"elementor-widget-container\">\n\t\t\t\t\t\t\t\t\t\t\t\t\t\t\t<img decoding=\"async\" src=\"https:\/\/transferpalma.com\/wp-content\/uploads\/elementor\/thumbs\/Maletas-r3vdebdax4lqp22rl6iepumme1y3b7fatcrxhvdoxg.png\" title=\"Maletas\" alt=\"Maletas\" loading=\"lazy\" \/>\t\t\t\t\t\t\t\t\t\t\t\t\t\t\t<\/div>\n\t\t\t\t<\/div>\n\t\t\t\t<\/div>\n\t\t\t\t<div class=\"elementor-element elementor-element-a72d050 elementor-widget elementor-widget-text-editor\" data-id=\"a72d050\" data-element_type=\"widget\" data-widget_type=\"text-editor.default\">\n\t\t\t\t<div class=\"elementor-widget-container\">\n\t\t\t\t\t\t\t\t\t<div class=\"elementor-element elementor-element-9c5d853 elementor-widget elementor-widget-heading\" data-id=\"9c5d853\" data-element_type=\"widget\" data-widget_type=\"heading.default\">\n<div class=\"elementor-widget-container\">\n<div class=\"elementor-element elementor-element-527d327 elementor-widget elementor-widget-heading\" data-id=\"527d327\" data-element_type=\"widget\" data-widget_type=\"heading.default\">\n<div class=\"elementor-widget-container\">\n<h3 style=\"font-size: 20px; color: #1072b5\" class=\"elementor-heading-title elementor-size-default\">Kapazit\u00e4t<\/h3>\n<\/div>\n<\/div>\n<div class=\"elementor-element elementor-element-ffbec57 elementor-widget elementor-widget-text-editor\" data-id=\"ffbec57\" data-element_type=\"widget\" data-widget_type=\"text-editor.default\">\n<div class=\"elementor-widget-container\">\n<div class=\"elementor-text-editor elementor-clearfix\">\n\n<p style=\"font-size: 16px\">Unsere Fahrzeuge verf\u00fcgen \u00fcber ausreichend Kapazit\u00e4t, um die Fahrg\u00e4ste zusammen mit ihrem Gep\u00e4ck komfortabel zu transportieren, das sicher und ordentlich verstaut wird.<\/p>\n\n<\/div>\n<\/div>\n<\/div>\n<\/div>\n<\/div>\t\t\t\t\t\t\t\t<\/div>\n\t\t\t\t<\/div>\n\t\t\t\t<\/div>\n\t\t\t\t<\/div>\n\t\t\t\t\t<\/div>\n\t\t\t\t<\/div>\n\t\t\t\t<\/div>","protected":false},"excerpt":{"rendered":"<p>Aqu\u00ed arranca tu viaje Nos encargamos de tu traslado a Mallorca Experiencia, seriedad y atenci\u00f3n personalizada en cada traslado. En Mallorca, Transfer Palma garantiza un transporte privado confiable, con atenci\u00f3n puntual y adaptada a cada cliente. Ideal para turistas, familias, grupos y touroperadores que buscan eficiencia y flexibilidad. Traslados Se realizan traslados desde y hacia [&hellip;]<\/p>","protected":false},"author":1,"featured_media":0,"parent":0,"menu_order":0,"comment_status":"closed","ping_status":"closed","template":"elementor_header_footer","meta":{"_eb_attr":"","footnotes":""},"class_list":["post-12","page","type-page","status-publish","hentry"],"_links":{"self":[{"href":"https:\/\/transferpalma.com\/deu\/wp-json\/wp\/v2\/pages\/12","targetHints":{"allow":["GET"]}}],"collection":[{"href":"https:\/\/transferpalma.com\/deu\/wp-json\/wp\/v2\/pages"}],"about":[{"href":"https:\/\/transferpalma.com\/deu\/wp-json\/wp\/v2\/types\/page"}],"author":[{"embeddable":true,"href":"https:\/\/transferpalma.com\/deu\/wp-json\/wp\/v2\/users\/1"}],"replies":[{"embeddable":true,"href":"https:\/\/transferpalma.com\/deu\/wp-json\/wp\/v2\/comments?post=12"}],"version-history":[{"count":91,"href":"https:\/\/transferpalma.com\/deu\/wp-json\/wp\/v2\/pages\/12\/revisions"}],"predecessor-version":[{"id":1409,"href":"https:\/\/transferpalma.com\/deu\/wp-json\/wp\/v2\/pages\/12\/revisions\/1409"}],"wp:attachment":[{"href":"https:\/\/transferpalma.com\/deu\/wp-json\/wp\/v2\/media?parent=12"}],"curies":[{"name":"wp","href":"https:\/\/api.w.org\/{rel}","templated":true}]}}